{"id":2509,"date":"2024-08-01T17:15:54","date_gmt":"2024-08-01T17:15:54","guid":{"rendered":"https:\/\/terramar.tur.ar\/?post_type=product&#038;p=2509"},"modified":"2026-03-30T13:52:11","modified_gmt":"2026-03-30T16:52:11","slug":"vinciguerra-glacier-trekking","status":"publish","type":"product","link":"https:\/\/terramar.tur.ar\/en\/product\/vinciguerra-glacier-trekking\/","title":{"rendered":"Vinciguerra Glacier Trekking"},"content":{"rendered":"<p>Starting the tour from your accommodation in the morning, we head towards the Andorra Valley, the starting point of the trail that will take us to our destination. We will discover different landscapes, such as peat bogs and forests of lenga, \u00f1ires and co\u00edhues. We will continue our journey along the river until we reach the Laguna de los T\u00e9mpanos, which we will border to reach the imposing Vinciguerra Glacier, where we will appreciate the caves and crevasses of this great body of ice.<\/p>\n<p><img fetchpriority=\"high\" decoding=\"async\" class=\"alignnone wp-image-2516 size-full\" src=\"https:\/\/terramar.tur.ar\/wp-content\/uploads\/2024\/08\/Trekking-glaciar-vincinguerra-3-Terramar.jpg\" alt=\"vincinguerra glacier trekking 5\" width=\"1200\" height=\"800\" srcset=\"https:\/\/terramar.tur.ar\/wp-content\/uploads\/2024\/08\/Trekking-glaciar-vincinguerra-3-Terramar.jpg 1200w, https:\/\/terramar.tur.ar\/wp-content\/uploads\/2024\/08\/Trekking-glaciar-vincinguerra-3-Terramar-300x200.jpg 300w, https:\/\/terramar.tur.ar\/wp-content\/uploads\/2024\/08\/Trekking-glaciar-vincinguerra-3-Terramar-1024x683.jpg 1024w, https:\/\/terramar.tur.ar\/wp-content\/uploads\/2024\/08\/Trekking-glaciar-vincinguerra-3-Terramar-768x512.jpg 768w, https:\/\/terramar.tur.ar\/wp-content\/uploads\/2024\/08\/Trekking-glaciar-vincinguerra-3-Terramar-600x400.jpg 600w\" sizes=\"(max-width: 1200px) 100vw, 1200px\" \/><\/p>\n<h3>Important information<\/h3>\n<p>Departure times: 8:30 am. Approx. duration: 8 hours (depending on weather conditions).<br \/>\nDistance covered: approx. 12 km. Difference in altitude: approx. 650 metres.<br \/>\nIncluded: Transfers, guide, box lunch and walking sticks.<\/p>\n<h3>Requirements<\/h3>\n<p>Have experience in trekking and be in good physical condition. No physical ailments.<\/p>\n<p>Clothing: Waterproof trekking shoes, waterproof jacket and trousers, hat, gloves, sunscreen, buff or neckerchief, backpack with a bottle of water.<\/p>\n<p>-Rates valid until 31\/03\/2026. Check availability and rates after that date by mail or Whatsapp.<\/p>","protected":false},"excerpt":{"rendered":"<div class=\"flex flex-grow flex-col max-w-full\">\n<div class=\"min-h-[20px] text-message flex w-full flex-col items-end gap-2 whitespace-pre-wrap break-words [.text-message+&amp;]:mt-5 overflow-x-auto\" dir=\"auto\" data-message-author-role=\"assistant\" data-message-id=\"cd0ff704-6fee-492c-be26-99e4bd4d0cd8\">\n<div class=\"flex w-full flex-col gap-1 empty:hidden first:pt-[3px]\">\n<div class=\"markdown prose w-full break-words dark:prose-invert light\">\n<p>\u00a1Te invitamos a disfrutar de una excursi\u00f3n inolvidable! Comenzaremos desde tu alojamiento por la ma\u00f1ana y nos dirigiremos al hermoso Valle de Andorra. A lo largo del sendero, descubrir\u00e1s paisajes sorprendentes, desde turberas hasta majestuosos bosques de lenga, \u00f1ires y co\u00edhues. Siguiendo el curso del r\u00edo, llegaremos a la impresionante Laguna de los T\u00e9mpanos y finalmente al majestuoso Glaciar Vinciguerra, donde podr\u00e1s maravillarte con sus cuevas y grietas de hielo. \u00a1No te pierdas esta aventura \u00fanica!.<\/p>\n<\/div>\n<\/div>\n<\/div>\n<\/div>\n","protected":false},"featured_media":2514,"comment_status":"open","ping_status":"closed","template":"","meta":[],"product_brand":[],"product_cat":[18,21],"product_tag":[],"class_list":{"0":"post-2509","1":"product","2":"type-product","3":"status-publish","4":"has-post-thumbnail","6":"product_cat-ushuaia","7":"product_cat-verano","9":"first","10":"instock","11":"virtual","12":"sold-individually","13":"taxable","14":"purchasable","15":"product-type-booking"},"booking_location":"","booking_location_type":"","booking_duration":1,"booking_duration_unit":"day","booking_buffer":0,"booking_cost":0,"booking_resources":[],"_links":{"self":[{"href":"https:\/\/terramar.tur.ar\/en\/wp-json\/wp\/v2\/product\/2509","targetHints":{"allow":["GET"]}}],"collection":[{"href":"https:\/\/terramar.tur.ar\/en\/wp-json\/wp\/v2\/product"}],"about":[{"href":"https:\/\/terramar.tur.ar\/en\/wp-json\/wp\/v2\/types\/product"}],"replies":[{"embeddable":true,"href":"https:\/\/terramar.tur.ar\/en\/wp-json\/wp\/v2\/comments?post=2509"}],"wp:featuredmedia":[{"embeddable":true,"href":"https:\/\/terramar.tur.ar\/en\/wp-json\/wp\/v2\/media\/2514"}],"wp:attachment":[{"href":"https:\/\/terramar.tur.ar\/en\/wp-json\/wp\/v2\/media?parent=2509"}],"wp:term":[{"taxonomy":"product_brand","embeddable":true,"href":"https:\/\/terramar.tur.ar\/en\/wp-json\/wp\/v2\/product_brand?post=2509"},{"taxonomy":"product_cat","embeddable":true,"href":"https:\/\/terramar.tur.ar\/en\/wp-json\/wp\/v2\/product_cat?post=2509"},{"taxonomy":"product_tag","embeddable":true,"href":"https:\/\/terramar.tur.ar\/en\/wp-json\/wp\/v2\/product_tag?post=2509"}],"curies":[{"name":"wp","href":"https:\/\/api.w.org\/{rel}","templated":true}]}}