{"id":2626,"date":"2024-08-05T20:08:00","date_gmt":"2024-08-05T20:08:00","guid":{"rendered":"https:\/\/terramar.tur.ar\/?post_type=product&#038;p=2626"},"modified":"2026-03-30T13:48:24","modified_gmt":"2026-03-30T16:48:24","slug":"antarctica-polar-circle-whale-watching-trip","status":"publish","type":"product","link":"https:\/\/terramar.tur.ar\/en\/product\/antarctica-polar-circle-whale-watching-trip\/","title":{"rendered":"Antarctica - Polar Circle - Whale watching trip"},"content":{"rendered":"<p>PLEASE NOTE: This itinerary is for guidance only. The programme may vary depending on ice, weather and wildlife conditions. Landings are subject to site availability, permits and environmental concerns as per IAATO regulations. Official sailing plans and landing slots are scheduled with IAATO prior to the start of the season, but the expedition leader determines the final plan. Flexibility is paramount for expedition cruising. The average cruising speed for our vessel is 10.5 knots. Come and enjoy this activity with Terramar!<\/p>\n<p>&nbsp;<\/p>\n<ul class=\"product-crumbs full\">\n<li class=\"lang\">Languages: English<\/li>\n<li class=\"duracion\">Duration: 12 days<\/li>\n<\/ul>\n<p><img fetchpriority=\"high\" decoding=\"async\" class=\"alignnone wp-image-2634 size-full\" src=\"https:\/\/terramar.tur.ar\/wp-content\/uploads\/2024\/08\/antartida-viaje-ballenas-2-Terramar.jpg\" alt=\"WHALE WATCHING TRIP 8\" width=\"1200\" height=\"800\" srcset=\"https:\/\/terramar.tur.ar\/wp-content\/uploads\/2024\/08\/antartida-viaje-ballenas-2-Terramar.jpg 1200w, https:\/\/terramar.tur.ar\/wp-content\/uploads\/2024\/08\/antartida-viaje-ballenas-2-Terramar-300x200.jpg 300w, https:\/\/terramar.tur.ar\/wp-content\/uploads\/2024\/08\/antartida-viaje-ballenas-2-Terramar-1024x683.jpg 1024w, https:\/\/terramar.tur.ar\/wp-content\/uploads\/2024\/08\/antartida-viaje-ballenas-2-Terramar-768x512.jpg 768w, https:\/\/terramar.tur.ar\/wp-content\/uploads\/2024\/08\/antartida-viaje-ballenas-2-Terramar-600x400.jpg 600w\" sizes=\"(max-width: 1200px) 100vw, 1200px\" \/><\/p>","protected":false},"excerpt":{"rendered":"<div class=\"flex flex-grow flex-col max-w-full\">\n<div class=\"min-h-[20px] text-message flex w-full flex-col items-end gap-2 whitespace-pre-wrap break-words [.text-message+&amp;]:mt-5 overflow-x-auto\" dir=\"auto\" data-message-author-role=\"assistant\" data-message-id=\"dc3bcf78-4628-4c44-9d22-0d616806db14\">\n<div class=\"flex w-full flex-col gap-1 empty:hidden first:pt-[3px]\">\n<div class=\"markdown prose w-full break-words dark:prose-invert light\">\n<p>Una aventura inolvidable al coraz\u00f3n de la Ant\u00e1rtida, explorando la regi\u00f3n inexplorada del Mar de Bellingshausen y la Isla Alexander. Partiendo de Ushuaia, nuestro objetivo es mantenernos al sur del C\u00edrculo Polar Ant\u00e1rtico, viviendo una aut\u00e9ntica aventura entre impresionantes plataformas de hielo y fauna \u00fanica. Desembarc\u00e1 en lugares raramente visitados y sumergite en un paisaje de ensue\u00f1o, avistando ballenas, focas y ping\u00fcinos en su h\u00e1bitat natural. Con una flexibilidad primordial, nuestro recorrido se adapta a las condiciones del hielo y el clima, garantizando una experiencia verdaderamente \u00fanica y asombrosa.<\/p>\n<\/div>\n<\/div>\n<\/div>\n<\/div>\n","protected":false},"featured_media":2613,"comment_status":"open","ping_status":"closed","template":"","meta":[],"product_brand":[],"product_cat":[19],"product_tag":[],"class_list":{"0":"post-2626","1":"product","2":"type-product","3":"status-publish","4":"has-post-thumbnail","6":"product_cat-antartida","8":"first","9":"instock","10":"taxable","11":"shipping-taxable","12":"product-type-external"},"booking_location":null,"booking_location_type":null,"booking_duration":null,"booking_duration_unit":null,"booking_buffer":null,"booking_cost":null,"booking_resources":null,"_links":{"self":[{"href":"https:\/\/terramar.tur.ar\/en\/wp-json\/wp\/v2\/product\/2626","targetHints":{"allow":["GET"]}}],"collection":[{"href":"https:\/\/terramar.tur.ar\/en\/wp-json\/wp\/v2\/product"}],"about":[{"href":"https:\/\/terramar.tur.ar\/en\/wp-json\/wp\/v2\/types\/product"}],"replies":[{"embeddable":true,"href":"https:\/\/terramar.tur.ar\/en\/wp-json\/wp\/v2\/comments?post=2626"}],"wp:featuredmedia":[{"embeddable":true,"href":"https:\/\/terramar.tur.ar\/en\/wp-json\/wp\/v2\/media\/2613"}],"wp:attachment":[{"href":"https:\/\/terramar.tur.ar\/en\/wp-json\/wp\/v2\/media?parent=2626"}],"wp:term":[{"taxonomy":"product_brand","embeddable":true,"href":"https:\/\/terramar.tur.ar\/en\/wp-json\/wp\/v2\/product_brand?post=2626"},{"taxonomy":"product_cat","embeddable":true,"href":"https:\/\/terramar.tur.ar\/en\/wp-json\/wp\/v2\/product_cat?post=2626"},{"taxonomy":"product_tag","embeddable":true,"href":"https:\/\/terramar.tur.ar\/en\/wp-json\/wp\/v2\/product_tag?post=2626"}],"curies":[{"name":"wp","href":"https:\/\/api.w.org\/{rel}","templated":true}]}}