{"id":7973,"date":"2025-10-09T14:45:17","date_gmt":"2025-10-09T14:45:17","guid":{"rendered":"https:\/\/terramar.tur.ar\/?post_type=product&#038;p=7973"},"modified":"2026-04-20T14:51:35","modified_gmt":"2026-04-20T17:51:35","slug":"parque-nacional-tren-del-fin-del-mundo-national-park-penguin-navigation","status":"publish","type":"product","link":"https:\/\/terramar.tur.ar\/en\/product\/parque-nacional-tren-del-fin-del-mundo-national-park-penguin-navigation\/","title":{"rendered":"National Park + End of the World Train + Penguin Navigation"},"content":{"rendered":"<div class=\"wrapper_contenidos\">\n<div>\n<h3>End of the World Train<\/h3>\n<div><\/div>\n<div>The activity starts from your accommodation between 7\/8 am. We will ride the first 8km and arrive at the station of the Ferrocarril Austral Fueguino, the Train of the End of the World.<\/div>\n<\/div>\n<\/div>\n<div class=\"wrapper_contenidos\">\n<div>\n<div>After forty years of non-operation, in 1994 the Train of the End of the World resumed part of the old route that the prisoners' train used to take, which departed from the prison of Ushuaia, located in the centre of the city, towards the slopes of Mount Susana with the purpose of obtaining materials (wood and stone) for the construction of the same. On board the train you will be able to listen to the history of the prisoners who used to come daily to cut wood up to this area, and enjoy the magnificent landscapes, composed by the zigzagging Pipo River, the La Macarena waterfall, the tree cemetery and the majestic lenga forest.<\/div>\n<div>In this way you will visit an inaccessible part of the Tierra del Fuego National Park, where you will be able to enjoy this experience on board a vintage railway, with its steam locomotives and elegant cars that have large windows and an individual audio system, which offers the possibility of listening to the history in 7 different languages, in order to not only appreciate the surrounding nature, but also to know a very important part of the history of Ushuaia.<\/div>\n<\/div>\n<\/div>\n<h3><img fetchpriority=\"high\" decoding=\"async\" class=\"alignnone wp-image-2167 size-full\" src=\"https:\/\/terramar.tur.ar\/wp-content\/uploads\/2024\/07\/Tren-del-fin-del-mundo-10-Terramar.jpg\" alt=\"Train to the end of the world 10\" width=\"1200\" height=\"800\" srcset=\"https:\/\/terramar.tur.ar\/wp-content\/uploads\/2024\/07\/Tren-del-fin-del-mundo-10-Terramar.jpg 1200w, https:\/\/terramar.tur.ar\/wp-content\/uploads\/2024\/07\/Tren-del-fin-del-mundo-10-Terramar-300x200.jpg 300w, https:\/\/terramar.tur.ar\/wp-content\/uploads\/2024\/07\/Tren-del-fin-del-mundo-10-Terramar-1024x683.jpg 1024w, https:\/\/terramar.tur.ar\/wp-content\/uploads\/2024\/07\/Tren-del-fin-del-mundo-10-Terramar-768x512.jpg 768w, https:\/\/terramar.tur.ar\/wp-content\/uploads\/2024\/07\/Tren-del-fin-del-mundo-10-Terramar-600x400.jpg 600w\" sizes=\"(max-width: 1200px) 100vw, 1200px\" \/><\/h3>\n<div class=\"wrapper_contenidos\">\n<div>\n<h3>Tierra del Fuego National Park<\/h3>\n<div>Once we reach the end of our journey (National Park Station) we will continue into the Tierra del Fuego National Park (an area reserved for the protection of the sub-Antarctic forest, native flora and fauna). We will visit the Ensenada Bay, the Acigami Lake (glacial lake of more than 5 square km), the Alakush Interpretation Centre and then we will continue towards Lapataia Bay, end of the Pan-American Route N\u00b0 3.<\/div>\n<div>From there, once we have crossed the footbridges, we will start our return to the city of Ushuaia.<\/div>\n<\/div>\n<div>Back in the city of Ushuaia, you will have approximately 1 hour for lunch on your own, before starting the second part of the tour.<\/div>\n<h3><img decoding=\"async\" class=\"alignnone wp-image-2494 size-full\" src=\"https:\/\/terramar.tur.ar\/wp-content\/uploads\/2024\/08\/parque-trennavegacion-7-Terramar.jpg\" alt=\"park + train + sailing 1\" width=\"1200\" height=\"800\" srcset=\"https:\/\/terramar.tur.ar\/wp-content\/uploads\/2024\/08\/parque-trennavegacion-7-Terramar.jpg 1200w, https:\/\/terramar.tur.ar\/wp-content\/uploads\/2024\/08\/parque-trennavegacion-7-Terramar-300x200.jpg 300w, https:\/\/terramar.tur.ar\/wp-content\/uploads\/2024\/08\/parque-trennavegacion-7-Terramar-1024x683.jpg 1024w, https:\/\/terramar.tur.ar\/wp-content\/uploads\/2024\/08\/parque-trennavegacion-7-Terramar-768x512.jpg 768w, https:\/\/terramar.tur.ar\/wp-content\/uploads\/2024\/08\/parque-trennavegacion-7-Terramar-600x400.jpg 600w\" sizes=\"(max-width: 1200px) 100vw, 1200px\" \/><\/h3>\n<h3>Penguin Sailing<\/h3>\n<p>The excursion starts by setting sail from the tourist pier in the morning or in the afternoon aboard a state-of-the-art catamaran. We will visit Isla de los P\u00e1jaros, Isla de los Lobos and Les \u00c9claireurs lighthouse, and then continue our trip to Isla Martillo where the catamaran will set its bow on the beach to observe the colony of penguins that live on the island.<\/p>\n<p>&nbsp;<\/p>\n<p><img decoding=\"async\" class=\"alignnone wp-image-3612 size-full\" src=\"https:\/\/terramar.tur.ar\/wp-content\/uploads\/2024\/07\/Curiosidades-de-los-pinguinos-que-seguro-no-sabias-05.jpg\" alt=\"\" width=\"1200\" height=\"800\" srcset=\"https:\/\/terramar.tur.ar\/wp-content\/uploads\/2024\/07\/Curiosidades-de-los-pinguinos-que-seguro-no-sabias-05.jpg 1200w, https:\/\/terramar.tur.ar\/wp-content\/uploads\/2024\/07\/Curiosidades-de-los-pinguinos-que-seguro-no-sabias-05-300x200.jpg 300w, https:\/\/terramar.tur.ar\/wp-content\/uploads\/2024\/07\/Curiosidades-de-los-pinguinos-que-seguro-no-sabias-05-1024x683.jpg 1024w, https:\/\/terramar.tur.ar\/wp-content\/uploads\/2024\/07\/Curiosidades-de-los-pinguinos-que-seguro-no-sabias-05-768x512.jpg 768w, https:\/\/terramar.tur.ar\/wp-content\/uploads\/2024\/07\/Curiosidades-de-los-pinguinos-que-seguro-no-sabias-05-600x400.jpg 600w\" sizes=\"(max-width: 1200px) 100vw, 1200px\" \/><\/p>\n<div>\n<div>\n<div><\/div>\n<\/div>\n<div><\/div>\n<div><\/div>\n<p><iframe title=\"Tierra del Fuego National Park\" width=\"800\" height=\"450\" src=\"https:\/\/www.youtube.com\/embed\/nf6lB2jVEwU?feature=oembed&#038;enablejsapi=1&#038;origin=https:\/\/terramar.tur.ar\" frameborder=\"0\" allow=\"accelerometer; autoplay; clipboard-write; encrypted-media; gyroscope; picture-in-picture; web-share\" referrerpolicy=\"strict-origin-when-cross-origin\" allowfullscreen><\/iframe><\/p>\n<p><strong>*ACTIVITIES CAN TAKE PLACE ON SEPARATE DAYS.<\/strong><\/p>\n<\/div>\n<\/div>\n<h3 class=\"main-title inner grey\">Features<\/h3>\n<ul class=\"product-crumbs full\">\n<li class=\"season\">Season: Summer<\/li>\n<li class=\"lang\">Languages: English\/Spanish (other languages on request)<\/li>\n<li class=\"duracion\">Duration: Full Day<\/li>\n<li class=\"dificultad\">Difficulty: Medium<\/li>\n<li class=\"observations\">Remarks: - The train ticket is economy class (ask for upgrade).<br \/>\n- Port fee included.<br \/>\n- Does not include entrance to the National Park.<br \/>\n- Lunch not included<br \/>\n- Transfer Hotel - Port not included (please consult)<\/li>\n<\/ul>\n<p>&nbsp;<\/p>\n<p>*Rates valid until 31\/03\/2026. Check availability and rates after that date by mail or Whatsapp.<\/p>","protected":false},"excerpt":{"rendered":"<p>Tren del Fin del Mundo La actividad comienza desde su alojamiento entre las 7\/8 am. Recorreremos los primeros 8km y\u00a0 llegaremos a la estaci\u00f3n del Ferrocarril Austral Fueguino, el Tren del Fin del Mundo. Luego de cuarenta a\u00f1os sin funcionar, en 1994 el Tren del Fin del Mundo retom\u00f3 parte del antiguo recorrido que realizaba [&hellip;]<\/p>\n","protected":false},"featured_media":4412,"comment_status":"open","ping_status":"closed","template":"","meta":[],"product_brand":[],"product_cat":[30,18,21],"product_tag":[],"class_list":{"0":"post-7973","1":"product","2":"type-product","3":"status-publish","4":"has-post-thumbnail","6":"product_cat-promociones","7":"product_cat-ushuaia","8":"product_cat-verano","10":"first","11":"instock","12":"virtual","13":"sold-individually","14":"purchasable","15":"product-type-booking"},"booking_location":"","booking_location_type":"","booking_duration":1,"booking_duration_unit":"day","booking_buffer":0,"booking_cost":0,"booking_resources":[],"_links":{"self":[{"href":"https:\/\/terramar.tur.ar\/en\/wp-json\/wp\/v2\/product\/7973","targetHints":{"allow":["GET"]}}],"collection":[{"href":"https:\/\/terramar.tur.ar\/en\/wp-json\/wp\/v2\/product"}],"about":[{"href":"https:\/\/terramar.tur.ar\/en\/wp-json\/wp\/v2\/types\/product"}],"replies":[{"embeddable":true,"href":"https:\/\/terramar.tur.ar\/en\/wp-json\/wp\/v2\/comments?post=7973"}],"wp:featuredmedia":[{"embeddable":true,"href":"https:\/\/terramar.tur.ar\/en\/wp-json\/wp\/v2\/media\/4412"}],"wp:attachment":[{"href":"https:\/\/terramar.tur.ar\/en\/wp-json\/wp\/v2\/media?parent=7973"}],"wp:term":[{"taxonomy":"product_brand","embeddable":true,"href":"https:\/\/terramar.tur.ar\/en\/wp-json\/wp\/v2\/product_brand?post=7973"},{"taxonomy":"product_cat","embeddable":true,"href":"https:\/\/terramar.tur.ar\/en\/wp-json\/wp\/v2\/product_cat?post=7973"},{"taxonomy":"product_tag","embeddable":true,"href":"https:\/\/terramar.tur.ar\/en\/wp-json\/wp\/v2\/product_tag?post=7973"}],"curies":[{"name":"wp","href":"https:\/\/api.w.org\/{rel}","templated":true}]}}