{"id":2050,"date":"2024-07-26T17:43:44","date_gmt":"2024-07-26T17:43:44","guid":{"rendered":"https:\/\/terramar.tur.ar\/?post_type=product&#038;p=2050"},"modified":"2026-03-30T13:54:45","modified_gmt":"2026-03-30T16:54:45","slug":"lago-escondido-e-resorts-de-inverno","status":"publish","type":"product","link":"https:\/\/terramar.tur.ar\/pt\/produto\/lago-escondido-e-resorts-de-inverno\/","title":{"rendered":"Lago Escondido e resorts de inverno"},"content":{"rendered":"<p>Prepare-se para cruzar a cadeia de montanhas. Esta excurs\u00e3o o levar\u00e1 por uma variedade de paisagens, sempre acompanhadas pela floresta. Saindo de Ushuaia, em dire\u00e7\u00e3o ao leste, poderemos ver a planta completa da Antiga Pris\u00e3o e passaremos pelo setor industrial. Ao contornar a base do Monte Olivia, a imponente Sierra Alvear, com suas neves eternas, abre-se para a frente, ao p\u00e9 da qual se encontra um gigantesco vale de turfa; esse \u00e9 o Vale Carbajal, que mais tarde mudar\u00e1 seu nome para Tierra Mayor e Las Cotorras.<\/p>\n<p>Uma de nossas paradas ser\u00e1 no imponente Mirador del Paso Garibaldi, de onde poderemos apreciar o Lago Escondido. A partir da\u00ed, entraremos novamente na Rota Nacional n\u00ba 3 para iniciar a viagem pela \u00e1rea da serraria, onde as \u00e1rvores de lenga formam uma floresta densa e uniforme. No caminho de volta \u00e0 cidade, faremos uma parada em um restaurante ao longo da rota para almo\u00e7ar.<\/p>\n<p><strong><em>Se tivermos tempo e\/ou disponibilidade, teremos a possibilidade de fazer algumas atividades na neve.<\/em><\/strong><\/p>\n<ul>\n<li><strong>Dificuldade:\u00a0<\/strong>Baja<\/li>\n<li><strong>Local e hor\u00e1rio de partida:\u00a0<\/strong>De seu hotel, \u00e0s 9:00 horas<\/li>\n<\/ul>\n<p>*Almo\u00e7o n\u00e3o inclu\u00eddo<\/p>\n<p>* Dispon\u00edvel de junho a setembro<\/p>\n<p>*PRE\u00c7O DE PR\u00c9-VENDA AT\u00c9 28\/02\/2026.<\/p>\n<p><img fetchpriority=\"high\" decoding=\"async\" class=\"alignnone wp-image-2064 size-full\" src=\"https:\/\/terramar.tur.ar\/wp-content\/uploads\/2024\/07\/Lago-escondido-y-centros-invernales-5-turismo-en-ushuaia.jpg\" alt=\"Lago escondido e resorts de inverno 2\" width=\"1200\" height=\"800\" srcset=\"https:\/\/terramar.tur.ar\/wp-content\/uploads\/2024\/07\/Lago-escondido-y-centros-invernales-5-turismo-en-ushuaia.jpg 1200w, https:\/\/terramar.tur.ar\/wp-content\/uploads\/2024\/07\/Lago-escondido-y-centros-invernales-5-turismo-en-ushuaia-300x200.jpg 300w, https:\/\/terramar.tur.ar\/wp-content\/uploads\/2024\/07\/Lago-escondido-y-centros-invernales-5-turismo-en-ushuaia-1024x683.jpg 1024w, https:\/\/terramar.tur.ar\/wp-content\/uploads\/2024\/07\/Lago-escondido-y-centros-invernales-5-turismo-en-ushuaia-768x512.jpg 768w, https:\/\/terramar.tur.ar\/wp-content\/uploads\/2024\/07\/Lago-escondido-y-centros-invernales-5-turismo-en-ushuaia-600x400.jpg 600w\" sizes=\"(max-width: 1200px) 100vw, 1200px\" \/><\/p>\n<p>&nbsp;<\/p>","protected":false},"excerpt":{"rendered":"<p>Prepare-se para uma excurs\u00e3o emocionante que atravessa a cordilheira e percorre diversas paisagens arborizadas, come\u00e7ando pelo Antiguo Presidio e a \u00e1rea industrial. Ao passar pela base do Monte Olivia, voc\u00ea abrir\u00e1 a vista para a imponente Sierra Alvear e o vasto Vale Carbajal, que depois se transforma em Tierra Mayor e Las Cotorras. Uma parada de destaque ser\u00e1 no Mirador del Paso Garibaldi, com vista para o Lago Escondido, onde voc\u00ea poder\u00e1 tirar excelentes fotos da viagem e, em seguida, desfrutar de um almo\u00e7o fant\u00e1stico.<\/p>","protected":false},"featured_media":2056,"comment_status":"open","ping_status":"closed","template":"","meta":[],"product_brand":[],"product_cat":[18,20],"product_tag":[],"class_list":{"0":"post-2050","1":"product","2":"type-product","3":"status-publish","4":"has-post-thumbnail","6":"product_cat-ushuaia","7":"product_cat-invierno","9":"first","10":"instock","11":"virtual","12":"sold-individually","13":"taxable","14":"purchasable","15":"product-type-booking"},"booking_location":"","booking_location_type":"","booking_duration":1,"booking_duration_unit":"day","booking_buffer":0,"booking_cost":0,"booking_resources":[],"_links":{"self":[{"href":"https:\/\/terramar.tur.ar\/pt\/wp-json\/wp\/v2\/product\/2050","targetHints":{"allow":["GET"]}}],"collection":[{"href":"https:\/\/terramar.tur.ar\/pt\/wp-json\/wp\/v2\/product"}],"about":[{"href":"https:\/\/terramar.tur.ar\/pt\/wp-json\/wp\/v2\/types\/product"}],"replies":[{"embeddable":true,"href":"https:\/\/terramar.tur.ar\/pt\/wp-json\/wp\/v2\/comments?post=2050"}],"wp:featuredmedia":[{"embeddable":true,"href":"https:\/\/terramar.tur.ar\/pt\/wp-json\/wp\/v2\/media\/2056"}],"wp:attachment":[{"href":"https:\/\/terramar.tur.ar\/pt\/wp-json\/wp\/v2\/media?parent=2050"}],"wp:term":[{"taxonomy":"product_brand","embeddable":true,"href":"https:\/\/terramar.tur.ar\/pt\/wp-json\/wp\/v2\/product_brand?post=2050"},{"taxonomy":"product_cat","embeddable":true,"href":"https:\/\/terramar.tur.ar\/pt\/wp-json\/wp\/v2\/product_cat?post=2050"},{"taxonomy":"product_tag","embeddable":true,"href":"https:\/\/terramar.tur.ar\/pt\/wp-json\/wp\/v2\/product_tag?post=2050"}],"curies":[{"name":"wp","href":"https:\/\/api.w.org\/{rel}","templated":true}]}}