{"id":2071,"date":"2024-12-09T18:14:10","date_gmt":"2024-12-09T18:14:10","guid":{"rendered":"https:\/\/terramar.tur.ar\/?post_type=product&#038;p=2071"},"modified":"2026-03-30T13:29:07","modified_gmt":"2026-03-30T16:29:07","slug":"caminhada-na-lagoa-esmeralda-2","status":"publish","type":"product","link":"https:\/\/terramar.tur.ar\/pt\/produto\/caminhada-na-lagoa-esmeralda-2\/","title":{"rendered":"Trekking na Lagoa Esmeralda"},"content":{"rendered":"<p>Sa\u00edda do hotel em micro\u00f4nibus por estrada (20 km) at\u00e9 o vale Tierra Mayor. Depois de nos equiparmos com crampons ou raquetes de neve, come\u00e7amos a caminhada, durante a qual atravessamos grandes vales cobertos de neve, riachos congelados e florestas centen\u00e1rias de \u00e1rvores lenga e coihue.<\/p>\n<p>A Lagoa Esmeralda est\u00e1 localizada no cora\u00e7\u00e3o da Reserva Natural e Paisag\u00edstica da Terra do Fogo. Sua localiza\u00e7\u00e3o geogr\u00e1fica no meio da Cordilheira Fuegiana nos convida a parar e descansar em suas margens enquanto desfrutamos do nosso almo\u00e7o. Finalmente, retornaremos por uma rota diferente e depois voltaremos ao hotel.<\/p>\n<h3>Informa\u00e7\u00f5es importantes<\/h3>\n<p><strong>Hor\u00e1rios de partida:<\/strong> 9:00 Hs.<br \/>\n<strong>Ele inclui:<\/strong> Traslados, guia, box lunch, bast\u00f5es e crampons ou raquetes de neve.<br \/>\n<strong>Idade permitida:<\/strong> de 10 a 65 anos de idade (requer boa condi\u00e7\u00e3o f\u00edsica. Adequado para pessoas a partir de 10 anos de idade).<br \/>\n<strong>Requisitos<\/strong>botas de trekking \u00e0 prova d'\u00e1gua, jaqueta \u00e0 prova d'\u00e1gua e cal\u00e7as \u00e0 prova d'\u00e1gua.<\/p>\n<div class=\"wrapper_contenidos\">\n<p>*N\u00e3o \u00e9 permitido para mulheres gr\u00e1vidas, pessoas com problemas card\u00edacos, respirat\u00f3rios ou circulat\u00f3rios, problemas nos joelhos ou na coluna, excesso de peso. O terreno \u00e9 irregular, \u00e0s vezes inclinado, \u00famido, lamacento, rochoso, com neve e gelo.<\/p>\n<p>*Os passeios est\u00e3o sujeitos \u00e0s condi\u00e7\u00f5es clim\u00e1ticas e podem variar sem aviso pr\u00e9vio para garantir a seguran\u00e7a do grupo.<\/p>\n<p>*Tarifas v\u00e1lidas at\u00e9 30\/04\/2026. Consulte a disponibilidade e as tarifas ap\u00f3s essa data por e-mail ou Whatsapp.<\/p>\n<\/div>\n<p><img fetchpriority=\"high\" decoding=\"async\" class=\"alignnone wp-image-2077 size-full\" src=\"https:\/\/terramar.tur.ar\/wp-content\/uploads\/2024\/07\/trekking-Laguna-Esmeralda-turismo-en-ushuaia.jpg\" alt=\"Caminhada na Lagoa Esmeralda 4\" width=\"1200\" height=\"800\" srcset=\"https:\/\/terramar.tur.ar\/wp-content\/uploads\/2024\/07\/trekking-Laguna-Esmeralda-turismo-en-ushuaia.jpg 1200w, https:\/\/terramar.tur.ar\/wp-content\/uploads\/2024\/07\/trekking-Laguna-Esmeralda-turismo-en-ushuaia-300x200.jpg 300w, https:\/\/terramar.tur.ar\/wp-content\/uploads\/2024\/07\/trekking-Laguna-Esmeralda-turismo-en-ushuaia-1024x683.jpg 1024w, https:\/\/terramar.tur.ar\/wp-content\/uploads\/2024\/07\/trekking-Laguna-Esmeralda-turismo-en-ushuaia-768x512.jpg 768w, https:\/\/terramar.tur.ar\/wp-content\/uploads\/2024\/07\/trekking-Laguna-Esmeralda-turismo-en-ushuaia-600x400.jpg 600w\" sizes=\"(max-width: 1200px) 100vw, 1200px\" \/><\/p>","protected":false},"excerpt":{"rendered":"<div class=\"flex-shrink-0 flex flex-col relative items-end\">\n<div>\n<div class=\"pt-0\">\n<div class=\"gizmo-bot-avatar flex h-8 w-8 items-center justify-center overflow-hidden rounded-full\">\n<div class=\"relative p-1 rounded-sm flex items-center justify-center bg-token-main-surface-primary text-token-text-primary h-8 w-8\">Desfrute da Laguna Esmeralda desde o hotel at\u00e9 o Vale Tierra Mayor, onde os participantes se equipam com crampons ou raquetes de neve para iniciar uma caminhada por vales nevados, riachos congelados e florestas de lenga e coihue. Localizada no cora\u00e7\u00e3o da Reserva Natural e Paisag\u00edstica da Terra do Fogo, a lagoa oferece um cen\u00e1rio id\u00edlico no cora\u00e7\u00e3o da cordilheira fueguina, ideal para relaxar e almo\u00e7ar em suas margens antes de retornar ao hotel por uma rota diferente.<\/div>\n<\/div>\n<\/div>\n<\/div>\n<\/div>","protected":false},"featured_media":2074,"comment_status":"open","ping_status":"closed","template":"","meta":[],"product_brand":[],"product_cat":[18,60],"product_tag":[],"class_list":{"0":"post-2071","1":"product","2":"type-product","3":"status-publish","4":"has-post-thumbnail","6":"product_cat-ushuaia","7":"product_cat-todo-el-ano","9":"first","10":"instock","11":"virtual","12":"sold-individually","13":"taxable","14":"purchasable","15":"product-type-booking"},"booking_location":"","booking_location_type":"","booking_duration":1,"booking_duration_unit":"day","booking_buffer":0,"booking_cost":0,"booking_resources":[],"_links":{"self":[{"href":"https:\/\/terramar.tur.ar\/pt\/wp-json\/wp\/v2\/product\/2071","targetHints":{"allow":["GET"]}}],"collection":[{"href":"https:\/\/terramar.tur.ar\/pt\/wp-json\/wp\/v2\/product"}],"about":[{"href":"https:\/\/terramar.tur.ar\/pt\/wp-json\/wp\/v2\/types\/product"}],"replies":[{"embeddable":true,"href":"https:\/\/terramar.tur.ar\/pt\/wp-json\/wp\/v2\/comments?post=2071"}],"wp:featuredmedia":[{"embeddable":true,"href":"https:\/\/terramar.tur.ar\/pt\/wp-json\/wp\/v2\/media\/2074"}],"wp:attachment":[{"href":"https:\/\/terramar.tur.ar\/pt\/wp-json\/wp\/v2\/media?parent=2071"}],"wp:term":[{"taxonomy":"product_brand","embeddable":true,"href":"https:\/\/terramar.tur.ar\/pt\/wp-json\/wp\/v2\/product_brand?post=2071"},{"taxonomy":"product_cat","embeddable":true,"href":"https:\/\/terramar.tur.ar\/pt\/wp-json\/wp\/v2\/product_cat?post=2071"},{"taxonomy":"product_tag","embeddable":true,"href":"https:\/\/terramar.tur.ar\/pt\/wp-json\/wp\/v2\/product_tag?post=2071"}],"curies":[{"name":"wp","href":"https:\/\/api.w.org\/{rel}","templated":true}]}}