{"id":2079,"date":"2024-07-26T18:40:03","date_gmt":"2024-07-26T18:40:03","guid":{"rendered":"https:\/\/terramar.tur.ar\/?post_type=product&#038;p=2079"},"modified":"2026-03-30T13:54:30","modified_gmt":"2026-03-30T16:54:30","slug":"parque-nacional-com-trekking-e-canoas","status":"publish","type":"product","link":"https:\/\/terramar.tur.ar\/pt\/produto\/parque-nacional-com-trekking-e-canoas\/","title":{"rendered":"Parque Nacional com trekking e canoas"},"content":{"rendered":"<p>Depois de percorrer os 10 km de Ushuaia at\u00e9 o Parque Nacional Tierra del Fuego, come\u00e7a um passeio que visitar\u00e1 suas atra\u00e7\u00f5es mais importantes.<\/p>\n<p>Voc\u00ea come\u00e7a a p\u00e9 por 8 km e em contato com a natureza em trilhas de dificuldade m\u00e9dia, o que n\u00e3o deve representar um grande desafio para os passageiros acostumados a se exercitar e com as roupas adequadas. Aqueles que preferem uma atividade menos exigente podem optar por caminhar em algumas trilhas mais curtas e menos extenuantes (solicite a op\u00e7\u00e3o \u00abSoft Trekk\u00bb com anteced\u00eancia).<\/p>\n<p>Pr\u00f3ximo \u00e0s margens do Rio Lapataia, o almo\u00e7o ser\u00e1 servido dentro de uma c\u00fapula aquecida com vista panor\u00e2mica, para evitar vento ou chuva. Equipados com botas de borracha, capas de cal\u00e7as e coletes salva-vidas, remaremos a bordo de canoas infl\u00e1veis (duckies) por cerca de uma hora pela \u00e1gua doce do Rio Lapataia at\u00e9 chegar ao mar na Ba\u00eda de Lapataia.<\/p>\n<h3>Informa\u00e7\u00f5es importantes:<\/h3>\n<p>Inclu\u00eddo: traslados, guias esp\/ing, equipamento de canoagem, almo\u00e7o com bebidas.<br \/>\nN\u00e3o inclu\u00eddo: taxa de entrada no Parque Nacional, Trem do Fim do Mundo (pode ser inclu\u00eddo com anteced\u00eancia somente no momento da reserva da excurs\u00e3o) e o trem (pode ser inclu\u00eddo com anteced\u00eancia somente no momento da reserva da excurs\u00e3o). <strong>no inverno<\/strong>)<br \/>\nIdade permitida para menores: 6 anos ou mais<\/p>\n<p>Partida: Pick up para a acomoda\u00e7\u00e3o \u00e0s 8:00 horas<\/p>\n<div><u><strong>Canoagem<\/strong><\/u>Baixa dificuldade. Se n\u00e3o quiser remar, voc\u00ea pode continuar no ve\u00edculo at\u00e9 Lapataia.<\/div>\n<div><strong><u>I<\/u><\/strong><strong style=\"text-decoration: underline\">Equipamento m\u00ednimo recomendado<\/strong>Roupas t\u00e9rmicas, agasalhos, um par extra de meias, \u00f3culos de sol.<\/div>\n<div><\/div>\n<div>\n<div><strong>**Todas as descri\u00e7\u00f5es e itiner\u00e1rios s\u00e3o ilustrativos: os hor\u00e1rios das atividades, a ordem de chegada e de sa\u00edda s\u00e3o os mesmos.\u00a0<\/strong><strong>e as atra\u00e7\u00f5es visitadas podem variar, de acordo com a avalia\u00e7\u00e3o do guia e da\u00a0<\/strong><strong>caracter\u00edsticas do grupo.<\/strong><\/div>\n<\/div>\n<div><\/div>\n<div>\n<h3>Requisitos<\/h3>\n<p>Sapatos de trekking imperme\u00e1veis, botas de cano m\u00e9dio imperme\u00e1veis, meias e um par sobressalente, jaqueta imperme\u00e1vel, chap\u00e9u, luvas, protetor solar, mochila com uma garrafa de \u00e1gua.<\/p>\n<\/div>\n<p>&nbsp;<\/p>\n<p>*Tarifas v\u00e1lidas at\u00e9 31\/03\/2026. Consulte a disponibilidade e as tarifas ap\u00f3s essa data por e-mail ou Whatsapp.<\/p>\n<div>\n<p><img fetchpriority=\"high\" decoding=\"async\" class=\"alignnone wp-image-2081 size-full\" src=\"https:\/\/terramar.tur.ar\/wp-content\/uploads\/2024\/07\/Parque-nacional-y-canoas-8-turismo-en-ushuaia.jpg\" alt=\"trekking e canoagem no parque nacional 1\" width=\"1200\" height=\"800\" srcset=\"https:\/\/terramar.tur.ar\/wp-content\/uploads\/2024\/07\/Parque-nacional-y-canoas-8-turismo-en-ushuaia.jpg 1200w, https:\/\/terramar.tur.ar\/wp-content\/uploads\/2024\/07\/Parque-nacional-y-canoas-8-turismo-en-ushuaia-300x200.jpg 300w, https:\/\/terramar.tur.ar\/wp-content\/uploads\/2024\/07\/Parque-nacional-y-canoas-8-turismo-en-ushuaia-1024x683.jpg 1024w, https:\/\/terramar.tur.ar\/wp-content\/uploads\/2024\/07\/Parque-nacional-y-canoas-8-turismo-en-ushuaia-768x512.jpg 768w, https:\/\/terramar.tur.ar\/wp-content\/uploads\/2024\/07\/Parque-nacional-y-canoas-8-turismo-en-ushuaia-600x400.jpg 600w\" sizes=\"(max-width: 1200px) 100vw, 1200px\" \/><\/p>\n<\/div>\n<p>&nbsp;<\/p>","protected":false},"excerpt":{"rendered":"<p>Desfrute de uma excurs\u00e3o emocionante que come\u00e7a com uma viagem de 25 a 40 minutos do seu hotel at\u00e9 a Esta\u00e7\u00e3o de Trem do Fim do Mundo. Em seguida, a natureza abre caminho por trilhas com neve ou gelo em uma travessia de dificuldade m\u00e9dia. Perto do Rio Lapataia, o almo\u00e7o \u00e9 servido em uma c\u00fapula aquecida aconchegante com vistas panor\u00e2micas antes de embarcar em uma aventura emocionante em canoas infl\u00e1veis, remando por uma hora nas \u00e1guas do Rio Lapataia at\u00e9 a Ba\u00eda de Lapataia.<\/p>","protected":false},"featured_media":2085,"comment_status":"open","ping_status":"closed","template":"","meta":[],"product_brand":[],"product_cat":[18,60],"product_tag":[],"class_list":{"0":"post-2079","1":"product","2":"type-product","3":"status-publish","4":"has-post-thumbnail","6":"product_cat-ushuaia","7":"product_cat-todo-el-ano","9":"first","10":"instock","11":"virtual","12":"sold-individually","13":"taxable","14":"purchasable","15":"product-type-booking"},"booking_location":"","booking_location_type":"","booking_duration":1,"booking_duration_unit":"day","booking_buffer":0,"booking_cost":0,"booking_resources":[],"_links":{"self":[{"href":"https:\/\/terramar.tur.ar\/pt\/wp-json\/wp\/v2\/product\/2079","targetHints":{"allow":["GET"]}}],"collection":[{"href":"https:\/\/terramar.tur.ar\/pt\/wp-json\/wp\/v2\/product"}],"about":[{"href":"https:\/\/terramar.tur.ar\/pt\/wp-json\/wp\/v2\/types\/product"}],"replies":[{"embeddable":true,"href":"https:\/\/terramar.tur.ar\/pt\/wp-json\/wp\/v2\/comments?post=2079"}],"wp:featuredmedia":[{"embeddable":true,"href":"https:\/\/terramar.tur.ar\/pt\/wp-json\/wp\/v2\/media\/2085"}],"wp:attachment":[{"href":"https:\/\/terramar.tur.ar\/pt\/wp-json\/wp\/v2\/media?parent=2079"}],"wp:term":[{"taxonomy":"product_brand","embeddable":true,"href":"https:\/\/terramar.tur.ar\/pt\/wp-json\/wp\/v2\/product_brand?post=2079"},{"taxonomy":"product_cat","embeddable":true,"href":"https:\/\/terramar.tur.ar\/pt\/wp-json\/wp\/v2\/product_cat?post=2079"},{"taxonomy":"product_tag","embeddable":true,"href":"https:\/\/terramar.tur.ar\/pt\/wp-json\/wp\/v2\/product_tag?post=2079"}],"curies":[{"name":"wp","href":"https:\/\/api.w.org\/{rel}","templated":true}]}}