{"id":2107,"date":"2024-07-29T17:22:54","date_gmt":"2024-07-29T17:22:54","guid":{"rendered":"https:\/\/terramar.tur.ar\/?post_type=product&#038;p=2107"},"modified":"2026-03-30T13:54:15","modified_gmt":"2026-03-30T16:54:15","slug":"neve-e-fogo","status":"publish","type":"product","link":"https:\/\/terramar.tur.ar\/pt\/produto\/neve-e-fogo\/","title":{"rendered":"Neve e fogo"},"content":{"rendered":"<p>Partimos do hotel em dire\u00e7\u00e3o ao Vale Tierra Mayor, o guia nos informa a ordem das atividades e come\u00e7amos a jornada.<br \/>\nFazemos um passeio de tren\u00f3 Husky e um passeio de snowmobile \/ caminhada com raquetes de neve (dependendo da op\u00e7\u00e3o escolhida). Atravessando o vale no meio da noite de inverno, um caminho marca a entrada da floresta at\u00e9 chegarmos \u00e0 c\u00fapula, onde o cozinheiro nos aguarda com os espetinhos e o ensopado, o vinho quente e a especialidade da noite, \u00abel caf\u00e9 del Hachero\u00bb (o caf\u00e9 do homem do machado).<\/p>\n<h3 class=\"wrapper_contenidos\">Importante<\/h3>\n<div><strong>Local e hor\u00e1rio de partida:<\/strong> Sa\u00edda de seu hotel \u00e0s 18:00hs.<br \/>\n<strong>Dura\u00e7\u00e3o:<\/strong> 5 horas<br \/>\n<strong>Requisitos:<\/strong> ter uma jaqueta, cal\u00e7as e botas\/botas\/sapatos para neve<br \/>\nmackintoshes<\/div>\n<div><\/div>\n<div><strong>-Adultos: $295.000 \/ Crian\u00e7as: $177.000- (0 a 11 anos). Inclui :<\/strong> Passeio de tren\u00f3 Husky, motocicleta tandem e jantar.<br \/>\n-<strong>Adultos: $265.000 \/ Crian\u00e7as: $159.000.- (0 a 11 anos). Inclui<\/strong> Passeio de tren\u00f3 Husky, caminhada na neve e jantar.<br \/>\n-<strong>Adultos: $295.000 \/ Crian\u00e7as: $177.000.- (0 a 11 anos de idade). Inclui :<\/strong> Motocicleta tandem, raquetes de neve e jantar.<\/div>\n<div><\/div>\n<div>*TARIFAS DE PR\u00c9-VENDA AT\u00c9 15\/03\/2026.<\/div>\n<div><\/div>\n<div><img fetchpriority=\"high\" decoding=\"async\" class=\"alignnone wp-image-2113 size-full\" src=\"https:\/\/terramar.tur.ar\/wp-content\/uploads\/2024\/07\/nieve-y-fuego-4-Terramar.jpg\" alt=\"neve e fogo 3\" width=\"1200\" height=\"800\" srcset=\"https:\/\/terramar.tur.ar\/wp-content\/uploads\/2024\/07\/nieve-y-fuego-4-Terramar.jpg 1200w, https:\/\/terramar.tur.ar\/wp-content\/uploads\/2024\/07\/nieve-y-fuego-4-Terramar-300x200.jpg 300w, https:\/\/terramar.tur.ar\/wp-content\/uploads\/2024\/07\/nieve-y-fuego-4-Terramar-1024x683.jpg 1024w, https:\/\/terramar.tur.ar\/wp-content\/uploads\/2024\/07\/nieve-y-fuego-4-Terramar-768x512.jpg 768w, https:\/\/terramar.tur.ar\/wp-content\/uploads\/2024\/07\/nieve-y-fuego-4-Terramar-600x400.jpg 600w\" sizes=\"(max-width: 1200px) 100vw, 1200px\" \/><\/div>","protected":false},"excerpt":{"rendered":"<p class=\"elementor-icon-box-title\">Disfrute la actividad rumbo el Valle Tierra Mayor d\u00f3nde se podr\u00e1n hacer actividades invernales como paseos en moto de nieve, en raquetas o desplizarse en un trineo tirado por huskies. M\u00e1s tarde, el cocinero\u00a0 te deleitar\u00e1 con la especialidad de la noche, una cena caliente con vino y\u00a0 \u00abel caf\u00e9 del Hachero\u00bb.<\/p>","protected":false},"featured_media":2110,"comment_status":"open","ping_status":"closed","template":"","meta":[],"product_brand":[],"product_cat":[18,20],"product_tag":[],"class_list":{"0":"post-2107","1":"product","2":"type-product","3":"status-publish","4":"has-post-thumbnail","6":"product_cat-ushuaia","7":"product_cat-invierno","9":"first","10":"instock","11":"virtual","12":"sold-individually","13":"taxable","14":"purchasable","15":"product-type-booking"},"booking_location":"","booking_location_type":"","booking_duration":1,"booking_duration_unit":"day","booking_buffer":0,"booking_cost":0,"booking_resources":[],"_links":{"self":[{"href":"https:\/\/terramar.tur.ar\/pt\/wp-json\/wp\/v2\/product\/2107","targetHints":{"allow":["GET"]}}],"collection":[{"href":"https:\/\/terramar.tur.ar\/pt\/wp-json\/wp\/v2\/product"}],"about":[{"href":"https:\/\/terramar.tur.ar\/pt\/wp-json\/wp\/v2\/types\/product"}],"replies":[{"embeddable":true,"href":"https:\/\/terramar.tur.ar\/pt\/wp-json\/wp\/v2\/comments?post=2107"}],"wp:featuredmedia":[{"embeddable":true,"href":"https:\/\/terramar.tur.ar\/pt\/wp-json\/wp\/v2\/media\/2110"}],"wp:attachment":[{"href":"https:\/\/terramar.tur.ar\/pt\/wp-json\/wp\/v2\/media?parent=2107"}],"wp:term":[{"taxonomy":"product_brand","embeddable":true,"href":"https:\/\/terramar.tur.ar\/pt\/wp-json\/wp\/v2\/product_brand?post=2107"},{"taxonomy":"product_cat","embeddable":true,"href":"https:\/\/terramar.tur.ar\/pt\/wp-json\/wp\/v2\/product_cat?post=2107"},{"taxonomy":"product_tag","embeddable":true,"href":"https:\/\/terramar.tur.ar\/pt\/wp-json\/wp\/v2\/product_tag?post=2107"}],"curies":[{"name":"wp","href":"https:\/\/api.w.org\/{rel}","templated":true}]}}