{"id":2119,"date":"2024-07-29T18:00:49","date_gmt":"2024-07-29T18:00:49","guid":{"rendered":"https:\/\/terramar.tur.ar\/?post_type=product&#038;p=2119"},"modified":"2026-03-30T13:54:04","modified_gmt":"2026-03-30T16:54:04","slug":"aventura-branca","status":"publish","type":"product","link":"https:\/\/terramar.tur.ar\/pt\/produto\/aventura-branca\/","title":{"rendered":"Aventura branca"},"content":{"rendered":"<p>Saindo do hotel em dire\u00e7\u00e3o ao Vale Tierra Mayor, chegaremos ao Husky Park, onde nosso guia nos contar\u00e1 sobre a hist\u00f3ria, os cuidados e o treinamento dos c\u00e3es de tren\u00f3.<\/p>\n<p>Visitaremos a exposi\u00e7\u00e3o dos exploradores e teremos a oportunidade de interagir com os c\u00e3es! Nesse grande vale nevado, come\u00e7amos a viagem em tren\u00f3s puxados por Huskies. Depois de atravessar o vale, entramos na floresta por uma antiga estrada de lenhadores, no meio dessa floresta centen\u00e1ria de Lengas. Nos despedimos dos Huskies e passamos por paisagens de sonho em nossa moto de neve tandem. Depois de recebermos instru\u00e7\u00f5es, colocamos nossos capacetes e come\u00e7amos nosso retorno ao ref\u00fagio de forma mais r\u00e1pida e divertida.<\/p>\n<p>A caminhada termina no ref\u00fagio Hachero, onde recuperamos nossas energias com um chocolate quente. Do ref\u00fagio Hachero, retornamos ao vale Tierra Mayor.<\/p>\n<h3>A ser levado em conta<\/h3>\n<p><strong>Local e hor\u00e1rio de partida:<\/strong> Sa\u00edda de seu hotel \u00e0s 8h30.<br \/>\n<strong>Ele inclui:<\/strong> Recep\u00e7\u00e3o no hotel, chocolate quente, tren\u00f3 Husky e snowmobile.<br \/>\n<strong>Importante:<\/strong> o guia pode inverter a ordem das atividades e passeios.<br \/>\nAs bicicletas s\u00e3o de dois lugares, ou seja, 2 pessoas por bicicleta.<br \/>\n<strong>Requisitos:<\/strong> ter uma jaqueta imperme\u00e1vel, cal\u00e7as imperme\u00e1veis e botas\/botas de neve<\/p>\n<p>&nbsp;<\/p>\n<p>*TARIFAS DE PR\u00c9-VENDA AT\u00c9 15\/03\/2026.<\/p>\n<p><img fetchpriority=\"high\" decoding=\"async\" class=\"alignnone wp-image-2125 size-full\" src=\"https:\/\/terramar.tur.ar\/wp-content\/uploads\/2024\/07\/aventura-blanca-4-Terramar.jpg\" alt=\"aventura branca 3\" width=\"1200\" height=\"800\" srcset=\"https:\/\/terramar.tur.ar\/wp-content\/uploads\/2024\/07\/aventura-blanca-4-Terramar.jpg 1200w, https:\/\/terramar.tur.ar\/wp-content\/uploads\/2024\/07\/aventura-blanca-4-Terramar-300x200.jpg 300w, https:\/\/terramar.tur.ar\/wp-content\/uploads\/2024\/07\/aventura-blanca-4-Terramar-1024x683.jpg 1024w, https:\/\/terramar.tur.ar\/wp-content\/uploads\/2024\/07\/aventura-blanca-4-Terramar-768x512.jpg 768w, https:\/\/terramar.tur.ar\/wp-content\/uploads\/2024\/07\/aventura-blanca-4-Terramar-600x400.jpg 600w\" sizes=\"(max-width: 1200px) 100vw, 1200px\" \/><\/p>\n<p>&nbsp;<\/p>","protected":false},"excerpt":{"rendered":"<p>Uma aventura de inverno no Valle de Tierra Mayor para desfrutar desde o primeiro momento. Saia de seu hotel para o Husky Park, onde voc\u00ea aprender\u00e1 sobre a hist\u00f3ria e os cuidados com os c\u00e3es de tren\u00f3 e interagir\u00e1 com eles. Voc\u00ea viajar\u00e1 por belas paisagens nevadas em tren\u00f3s puxados por Huskies e, em seguida, far\u00e1 uma atividade de snowmobile por uma floresta centen\u00e1ria de Lengas. A experi\u00eancia culmina no ref\u00fagio do Hachero com um reconfortante chocolate quente - uma excurs\u00e3o emocionante!<\/p>","protected":false},"featured_media":2123,"comment_status":"open","ping_status":"closed","template":"","meta":[],"product_brand":[],"product_cat":[18,20],"product_tag":[],"class_list":{"0":"post-2119","1":"product","2":"type-product","3":"status-publish","4":"has-post-thumbnail","6":"product_cat-ushuaia","7":"product_cat-invierno","9":"first","10":"instock","11":"virtual","12":"sold-individually","13":"taxable","14":"purchasable","15":"product-type-booking"},"booking_location":"","booking_location_type":"","booking_duration":1,"booking_duration_unit":"day","booking_buffer":0,"booking_cost":0,"booking_resources":[],"_links":{"self":[{"href":"https:\/\/terramar.tur.ar\/pt\/wp-json\/wp\/v2\/product\/2119","targetHints":{"allow":["GET"]}}],"collection":[{"href":"https:\/\/terramar.tur.ar\/pt\/wp-json\/wp\/v2\/product"}],"about":[{"href":"https:\/\/terramar.tur.ar\/pt\/wp-json\/wp\/v2\/types\/product"}],"replies":[{"embeddable":true,"href":"https:\/\/terramar.tur.ar\/pt\/wp-json\/wp\/v2\/comments?post=2119"}],"wp:featuredmedia":[{"embeddable":true,"href":"https:\/\/terramar.tur.ar\/pt\/wp-json\/wp\/v2\/media\/2123"}],"wp:attachment":[{"href":"https:\/\/terramar.tur.ar\/pt\/wp-json\/wp\/v2\/media?parent=2119"}],"wp:term":[{"taxonomy":"product_brand","embeddable":true,"href":"https:\/\/terramar.tur.ar\/pt\/wp-json\/wp\/v2\/product_brand?post=2119"},{"taxonomy":"product_cat","embeddable":true,"href":"https:\/\/terramar.tur.ar\/pt\/wp-json\/wp\/v2\/product_cat?post=2119"},{"taxonomy":"product_tag","embeddable":true,"href":"https:\/\/terramar.tur.ar\/pt\/wp-json\/wp\/v2\/product_tag?post=2119"}],"curies":[{"name":"wp","href":"https:\/\/api.w.org\/{rel}","templated":true}]}}