{"id":2139,"date":"2024-12-01T19:56:46","date_gmt":"2024-12-01T19:56:46","guid":{"rendered":"https:\/\/terramar.tur.ar\/?post_type=product&#038;p=2139"},"modified":"2026-04-09T13:19:11","modified_gmt":"2026-04-09T16:19:11","slug":"parque-nacional-tierra-del-fuego","status":"publish","type":"product","link":"https:\/\/terramar.tur.ar\/pt\/produto\/parque-nacional-tierra-del-fuego\/","title":{"rendered":"Parque Nacional Tierra del Fuego"},"content":{"rendered":"<p><span style=\"font-weight: 400;\">N\u00f3s o convidamos a explorar o <\/span><b>Parque Nacional Tierra del Fuego<\/b><span style=\"font-weight: 400;\">, Um santu\u00e1rio natural de quase 70.000 hectares onde a Cordilheira dos Andes encontra o mar. Essa excurs\u00e3o \u00e9 obrigat\u00f3ria para aqueles que desejam se conectar com a natureza intocada do extremo sul e aprender sobre a hist\u00f3ria viva da Isla Grande de Tierra del Fuego.<\/span><\/p>\n<h3><b>O in\u00edcio da aventura: do hotel ao trem do fim do mundo<\/b><\/h3>\n<p><span style=\"font-weight: 400;\">Nosso dia come\u00e7a cedo, \u00e0s 8:00 horas, com nossa <\/span><b>Coleta diretamente em sua acomoda\u00e7\u00e3o<\/b><span style=\"font-weight: 400;\">. Depois de viajar apenas 8 quil\u00f4metros pela emblem\u00e1tica Rota Nacional 3, chegaremos \u00e0 hist\u00f3rica Fuegian Southern Railway Station.<\/span><\/p>\n<p><span style=\"font-weight: 400;\">Aqui, os viajantes t\u00eam a oportunidade opcional de embarcar no lend\u00e1rio <\/span><b>Trem do Fim do Mundo<\/b><span style=\"font-weight: 400;\">. Em uma magn\u00edfica rota de 7 quil\u00f4metros, voc\u00ea percorrer\u00e1 o mesmo caminho que os detentos da antiga pris\u00e3o de Ushuaia costumavam percorrer no in\u00edcio do s\u00e9culo XX. A bordo de elegantes carruagens, voc\u00ea passar\u00e1 por florestas de lengas, p\u00e2ntanos de turfa e pela espetacular cachoeira La Macarena no Paseo del Valle, enquanto a hist\u00f3ria a bordo o imerge no passado penal da cidade.<\/span><\/p>\n<p><span style=\"font-weight: 400;\">Para os passageiros que preferirem n\u00e3o fazer o trecho ferrovi\u00e1rio, nosso transporte continuar\u00e1 a viagem para o interior do parque, uma \u00e1rea protegida de biodiversidade \u00fanica dedicada \u00e0 preserva\u00e7\u00e3o da floresta subant\u00e1rtica. N\u00f3s nos encontraremos com o restante do grupo na esta\u00e7\u00e3o final para continuar nossa explora\u00e7\u00e3o conjunta nas partes mais remotas da reserva.<\/span><\/p>\n<h3><b>Ensenada, Ba\u00eda de Zaratiegui e o Correio do Fim do Mundo<\/b><\/h3>\n<p><span style=\"font-weight: 400;\">Uma das principais atra\u00e7\u00f5es de nosso itiner\u00e1rio \u00e9 a visita ao <\/span><b>Ensenada Ba\u00eda de Zaratiegui<\/b><span style=\"font-weight: 400;\">. Essa ba\u00eda oferece uma das vistas mais cativantes da regi\u00e3o. <\/span><b>Canal Beagle<\/b><span style=\"font-weight: 400;\">, com as ilhas chilenas de Redonda e Estorbo no horizonte.<\/span><\/p>\n<p><span style=\"font-weight: 400;\">Esse \u00e9 o local do famoso <\/span><b>Unidade postal do fim do mundo<\/b><span style=\"font-weight: 400;\">, A ag\u00eancia postal mais ao sul do planeta. O contraste entre o azul do mar e o verde denso das florestas de coihues e guindos faz desse lugar uma parada obrigat\u00f3ria para os amantes da fotografia.<\/span><\/p>\n<h3><b>Paisagens glaciais: Lago Acigami e Centro Alakush<\/b><\/h3>\n<p><span style=\"font-weight: 400;\">Continuando nossa jornada, iremos para o <\/span><b>Lago Acigami<\/b><span style=\"font-weight: 400;\"> (tamb\u00e9m conhecido como Lago Roca). Esse espelho d'\u00e1gua de origem glacial, compartilhado com a vizinha Rep\u00fablica do Chile, oferece um ambiente de absoluta paz. Suas \u00e1guas cristalinas, emolduradas pelas colinas de C\u00f3ndor e Guanaco, s\u00e3o o cen\u00e1rio perfeito para observar o comportamento de aves nativas, como os cauquenes e o pato a vapor.<\/span><\/p>\n<p><span style=\"font-weight: 400;\">Em seguida, visitaremos o <\/span><b>Centro de Interpreta\u00e7\u00e3o Alakush<\/b><span style=\"font-weight: 400;\">. Esse espa\u00e7o do museu \u00e9 fundamental para entender a magnitude do ecossistema que estamos visitando. Aqui voc\u00ea aprender\u00e1 sobre a geologia da \u00e1rea e a cultura da regi\u00e3o. <\/span><b>Y\u00e1manas<\/b><span style=\"font-weight: 400;\">, Os habitantes originais que navegaram por essas costas em canoas h\u00e1 milhares de anos.<\/span><\/p>\n<h3><b>Ba\u00eda de Lapataia: o fim da Rota Panamericana<\/b><\/h3>\n<p><span style=\"font-weight: 400;\">O ponto alto do dia \u00e9 uma visita ao <\/span><b>Ba\u00eda de Lapataia<\/b><span style=\"font-weight: 400;\">. Esse local tem um valor simb\u00f3lico incompar\u00e1vel: \u00e9 o <\/span><b>fim da Rota Panamericana<\/b><span style=\"font-weight: 400;\">. Esse \u00e9 o fim do sistema rodovi\u00e1rio que conecta todo o continente americano, desde o Alasca at\u00e9 esse ponto preciso no sul da Argentina. Caminharemos por suas passarelas de madeira, respirando o ar fresco do canal, antes de iniciarmos o confort\u00e1vel retorno \u00e0 cidade de Ushuaia.<\/span><\/p>\n<h4><b>Detalhes log\u00edsticos e recomenda\u00e7\u00f5es<\/b><\/h4>\n<ul>\n<li style=\"font-weight: 400;\"><b>Hor\u00e1rios de partida:<\/b><span style=\"font-weight: 400;\"> 08:00 hs (Pick up em hot\u00e9is localizados no centro).<\/span><\/li>\n<li style=\"font-weight: 400;\"><b>Retorno estimado:<\/b><span style=\"font-weight: 400;\"> 13:30 hs para a cidade.<\/span><\/li>\n<li style=\"font-weight: 400;\"><b>Idiomas:<\/b><span style=\"font-weight: 400;\"> Servi\u00e7o de guia bil\u00edngue certificado (<\/span><b>Espanhol e ingl\u00eas<\/b><span style=\"font-weight: 400;\">).<\/span><\/li>\n<li style=\"font-weight: 400;\"><b>Combina\u00e7\u00e3o:<\/b><span style=\"font-weight: 400;\"> A excurs\u00e3o pode ser combinada com o <\/span><b>Trem do Fim do Mundo<\/b><span style=\"font-weight: 400;\"> (ingresso n\u00e3o inclu\u00eddo).<\/span><\/li>\n<li style=\"font-weight: 400;\"><b>Ingressos:<\/b><span style=\"font-weight: 400;\"> O ingresso para o Parque Nacional deve ser pago separadamente no port\u00e3o de entrada.<\/span><\/li>\n<li style=\"font-weight: 400;\"><b>Validade:<\/b><span style=\"font-weight: 400;\"> Tarifas v\u00e1lidas at\u00e9 <\/span><b>30\/06\/2026<\/b><span style=\"font-weight: 400;\">. Para datas posteriores, entre em contato conosco por e-mail ou WhatsApp.<\/span><\/li>\n<\/ul>\n<p><b>Nota de seguran\u00e7a:<\/b><span style=\"font-weight: 400;\"> Os passeios est\u00e3o sujeitos \u00e0s condi\u00e7\u00f5es clim\u00e1ticas. O itiner\u00e1rio est\u00e1 sujeito a altera\u00e7\u00f5es sem aviso pr\u00e9vio para garantir a seguran\u00e7a e a divers\u00e3o do grupo.<\/span><\/p>\n<h2 class=\"main-title inner grey\"><img fetchpriority=\"high\" decoding=\"async\" class=\"alignnone wp-image-2149 size-full\" src=\"https:\/\/terramar.tur.ar\/wp-content\/uploads\/2024\/07\/Parque-nacional-tierra-del-fuego-4-Terramar.jpg\" alt=\"Parque Nacional Tierra del Fuego 6\" width=\"1200\" height=\"800\" srcset=\"https:\/\/terramar.tur.ar\/wp-content\/uploads\/2024\/07\/Parque-nacional-tierra-del-fuego-4-Terramar.jpg 1200w, https:\/\/terramar.tur.ar\/wp-content\/uploads\/2024\/07\/Parque-nacional-tierra-del-fuego-4-Terramar-300x200.jpg 300w, https:\/\/terramar.tur.ar\/wp-content\/uploads\/2024\/07\/Parque-nacional-tierra-del-fuego-4-Terramar-1024x683.jpg 1024w, https:\/\/terramar.tur.ar\/wp-content\/uploads\/2024\/07\/Parque-nacional-tierra-del-fuego-4-Terramar-768x512.jpg 768w, https:\/\/terramar.tur.ar\/wp-content\/uploads\/2024\/07\/Parque-nacional-tierra-del-fuego-4-Terramar-600x400.jpg 600w\" sizes=\"(max-width: 1200px) 100vw, 1200px\" \/><\/h2>\n<p>&nbsp;<\/p>","protected":false},"excerpt":{"rendered":"<div class=\"flex-shrink-0 flex flex-col relative items-end\">\n<div class=\"pt-0\">\n<div class=\"gizmo-bot-avatar flex h-8 w-8 items-center justify-center overflow-hidden rounded-full\">\n<div class=\"relative p-1 rounded-sm flex items-center justify-center bg-token-main-surface-primary text-token-text-primary h-8 w-8\">Fizemos um tour pelo Parque Nacional Tierra del Fuego. Visitamos a Ba\u00eda Lapataia, o Lago Acigami e a Enseada Zaratiegui. Op\u00e7\u00e3o do Trem do Fim do Mundo.<\/div>\n<\/div>\n<\/div>\n<\/div>","protected":false},"featured_media":8753,"comment_status":"open","ping_status":"closed","template":"","meta":[],"product_brand":[],"product_cat":[18,60],"product_tag":[65,63,62,64,66],"class_list":{"0":"post-2139","1":"product","2":"type-product","3":"status-publish","4":"has-post-thumbnail","6":"product_cat-ushuaia","7":"product_cat-todo-el-ano","8":"product_tag-bahia-lapataia","9":"product_tag-familiar","10":"product_tag-imperdibles","11":"product_tag-naturaleza","12":"product_tag-tren-del-fin-del-mundo","14":"first","15":"instock","16":"sale","17":"featured","18":"virtual","19":"sold-individually","20":"taxable","21":"purchasable","22":"product-type-booking"},"booking_location":"","booking_location_type":"","booking_duration":1,"booking_duration_unit":"day","booking_buffer":0,"booking_cost":0,"booking_resources":[],"_links":{"self":[{"href":"https:\/\/terramar.tur.ar\/pt\/wp-json\/wp\/v2\/product\/2139","targetHints":{"allow":["GET"]}}],"collection":[{"href":"https:\/\/terramar.tur.ar\/pt\/wp-json\/wp\/v2\/product"}],"about":[{"href":"https:\/\/terramar.tur.ar\/pt\/wp-json\/wp\/v2\/types\/product"}],"replies":[{"embeddable":true,"href":"https:\/\/terramar.tur.ar\/pt\/wp-json\/wp\/v2\/comments?post=2139"}],"wp:featuredmedia":[{"embeddable":true,"href":"https:\/\/terramar.tur.ar\/pt\/wp-json\/wp\/v2\/media\/8753"}],"wp:attachment":[{"href":"https:\/\/terramar.tur.ar\/pt\/wp-json\/wp\/v2\/media?parent=2139"}],"wp:term":[{"taxonomy":"product_brand","embeddable":true,"href":"https:\/\/terramar.tur.ar\/pt\/wp-json\/wp\/v2\/product_brand?post=2139"},{"taxonomy":"product_cat","embeddable":true,"href":"https:\/\/terramar.tur.ar\/pt\/wp-json\/wp\/v2\/product_cat?post=2139"},{"taxonomy":"product_tag","embeddable":true,"href":"https:\/\/terramar.tur.ar\/pt\/wp-json\/wp\/v2\/product_tag?post=2139"}],"curies":[{"name":"wp","href":"https:\/\/api.w.org\/{rel}","templated":true}]}}