{"id":2152,"date":"2024-12-10T20:27:35","date_gmt":"2024-12-10T20:27:35","guid":{"rendered":"https:\/\/terramar.tur.ar\/?post_type=product&#038;p=2152"},"modified":"2026-03-30T13:28:42","modified_gmt":"2026-03-30T16:28:42","slug":"trem-para-o-fim-do-mundo","status":"publish","type":"product","link":"https:\/\/terramar.tur.ar\/pt\/produto\/trem-para-o-fim-do-mundo\/","title":{"rendered":"Trem do Fim do Mundo"},"content":{"rendered":"<div class=\"wrapper_contenidos\">\n<p><span style=\"font-weight: 400;\">Descubra a magia de <\/span><b>Terra do Fogo<\/b><span style=\"font-weight: 400;\"> a bordo do lend\u00e1rio <\/span><b>Ferrocarril Austral Fueguino<\/b><span style=\"font-weight: 400;\">conhecido mundialmente como o <\/span><b>Trem do Fim do Mundo<\/b><span style=\"font-weight: 400;\">. Esta n\u00e3o \u00e9 apenas uma excurs\u00e3o tur\u00edstica; \u00e9 uma viagem no tempo que lhe permite reviver a hist\u00f3ria dos antigos colonizadores e da m\u00edtica pris\u00e3o de Ushuaia, enquanto se maravilha com as paisagens mais ao sul do planeta.<\/span><\/p>\n<h3><b>A hist\u00f3ria viva dos prisioneiros de Ushuaia<\/b><\/h3>\n<p><span style=\"font-weight: 400;\">No in\u00edcio do s\u00e9culo XX, os detentos da pris\u00e3o de Ushuaia usavam esse trem para viajar da pris\u00e3o at\u00e9 as encostas do Monte Susana. Sua miss\u00e3o era coletar madeira e materiais de constru\u00e7\u00e3o para o crescimento da cidade incipiente. Hoje, voc\u00ea pode percorrer esses mesmos caminhos, mas com o conforto de modernos vag\u00f5es aquecidos e a narra\u00e7\u00e3o de guias especializados que o transportar\u00e3o \u00e0quela \u00e9poca de pioneiros e lendas.<\/span><\/p>\n<p><span style=\"font-weight: 400;\">O passeio come\u00e7a no <\/span><b>Esta\u00e7\u00e3o de trem principal<\/b><span style=\"font-weight: 400;\">Ele est\u00e1 localizado a apenas 8 km da cidade de Ushuaia. Desde o momento em que voc\u00ea embarca, o apito da locomotiva a vapor (em algumas partidas) anuncia que voc\u00ea est\u00e1 prestes a entrar em um territ\u00f3rio virgem e protegido.<\/span><\/p>\n<h3><b>Um passeio de beleza natural insuper\u00e1vel<\/b><\/h3>\n<p><span style=\"font-weight: 400;\">Ao longo dos \u00faltimos 7 quil\u00f4metros da viagem, o trem entra no cora\u00e7\u00e3o da <\/span><b>Parque Nacional Tierra del Fuego<\/b><span style=\"font-weight: 400;\">. A paisagem \u00e9 uma sucess\u00e3o de cart\u00f5es postais inesquec\u00edveis:<\/span><\/p>\n<ul>\n<li style=\"font-weight: 400;\"><b>El Ca\u00f1ad\u00f3n del Toro:<\/b><span style=\"font-weight: 400;\"> Uma forma\u00e7\u00e3o geogr\u00e1fica imponente onde a natureza mostra sua for\u00e7a.<\/span><\/li>\n<li style=\"font-weight: 400;\"><b>Cachoeira La Macarena:<\/b><span style=\"font-weight: 400;\"> O trem faz uma parada t\u00e9cnica na Esta\u00e7\u00e3o Macarena e no Paseo del Valle. Aqui, os passageiros podem desembarcar para visitar a reconstru\u00e7\u00e3o de um acampamento da tribo n\u00f4made dos <\/span><b>Y\u00e1manas<\/b><span style=\"font-weight: 400;\"> ou suba at\u00e9 um mirante para observar a cachoeira que nasce das \u00e1guas do degelo da montanha.<\/span><\/li>\n<li style=\"font-weight: 400;\"><b>O cemit\u00e9rio de \u00e1rvores:<\/b><span style=\"font-weight: 400;\"> \u00c9 poss\u00edvel ver os tocos (restos de troncos) deixados pelos prisioneiros ap\u00f3s d\u00e9cadas de extra\u00e7\u00e3o de madeira. Essas \u00e1rvores cortadas at\u00e9 o ch\u00e3o s\u00e3o um testemunho silencioso do trabalho for\u00e7ado e da passagem do tempo.<\/span><\/li>\n<li style=\"font-weight: 400;\"><b>Turfeiras e florestas:<\/b><span style=\"font-weight: 400;\"> Passaremos por densas florestas de lengas e \u00f1ires, bem como por \u00e1reas de turfa, um ecossistema vital encontrado apenas nessas latitudes extremas.<\/span><\/li>\n<\/ul>\n<h3><b>Detalhes de experi\u00eancia e conforto<\/b><\/h3>\n<p><span style=\"font-weight: 400;\">O <\/span><b>Trem do Fim do Mundo<\/b><span style=\"font-weight: 400;\"> oferece diferentes categorias para que voc\u00ea possa personalizar sua experi\u00eancia:<\/span><\/p>\n<ol>\n<li style=\"font-weight: 400;\"><b>Classe econ\u00f4mica:<\/b><span style=\"font-weight: 400;\"> Vag\u00f5es confort\u00e1veis com janelas grandes para que voc\u00ea n\u00e3o perca nenhum detalhe dos arredores.<\/span><\/li>\n<li style=\"font-weight: 400;\"><b>Classe Premium:<\/b><span style=\"font-weight: 400;\"> A op\u00e7\u00e3o mais exclusiva, ideal para quem procura o m\u00e1ximo de conforto e uma experi\u00eancia gastron\u00f4mica t\u00edpica enquanto observa a paisagem. (Consultar valor)<\/span><\/li>\n<\/ol>\n<h4><b>Informa\u00e7\u00f5es log\u00edsticas para sua visita<\/b><\/h4>\n<ul>\n<li style=\"font-weight: 400;\"><b>Ponto de partida:<\/b><span style=\"font-weight: 400;\"> End of the World Station (Rota Nacional n\u00ba 3, km 3077).<\/span><\/li>\n<li style=\"font-weight: 400;\"><b>Dura\u00e7\u00e3o:<\/b><span style=\"font-weight: 400;\"> Aproximadamente 1 hora e 45 minutos (ida e volta).<\/span><\/li>\n<li style=\"font-weight: 400;\"><b>Temporada:<\/b><span style=\"font-weight: 400;\"> Operacional durante todo o ano. No inverno, a paisagem nevada oferece uma perspectiva m\u00edstica e \u00fanica.<\/span><\/li>\n<\/ul>\n<p><b>Combina\u00e7\u00e3o ideal:<\/b><span style=\"font-weight: 400;\"> Essa atividade \u00e9 o complemento perfeito para a excurs\u00e3o de meio dia ao <\/span><b>Parque Nacional Tierra del Fuego<\/b><span style=\"font-weight: 400;\">. Muitos passageiros optam por fazer o trajeto de ida no trem e ser apanhados pelo seu transporte no final da viagem de trem.<\/span><\/p>\n<\/div>\n<p><strong>*Os traslados para a esta\u00e7\u00e3o n\u00e3o est\u00e3o inclu\u00eddos.<\/strong><\/p>\n<p><img fetchpriority=\"high\" decoding=\"async\" class=\"alignnone wp-image-2163 size-full\" src=\"https:\/\/terramar.tur.ar\/wp-content\/uploads\/2024\/07\/Tren-del-fin-del-mundo-8-Terramar.jpg\" alt=\"Trem para o fim do mundo 7\" width=\"1200\" height=\"800\" srcset=\"https:\/\/terramar.tur.ar\/wp-content\/uploads\/2024\/07\/Tren-del-fin-del-mundo-8-Terramar.jpg 1200w, https:\/\/terramar.tur.ar\/wp-content\/uploads\/2024\/07\/Tren-del-fin-del-mundo-8-Terramar-300x200.jpg 300w, https:\/\/terramar.tur.ar\/wp-content\/uploads\/2024\/07\/Tren-del-fin-del-mundo-8-Terramar-1024x683.jpg 1024w, https:\/\/terramar.tur.ar\/wp-content\/uploads\/2024\/07\/Tren-del-fin-del-mundo-8-Terramar-768x512.jpg 768w, https:\/\/terramar.tur.ar\/wp-content\/uploads\/2024\/07\/Tren-del-fin-del-mundo-8-Terramar-600x400.jpg 600w\" sizes=\"(max-width: 1200px) 100vw, 1200px\" \/><\/p>\n<p>&nbsp;<\/p>\n<p><strong>*Os traslados para a esta\u00e7\u00e3o n\u00e3o est\u00e3o inclu\u00eddos.<\/strong><\/p>","protected":false},"excerpt":{"rendered":"<p>Visitar o Trem do Fim do Mundo \u00e9 embarcar em uma aventura \u00fanica, uma experi\u00eancia que revive a hist\u00f3ria e a beleza natural de Ushuaia. Hist\u00f3rico e emblem\u00e1tico, o trem percorre parte da antiga rota do trem dos prisioneiros, que partia da pris\u00e3o de Ushuaia at\u00e9 as encostas do Monte Susana para coletar materiais para constru\u00e7\u00e3o. Durante a viagem, voc\u00ea desfrutar\u00e1 de um cen\u00e1rio de tirar o f\u00f4lego, incluindo o sinuoso Rio Pipo, a cachoeira La Macarena, o cemit\u00e9rio de \u00e1rvores e a majestosa floresta de lengas. Uma oportunidade \u00fanica de desfrutar de uma ferrovia antiga com locomotivas a vapor.<\/p>","protected":false},"featured_media":2158,"comment_status":"open","ping_status":"closed","template":"","meta":[],"product_brand":[],"product_cat":[18,60],"product_tag":[],"class_list":{"0":"post-2152","1":"product","2":"type-product","3":"status-publish","4":"has-post-thumbnail","6":"product_cat-ushuaia","7":"product_cat-todo-el-ano","9":"first","10":"instock","11":"featured","12":"virtual","13":"sold-individually","14":"taxable","15":"purchasable","16":"product-type-booking"},"booking_location":"","booking_location_type":"","booking_duration":1,"booking_duration_unit":"day","booking_buffer":0,"booking_cost":0,"booking_resources":[],"_links":{"self":[{"href":"https:\/\/terramar.tur.ar\/pt\/wp-json\/wp\/v2\/product\/2152","targetHints":{"allow":["GET"]}}],"collection":[{"href":"https:\/\/terramar.tur.ar\/pt\/wp-json\/wp\/v2\/product"}],"about":[{"href":"https:\/\/terramar.tur.ar\/pt\/wp-json\/wp\/v2\/types\/product"}],"replies":[{"embeddable":true,"href":"https:\/\/terramar.tur.ar\/pt\/wp-json\/wp\/v2\/comments?post=2152"}],"wp:featuredmedia":[{"embeddable":true,"href":"https:\/\/terramar.tur.ar\/pt\/wp-json\/wp\/v2\/media\/2158"}],"wp:attachment":[{"href":"https:\/\/terramar.tur.ar\/pt\/wp-json\/wp\/v2\/media?parent=2152"}],"wp:term":[{"taxonomy":"product_brand","embeddable":true,"href":"https:\/\/terramar.tur.ar\/pt\/wp-json\/wp\/v2\/product_brand?post=2152"},{"taxonomy":"product_cat","embeddable":true,"href":"https:\/\/terramar.tur.ar\/pt\/wp-json\/wp\/v2\/product_cat?post=2152"},{"taxonomy":"product_tag","embeddable":true,"href":"https:\/\/terramar.tur.ar\/pt\/wp-json\/wp\/v2\/product_tag?post=2152"}],"curies":[{"name":"wp","href":"https:\/\/api.w.org\/{rel}","templated":true}]}}