{"id":2168,"date":"2024-07-31T17:43:49","date_gmt":"2024-07-31T17:43:49","guid":{"rendered":"https:\/\/terramar.tur.ar\/?post_type=product&#038;p=2168"},"modified":"2026-03-30T13:52:54","modified_gmt":"2026-03-30T16:52:54","slug":"dia-inteiro-de-neve","status":"publish","type":"product","link":"https:\/\/terramar.tur.ar\/pt\/produto\/dia-inteiro-de-neve\/","title":{"rendered":"Dia inteiro de neve"},"content":{"rendered":"<div class=\"wrapper_contenidos\">A op\u00e7\u00e3o mais completa para aproveitar a neve fueguina! Partindo do hotel em dire\u00e7\u00e3o ao Vale Tierra Mayor, a aventura come\u00e7a.<\/div>\n<div><\/div>\n<div class=\"wrapper_contenidos\">Depois de receber instru\u00e7\u00f5es do nosso guia, cal\u00e7amos nossas raquetes de neve e come\u00e7amos uma caminhada pelos arredores, visitando pontos panor\u00e2micos e contemplando a majestosa paisagem. A caminhada nos leva de volta \u00e0 c\u00fapula\/restaurante, onde teremos tempo para almo\u00e7ar.<\/div>\n<div><\/div>\n<div class=\"wrapper_contenidos\">Depois do almo\u00e7o, fizemos a experi\u00eancia com os filhotes. <strong>dependendo da op\u00e7\u00e3o escolhida<\/strong> e dirigir um snowmobile em uma aventura guiada.<\/div>\n<div><\/div>\n<p><img fetchpriority=\"high\" decoding=\"async\" class=\"alignnone wp-image-2371 size-full\" src=\"https:\/\/terramar.tur.ar\/wp-content\/uploads\/2024\/07\/Full-day-nueve-1_7-Terramar.jpg\" alt=\"Dia inteiro de neve_ 1\" width=\"1200\" height=\"800\" srcset=\"https:\/\/terramar.tur.ar\/wp-content\/uploads\/2024\/07\/Full-day-nueve-1_7-Terramar.jpg 1200w, https:\/\/terramar.tur.ar\/wp-content\/uploads\/2024\/07\/Full-day-nueve-1_7-Terramar-300x200.jpg 300w, https:\/\/terramar.tur.ar\/wp-content\/uploads\/2024\/07\/Full-day-nueve-1_7-Terramar-1024x683.jpg 1024w, https:\/\/terramar.tur.ar\/wp-content\/uploads\/2024\/07\/Full-day-nueve-1_7-Terramar-768x512.jpg 768w, https:\/\/terramar.tur.ar\/wp-content\/uploads\/2024\/07\/Full-day-nueve-1_7-Terramar-600x400.jpg 600w\" sizes=\"(max-width: 1200px) 100vw, 1200px\" \/><\/p>\n<h3>Informa\u00e7\u00f5es importantes<\/h3>\n<ul>\n<li><strong>Local e hor\u00e1rio de partida:<\/strong> Sa\u00edda de seu hotel \u00e0s 9h00.<\/li>\n<li><strong>Dura\u00e7\u00e3o<\/strong>: 8 Hs.<\/li>\n<li><strong>Requisitos:<\/strong> jaqueta imperme\u00e1vel, cal\u00e7a imperme\u00e1vel e botas\/sapatos imperme\u00e1veis.<br \/>\nneve<\/li>\n<\/ul>\n<p><strong>Tarifas de acordo com a op\u00e7\u00e3o escolhida:<\/strong><br \/>\n<strong>A) Tarifa para adultos: $390.000<\/strong> com tren\u00f3 (1,2 km) \/ <strong>$297.000 sem marreta<\/strong> <strong>Ele inclui:<\/strong> raquetes de neve, passeio de snowmobile, passeio de tren\u00f3 puxado por husky e ve\u00edculo 4\u00d74 com esteiras (dependendo das condi\u00e7\u00f5es do terreno), uso de culipatina \u00e0 disposi\u00e7\u00e3o e almo\u00e7o (bebidas n\u00e3o inclu\u00eddas).<br \/>\n<strong>B) Tarifa de adulto: $320.000 Inclui:<\/strong> raquetes de neve, passeio de snowmobile, experi\u00eancia de Mushing sem tren\u00f3, gomones, almo\u00e7o com bebida e 1 hora de esqui cross-country.<\/p>\n<ul>\n<li>A ordem das atividades e passeios pode ser invertida dependendo das condi\u00e7\u00f5es de neve\/tempo e a crit\u00e9rio do guia.<\/li>\n<li>As bicicletas s\u00e3o de dois lugares e transportam 2 passageiros por bicicleta, com a possibilidade de troca na metade do percurso.<\/li>\n<\/ul>\n<p>&nbsp;<\/p>\n<p>*TARIFAS DE PR\u00c9-VENDA AT\u00c9 15\/03\/2026.<\/p>\n<p>&nbsp;<\/p>","protected":false},"excerpt":{"rendered":"<p>Uma excurs\u00e3o com a neve fueguina em sua melhor forma em uma atividade muito completa. Em Valle Tierra Mayor, a aventura come\u00e7a com um passeio em um ve\u00edculo especialmente equipado com esteiras de lagarta pela grande plan\u00edcie nevada do vale at\u00e9 a floresta. Em seguida, um passeio espetacular em raquetes de neve, motos de neve e tren\u00f3s puxados por huskies e almo\u00e7o em uma aconchegante c\u00fapula aquecida - uma emocionante aventura na neve!<\/p>","protected":false},"featured_media":2372,"comment_status":"open","ping_status":"closed","template":"","meta":[],"product_brand":[],"product_cat":[18,20],"product_tag":[],"class_list":{"0":"post-2168","1":"product","2":"type-product","3":"status-publish","4":"has-post-thumbnail","6":"product_cat-ushuaia","7":"product_cat-invierno","9":"first","10":"instock","11":"virtual","12":"sold-individually","13":"taxable","14":"purchasable","15":"product-type-booking"},"booking_location":"","booking_location_type":"","booking_duration":1,"booking_duration_unit":"day","booking_buffer":0,"booking_cost":0,"booking_resources":[],"_links":{"self":[{"href":"https:\/\/terramar.tur.ar\/pt\/wp-json\/wp\/v2\/product\/2168","targetHints":{"allow":["GET"]}}],"collection":[{"href":"https:\/\/terramar.tur.ar\/pt\/wp-json\/wp\/v2\/product"}],"about":[{"href":"https:\/\/terramar.tur.ar\/pt\/wp-json\/wp\/v2\/types\/product"}],"replies":[{"embeddable":true,"href":"https:\/\/terramar.tur.ar\/pt\/wp-json\/wp\/v2\/comments?post=2168"}],"wp:featuredmedia":[{"embeddable":true,"href":"https:\/\/terramar.tur.ar\/pt\/wp-json\/wp\/v2\/media\/2372"}],"wp:attachment":[{"href":"https:\/\/terramar.tur.ar\/pt\/wp-json\/wp\/v2\/media?parent=2168"}],"wp:term":[{"taxonomy":"product_brand","embeddable":true,"href":"https:\/\/terramar.tur.ar\/pt\/wp-json\/wp\/v2\/product_brand?post=2168"},{"taxonomy":"product_cat","embeddable":true,"href":"https:\/\/terramar.tur.ar\/pt\/wp-json\/wp\/v2\/product_cat?post=2168"},{"taxonomy":"product_tag","embeddable":true,"href":"https:\/\/terramar.tur.ar\/pt\/wp-json\/wp\/v2\/product_tag?post=2168"}],"curies":[{"name":"wp","href":"https:\/\/api.w.org\/{rel}","templated":true}]}}