{"id":2351,"date":"2024-12-03T18:38:05","date_gmt":"2024-12-03T18:38:05","guid":{"rendered":"https:\/\/terramar.tur.ar\/?post_type=product&#038;p=2351"},"modified":"2026-04-21T13:01:03","modified_gmt":"2026-04-21T16:01:03","slug":"navegacao-com-pinguins-na-hammer-island","status":"publish","type":"product","link":"https:\/\/terramar.tur.ar\/pt\/produto\/navegacao-com-pinguins-na-hammer-island\/","title":{"rendered":"Navega\u00e7\u00e3o Ping\u00fcinera e Isla Martillo"},"content":{"rendered":"<p><span style=\"font-weight: 400;\">Se estiver planejando sua viagem ao Fim do Mundo, h\u00e1 uma experi\u00eancia que se destaca de todas as outras por sua capacidade de conectar o viajante com a vida selvagem mais pura da Patag\u00f4nia: o <\/span><b>navega\u00e7\u00e3o Ping\u00fcinera e Isla Martillo<\/b><span style=\"font-weight: 400;\">. Essa viagem prolongada n\u00e3o apenas o leva aos pontos hist\u00f3ricos mais emblem\u00e1ticos do Canal de Beagle, mas tamb\u00e9m o leva aos confins da Ilha Grande da Terra do Fogo para testemunhar a vida selvagem em seu estado mais natural.<\/span><\/p>\n<h2><b>El Zarpe: in\u00edcio da aventura a partir de Ushuaia<\/b><\/h2>\n<p><span style=\"font-weight: 400;\">Nossa jornada come\u00e7a no <\/span><b>Cais tur\u00edstico de Ushuaia<\/b><span style=\"font-weight: 400;\">. Dependendo de sua prefer\u00eancia, voc\u00ea pode escolher entre duas sa\u00eddas di\u00e1rias: uma de manh\u00e3 cedo, \u00e0s <\/span><b>09:00 hs<\/b><span style=\"font-weight: 400;\">ideal para aqueles que querem aproveitar ao m\u00e1ximo a luz do sol do in\u00edcio da manh\u00e3, ou uma noite no <\/span><b>15:00 hs<\/b><span style=\"font-weight: 400;\">O lugar perfeito para aqueles que preferem uma manh\u00e3 relaxante na cidade.<\/span><\/p>\n<p><span style=\"font-weight: 400;\">Ao zarparmos, a cidade de Ushuaia se abre diante de n\u00f3s, oferecendo uma vista panor\u00e2mica da Cordilheira dos Andes e da Geleira Martial de tirar o f\u00f4lego.<\/span><\/p>\n<h2><b>Pontos de refer\u00eancia do canal: Farol, lobos e p\u00e1ssaros<\/b><\/h2>\n<p><span style=\"font-weight: 400;\">Antes de chegar ao encontro com os pinguins, o catamar\u00e3 o leva aos locais que tornaram o Canal de Beagle mundialmente famoso:<\/span><\/p>\n<ol>\n<li style=\"font-weight: 400;\"><b>Ilha dos P\u00e1ssaros:<\/b><span style=\"font-weight: 400;\"> Um verdadeiro santu\u00e1rio de biodiversidade. Aqui \u00e9 poss\u00edvel observar col\u00f4nias de cormor\u00f5es imperiais e reais (muitas vezes confundidos com pinguins por causa de sua plumagem), albatrozes de sobrancelha negra, skuas e gaivotas do sul.<\/span><\/li>\n<li style=\"font-weight: 400;\"><b>Isla de los Lobos:<\/b><span style=\"font-weight: 400;\"> Diminuiremos a velocidade para ver de perto as focas de um e dois pelos. Observ\u00e1-los descansando em afloramentos rochosos ou brincando nas \u00e1guas frias do canal \u00e9 uma experi\u00eancia inesquec\u00edvel.<\/span><\/li>\n<li style=\"font-weight: 400;\"><b>Farol Les \u00c9claireurs:<\/b><span style=\"font-weight: 400;\"> Faremos uma parada em frente ao \"aut\u00eantico\" s\u00edmbolo fueguino. Esse farol, \u00e0s vezes erroneamente chamado de \"no fim do mundo\", \u00e9 o guardi\u00e3o da entrada da Ba\u00eda de Ushuaia e o local favorito para capturar a fotografia mais emblem\u00e1tica de sua viagem.<\/span><\/li>\n<\/ol>\n<h2><b>O cl\u00edmax da viagem: a col\u00f4nia de pinguins na Ilha Hammerhead<\/b><\/h2>\n<p><span style=\"font-weight: 400;\">Depois de deixar o farol para tr\u00e1s, a navega\u00e7\u00e3o continua para o leste, entrando em \u00e1reas menos movimentadas do canal at\u00e9 chegar ao <\/span><b>Ilha do Martelo<\/b><span style=\"font-weight: 400;\">. Esse local \u00e9 o lar de uma col\u00f4nia de <\/span><b>Pinguins de Magalh\u00e3es<\/b><span style=\"font-weight: 400;\"> e algumas c\u00f3pias de <\/span><b>Pinguim Gentoo<\/b><span style=\"font-weight: 400;\">.<\/span><\/p>\n<p><span style=\"font-weight: 400;\">O que torna nossa excurs\u00e3o \u00fanica \u00e9 a manobra de aproxima\u00e7\u00e3o: o catamar\u00e3 <\/span><b>colocar\u00e1 sua proa suavemente na praia<\/b><span style=\"font-weight: 400;\">. Do conv\u00e9s do barco, a uma dist\u00e2ncia m\u00ednima e respeitosa, voc\u00ea poder\u00e1 observar como essas simp\u00e1ticas aves interagem, caminham ao longo da costa e cuidam de seus ninhos. \u00c9 um momento de sil\u00eancio e admira\u00e7\u00e3o, onde a proximidade com a vida selvagem atinge seu \u00e1pice sem alterar seu habitat.<\/span><\/p>\n<h2><b>Paisagens costeiras e de retorno<\/b><\/h2>\n<p><span style=\"font-weight: 400;\">A viagem de volta nos permite desfrutar de uma navega\u00e7\u00e3o tranquila, contemplando as fazendas hist\u00f3ricas da regi\u00e3o e a densa vegeta\u00e7\u00e3o da floresta subant\u00e1rtica que chega at\u00e9 a linha da mar\u00e9. Com uma dura\u00e7\u00e3o total de <\/span><b>5 horas<\/b><span style=\"font-weight: 400;\">Essa excurs\u00e3o garante uma imers\u00e3o completa na natureza da Terra do Fogo.<\/span><\/p>\n<h3><b>Informa\u00e7\u00f5es importantes e log\u00edstica<\/b><\/h3>\n<p><span style=\"font-weight: 400;\">Para que sua experi\u00eancia seja perfeita, recomendamos que voc\u00ea leve em considera\u00e7\u00e3o os seguintes pontos:<\/span><\/p>\n<ul>\n<li style=\"font-weight: 400;\"><b>Temporada:<\/b><span style=\"font-weight: 400;\"> Essa excurs\u00e3o \u00e9 exclusiva para o ver\u00e3o do sul, dispon\u00edvel apenas entre os meses de <\/span><b>Novembro e mar\u00e7o<\/b><span style=\"font-weight: 400;\">Durante esse per\u00edodo, os ping\u00fcins migram para a ilha para seu ciclo de reprodu\u00e7\u00e3o.<\/span><\/li>\n<li style=\"font-weight: 400;\"><b>Dura\u00e7\u00e3o:<\/b><span style=\"font-weight: 400;\"> A dura\u00e7\u00e3o total do passeio \u00e9 de aproximadamente 5 horas.<\/span><\/li>\n<li style=\"font-weight: 400;\"><b>Inclus\u00f5es:<\/b><span style=\"font-weight: 400;\"> A tarifa inclui <\/span><b>IMPOSTO PORTU\u00c1RIO<\/b><span style=\"font-weight: 400;\">.<\/span><\/li>\n<li style=\"font-weight: 400;\"><b>N\u00e3o inclu\u00eddo:<\/b><span style=\"font-weight: 400;\"> Traslado para o p\u00eder tur\u00edstico. Recomendamos que voc\u00ea chegue 30 minutos antes da partida.<\/span><\/li>\n<li><b>Combina\u00e7\u00e3o:<\/b><span style=\"font-weight: 400;\"> Devido ao seu hor\u00e1rio, \u00e9 perfeitamente <\/span><b>combin\u00e1vel<\/b><span style=\"font-weight: 400;\"> com a excurs\u00e3o ao <\/span><a href=\"https:\/\/terramar.tur.ar\/pt\/produto\/parque-nacional-tren-del-fin-del-mundo-parque-nacional-navegacao-do-pinguim\/\"><b>Trem do Fim do Mundo + Parque Nacional<\/b><\/a><span style=\"font-weight: 400;\">permitindo que voc\u00ea fa\u00e7a a montanha e o mar na mesma viagem.<br \/>\n<\/span><\/li>\n<\/ul>\n<h3 data-path-to-node=\"46\">Perguntas frequentes<\/h3>\n<p data-path-to-node=\"46\"><b data-path-to-node=\"46\" data-index-in-node=\"0\">Quando \u00e9 poss\u00edvel ver pinguins em Ushuaia?<\/b> A temporada de pinguins na Ilha Hammerhead vai de <b data-path-to-node=\"46\" data-index-in-node=\"99\">De outubro a in\u00edcio de abril<\/b>. Durante o inverno, os p\u00e1ssaros migram para o norte, portanto a navega\u00e7\u00e3o s\u00f3 \u00e9 poss\u00edvel at\u00e9 o farol e a Isla de los Lobos.<\/p>\n<p data-path-to-node=\"47\"><b data-path-to-node=\"47\" data-index-in-node=\"0\">Voc\u00ea vai caminhar com os pinguins nessa excurs\u00e3o?<\/b> N\u00e3o, este \u00e9 um <b data-path-to-node=\"47\" data-index-in-node=\"72\">navega\u00e7\u00e3o para observa\u00e7\u00e3o de baleias<\/b>. O catamar\u00e3 se aproxima da praia da Isla Martillo e desliga os motores para que voc\u00ea possa observar e fotografar os pinguins do conv\u00e9s, sem invadir o territ\u00f3rio deles.<\/p>\n<p data-path-to-node=\"48\"><b data-path-to-node=\"48\" data-index-in-node=\"0\">Que tipo de pinguins voc\u00ea v\u00ea?<\/b> Voc\u00ea ver\u00e1 principalmente col\u00f4nias de <b data-path-to-node=\"48\" data-index-in-node=\"64\">Pinguins de Magalh\u00e3es<\/b> e, muitas vezes, uma pequena col\u00f4nia de <b data-path-to-node=\"48\" data-index-in-node=\"124\">Pinguins de Papua<\/b> (aqueles com bicos vermelhos). Ocasionalmente, os pinguins-rei podem ser avistados.<\/p>\n<p>&nbsp;<\/p>\n<p><b>Tarifas e consultas:<\/b><span style=\"font-weight: 400;\"> Os valores publicados s\u00e3o v\u00e1lidos at\u00e9 <\/span><b>31\/03\/2026<\/b><span style=\"font-weight: 400;\">. Se desejar viajar em datas posteriores, consulte-nos sobre a disponibilidade e os pre\u00e7os atualizados via <\/span><b>e-mail ou WhatsApp<\/b><span style=\"font-weight: 400;\">.<\/span><\/p>\n<p>&nbsp;<\/p>","protected":false},"excerpt":{"rendered":"<p>Aproveite o cl\u00e1ssico <strong>navega\u00e7\u00e3o com ping\u00fcins<\/strong> por el Canal Beagle. La excursi\u00f3n ideal para avistar la colonia de ping\u00fcinos en Isla Martillo desde el catamar\u00e1n y conocer el m\u00edtico Faro Les \u00c9claireurs<\/p>","protected":false},"featured_media":2390,"comment_status":"open","ping_status":"closed","template":"","meta":[],"product_brand":[],"product_cat":[18,21],"product_tag":[],"class_list":{"0":"post-2351","1":"product","2":"type-product","3":"status-publish","4":"has-post-thumbnail","6":"product_cat-ushuaia","7":"product_cat-verano","9":"first","10":"instock","11":"sale","12":"virtual","13":"sold-individually","14":"purchasable","15":"product-type-booking"},"booking_location":"","booking_location_type":"","booking_duration":1,"booking_duration_unit":"hour","booking_buffer":0,"booking_cost":0,"booking_resources":[],"_links":{"self":[{"href":"https:\/\/terramar.tur.ar\/pt\/wp-json\/wp\/v2\/product\/2351","targetHints":{"allow":["GET"]}}],"collection":[{"href":"https:\/\/terramar.tur.ar\/pt\/wp-json\/wp\/v2\/product"}],"about":[{"href":"https:\/\/terramar.tur.ar\/pt\/wp-json\/wp\/v2\/types\/product"}],"replies":[{"embeddable":true,"href":"https:\/\/terramar.tur.ar\/pt\/wp-json\/wp\/v2\/comments?post=2351"}],"wp:featuredmedia":[{"embeddable":true,"href":"https:\/\/terramar.tur.ar\/pt\/wp-json\/wp\/v2\/media\/2390"}],"wp:attachment":[{"href":"https:\/\/terramar.tur.ar\/pt\/wp-json\/wp\/v2\/media?parent=2351"}],"wp:term":[{"taxonomy":"product_brand","embeddable":true,"href":"https:\/\/terramar.tur.ar\/pt\/wp-json\/wp\/v2\/product_brand?post=2351"},{"taxonomy":"product_cat","embeddable":true,"href":"https:\/\/terramar.tur.ar\/pt\/wp-json\/wp\/v2\/product_cat?post=2351"},{"taxonomy":"product_tag","embeddable":true,"href":"https:\/\/terramar.tur.ar\/pt\/wp-json\/wp\/v2\/product_tag?post=2351"}],"curies":[{"name":"wp","href":"https:\/\/api.w.org\/{rel}","templated":true}]}}