{"id":2361,"date":"2024-12-05T20:21:22","date_gmt":"2024-12-05T20:21:22","guid":{"rendered":"https:\/\/terramar.tur.ar\/?post_type=product&#038;p=2361"},"modified":"2026-03-30T13:30:42","modified_gmt":"2026-03-30T16:30:42","slug":"puerto-almanza-e-rota-do-caranguejo","status":"publish","type":"product","link":"https:\/\/terramar.tur.ar\/pt\/produto\/puerto-almanza-e-rota-do-caranguejo\/","title":{"rendered":"Puerto Almanza e Ruta de la Centolla (Rota do caranguejo-aranha)"},"content":{"rendered":"<p><span style=\"font-weight: 400\">Se voc\u00ea est\u00e1 procurando uma experi\u00eancia que combine a gastronomia mais fresca do mundo com a hist\u00f3ria ancestral da Patag\u00f4nia, nossa excurs\u00e3o a <\/span><b>Porto Almanza<\/b><span style=\"font-weight: 400\"> \u00e9 a escolha perfeita. Esse passeio o leva para fora da trilha batida para descobrir uma pitoresca vila de pescadores e uma fazenda encantadora \u00e0s margens do Canal de Beagle. \u00c9 uma viagem projetada para os sentidos, onde a paisagem, o sabor e a hist\u00f3ria se entrela\u00e7am.<\/span><\/p>\n<h3><b>A jornada para o leste: Vales e castores<\/b><\/h3>\n<p><span style=\"font-weight: 400\">Nosso dia come\u00e7a por volta de <\/span><b>09:00 am<\/b><span style=\"font-weight: 400\">N\u00f3s o buscaremos em sua acomoda\u00e7\u00e3o em Ushuaia. Come\u00e7aremos o passeio pela emblem\u00e1tica <\/span><b>Rota Nacional 3<\/b><span style=\"font-weight: 400\">Viajaremos para longe da cidade e para o cora\u00e7\u00e3o da ilha.<\/span><\/p>\n<p><span style=\"font-weight: 400\">Ao longo do caminho, faremos v\u00e1rias paradas estrat\u00e9gicas para que voc\u00ea possa captar a ess\u00eancia da paisagem fueguina. A primeira parada ser\u00e1 no <\/span><b>Mirante do Vale Carbajal<\/b><span style=\"font-weight: 400\">onde voc\u00ea pode observar a imensid\u00e3o dos p\u00e2ntanos de turfa cercados pelos picos da Sierra Alvear.\u00a0<\/span><\/p>\n<h3><b>Puerto Almanza: o cora\u00e7\u00e3o gastron\u00f4mico do sul<\/b><\/h3>\n<p><span style=\"font-weight: 400\">Sa\u00edmos da Rota 3 para pegar a <\/span><b>Rota J<\/b><span style=\"font-weight: 400\">A estrada serpenteia pelas florestas de lengas e oferece vistas incr\u00edveis do litoral da regi\u00e3o. <\/span><b>Canal Beagle<\/b><span style=\"font-weight: 400\">. Nosso destino \u00e9 <\/span><b>Porto Almanza<\/b><span style=\"font-weight: 400\">O assentamento pesqueiro mais ao sul da Argentina. Essa pequena cidade \u00e9 mundialmente famosa pela qualidade de seus frutos do mar, especialmente caranguejos-aranha e mexilh\u00f5es.<\/span><\/p>\n<p><span style=\"font-weight: 400\">Chegando l\u00e1, desfrutaremos de um almo\u00e7o inclu\u00eddo em um restaurante local. A experi\u00eancia gastron\u00f4mica foi criada para que voc\u00ea prove os pratos t\u00edpicos da regi\u00e3o, preparados com produtos frescos pescados nas \u00e1guas frias do canal. O almo\u00e7o inclui uma entrada, um prato principal e uma bebida n\u00e3o alco\u00f3lica por pessoa, garantindo uma pausa agrad\u00e1vel antes de continuar a aventura.<\/span><\/p>\n<h3><b>Ruca Kellen: Morangos, ch\u00e1 e cultura Yaghan<\/b><\/h3>\n<p><span style=\"font-weight: 400\">Depois do almo\u00e7o, a aventura segue para <\/span><b>Ruca Kellen<\/b><span style=\"font-weight: 400\">uma fazenda charmosa e produtiva que desafia o clima do sul. Esse estabelecimento \u00e9 conhecido por suas <\/span><b>cultivo de morangos<\/b><span style=\"font-weight: 400\">Faremos um tour pelas planta\u00e7\u00f5es para aprender os segredos da agricultura no fim do mundo. Faremos um tour pelas planta\u00e7\u00f5es para aprender os segredos da agricultura no fim do mundo.<\/span><\/p>\n<p><span style=\"font-weight: 400\">Mas a Ruca Kellen \u00e9 muito mais do que uma fazenda. A propriedade tem um <\/span><b>espa\u00e7o tem\u00e1tico exclusivo dedicado \u00e0 cultura do povo Yaghan<\/b><span style=\"font-weight: 400\">os habitantes originais dessas costas. Por meio desse passeio cultural, voc\u00ea explorar\u00e1 o modo de vida, as cren\u00e7as e a hist\u00f3ria desse povo canoeiro que habitou a regi\u00e3o h\u00e1 milhares de anos.<\/span><\/p>\n<p><span style=\"font-weight: 400\">Para finalizar essa experi\u00eancia inesquec\u00edvel, relaxaremos no calor do <\/span><b>casa de ch\u00e1<\/b><span style=\"font-weight: 400\">. Aqui, cada viajante pode desfrutar de uma bebida quente (ch\u00e1 ou caf\u00e9) acompanhada de algo doce e caseiro, enquanto contempla a paisagem serena que cerca a fazenda.<\/span><\/p>\n<h3><b>Retorno a Ushuaia<\/b><\/h3>\n<p><span style=\"font-weight: 400\">Por fim, retornaremos \u00e0 cidade, deixando para tr\u00e1s um dia repleto de anedotas, sabores aut\u00eanticos e lembran\u00e7as indel\u00e9veis de uma viagem muito especial ao cora\u00e7\u00e3o do Beagle.<\/span><\/p>\n<h4><b>O que levar para essa excurs\u00e3o?<\/b><\/h4>\n<p><span style=\"font-weight: 400\">Para garantir seu conforto durante todo o dia, sugerimos que voc\u00ea prepare sua mochila com:<\/span><\/p>\n<ul>\n<li style=\"font-weight: 400\"><b>Roupas confort\u00e1veis e quentes:<\/b><span style=\"font-weight: 400\"> Recomenda-se o uso de camadas para se adaptar \u00e0s mudan\u00e7as de temperatura entre ambientes externos e internos.<\/span><\/li>\n<li style=\"font-weight: 400\"><b>T\u00eanis de caminhada:<\/b><span style=\"font-weight: 400\"> Embora essa n\u00e3o seja uma caminhada em alta montanha, usaremos as trilhas naturais da fazenda e as paradas panor\u00e2micas.<\/span><\/li>\n<li style=\"font-weight: 400\"><b>Garrafa de \u00e1gua:<\/b><span style=\"font-weight: 400\"> \u00c9 essencial manter-se hidratado durante as transfer\u00eancias.<\/span><\/li>\n<li style=\"font-weight: 400\"><b>C\u00e2mera:<\/b><span style=\"font-weight: 400\"> As vistas do Canal de Beagle e da costa chilena s\u00e3o imperd\u00edveis.<\/span><\/li>\n<\/ul>\n<h4><b>Informa\u00e7\u00f5es log\u00edsticas e inclus\u00f5es<\/b><\/h4>\n<ul>\n<li style=\"font-weight: 400\"><b>Sair:<\/b><span style=\"font-weight: 400\"> 09:00 hs de sua acomoda\u00e7\u00e3o.<\/span><\/li>\n<li style=\"font-weight: 400\"><b>Ele inclui:<\/b><span style=\"font-weight: 400\"> Traslados de ida e volta, guia bil\u00edngue, almo\u00e7o completo (entrada, prato principal e bebida) e lanche no Ruca Kellen.<\/span><\/li>\n<li style=\"font-weight: 400\"><b>Observa\u00e7\u00e3o importante:<\/b><span style=\"font-weight: 400\"> O itiner\u00e1rio pode variar. Se, por motivos de for\u00e7a maior, o acesso \u00e0 fazenda n\u00e3o estiver dispon\u00edvel, a atividade ser\u00e1 modificada por uma caminhada guiada de baixa dificuldade ao longo da \u00e1rea costeira.<\/span><\/li>\n<\/ul>\n<p><b>Tarifas:<\/b><span style=\"font-weight: 400\"> Valores em vigor at\u00e9 <\/span><b>31\/03\/2026<\/b><span style=\"font-weight: 400\">. Verifique a disponibilidade e os pre\u00e7os posteriormente por correio ou <\/span><b>WhatsApp<\/b><span style=\"font-weight: 400\">.<\/span><\/p>\n<div><\/div>\n<p>&nbsp;<\/p>","protected":false},"excerpt":{"rendered":"<div class=\"flex-shrink-0 flex flex-col relative items-end\">\n<div class=\"pt-0\">\n<div class=\"gizmo-bot-avatar flex h-8 w-8 items-center justify-center overflow-hidden rounded-full\">\n<div class=\"relative p-1 rounded-sm flex items-center justify-center bg-token-main-surface-primary text-token-text-primary h-8 w-8\">Viajar para <b data-path-to-node=\"2,1\" data-index-in-node=\"12\">Porto Almanza<\/b>, A vila de pescadores mais ao sul do mundo, para uma experi\u00eancia gastron\u00f4mica \u00fanica. Saiba mais sobre a captura artesanal do <b data-path-to-node=\"2,1\" data-index-in-node=\"160\">Caranguejo-aranha<\/b> no Canal de Beagle, viaje pelas paisagens virgens da Terra do Fogo e desfrute de um almo\u00e7o gourmet com os produtos mais frescos da regi\u00e3o.<\/div>\n<\/div>\n<\/div>\n<\/div>","protected":false},"featured_media":6582,"comment_status":"open","ping_status":"closed","template":"","meta":[],"product_brand":[],"product_cat":[18,21],"product_tag":[75,73,76,74,72],"class_list":{"0":"post-2361","1":"product","2":"type-product","3":"status-publish","4":"has-post-thumbnail","6":"product_cat-ushuaia","7":"product_cat-verano","8":"product_tag-canal-beagle","9":"product_tag-centolla","10":"product_tag-experiencia-gourmet","11":"product_tag-gastronomia-ushuaia","12":"product_tag-puerto-almanza","14":"first","15":"instock","16":"sale","17":"featured","18":"virtual","19":"sold-individually","20":"taxable","21":"purchasable","22":"product-type-booking"},"booking_location":"","booking_location_type":"","booking_duration":1,"booking_duration_unit":"day","booking_buffer":0,"booking_cost":0,"booking_resources":[],"_links":{"self":[{"href":"https:\/\/terramar.tur.ar\/pt\/wp-json\/wp\/v2\/product\/2361","targetHints":{"allow":["GET"]}}],"collection":[{"href":"https:\/\/terramar.tur.ar\/pt\/wp-json\/wp\/v2\/product"}],"about":[{"href":"https:\/\/terramar.tur.ar\/pt\/wp-json\/wp\/v2\/types\/product"}],"replies":[{"embeddable":true,"href":"https:\/\/terramar.tur.ar\/pt\/wp-json\/wp\/v2\/comments?post=2361"}],"wp:featuredmedia":[{"embeddable":true,"href":"https:\/\/terramar.tur.ar\/pt\/wp-json\/wp\/v2\/media\/6582"}],"wp:attachment":[{"href":"https:\/\/terramar.tur.ar\/pt\/wp-json\/wp\/v2\/media?parent=2361"}],"wp:term":[{"taxonomy":"product_brand","embeddable":true,"href":"https:\/\/terramar.tur.ar\/pt\/wp-json\/wp\/v2\/product_brand?post=2361"},{"taxonomy":"product_cat","embeddable":true,"href":"https:\/\/terramar.tur.ar\/pt\/wp-json\/wp\/v2\/product_cat?post=2361"},{"taxonomy":"product_tag","embeddable":true,"href":"https:\/\/terramar.tur.ar\/pt\/wp-json\/wp\/v2\/product_tag?post=2361"}],"curies":[{"name":"wp","href":"https:\/\/api.w.org\/{rel}","templated":true}]}}