{"id":2391,"date":"2024-12-04T12:11:52","date_gmt":"2024-12-04T12:11:52","guid":{"rendered":"https:\/\/terramar.tur.ar\/?post_type=product&#038;p=2391"},"modified":"2026-03-30T13:31:19","modified_gmt":"2026-03-30T16:31:19","slug":"lagos-escondido-e-fagnano","status":"publish","type":"product","link":"https:\/\/terramar.tur.ar\/pt\/produto\/lagos-escondido-e-fagnano\/","title":{"rendered":"Lagos Escondido e Fagnano"},"content":{"rendered":"<p><span style=\"font-weight: 400;\">Se voc\u00ea est\u00e1 procurando uma experi\u00eancia que combine a majestade das montanhas, o misticismo da floresta subant\u00e1rtica e a imensid\u00e3o dos espelhos d'\u00e1gua da Patag\u00f4nia, nosso <\/span><b>excurs\u00e3o aos lagos Escondido e Fagnano<\/b><span style=\"font-weight: 400;\"> \u00e9 a op\u00e7\u00e3o ideal. Esse passeio \u00e9 muito mais do que uma caminhada; \u00e9 uma jornada \u00e9pica que lhe permite atravessar a Cordilheira dos Andes e descobrir o cora\u00e7\u00e3o da Isla Grande de Tierra del Fuego.<\/span><\/p>\n<h3><b>O in\u00edcio da jornada: Vales de turfa e montanhas imponentes<\/b><\/h3>\n<p><span style=\"font-weight: 400;\">A aventura come\u00e7a pontualmente \u00e0s <\/span><b>9:00 hs<\/b><span style=\"font-weight: 400;\">, Sa\u00edmos da cidade em dire\u00e7\u00e3o ao leste, pegando a m\u00edtica estrada de Ushuaia. Sa\u00edmos da cidade em dire\u00e7\u00e3o ao leste, pegando a m\u00edtica estrada de Ushuaia. <\/span><b>Rota Nacional N\u00b0 3<\/b><span style=\"font-weight: 400;\">, A espinha dorsal que conecta a civiliza\u00e7\u00e3o com a natureza selvagem.<\/span><\/p>\n<p><span style=\"font-weight: 400;\">Assim que deixamos o tecido urbano para tr\u00e1s, a paisagem se transforma. Ao contornarmos a base do <\/span><b>Monte Ol\u00edvia<\/b><span style=\"font-weight: 400;\">, Um dos picos mais ic\u00f4nicos e desafiadores para os escaladores locais, o horizonte se expande. Diante de n\u00f3s se abre o imponente <\/span><b>Sierra Alvear<\/b><span style=\"font-weight: 400;\">, Suas encostas nevadas contrastam com o verde profundo dos vales. Em seus p\u00e9s, um ecossistema \u00fanico se espalha: um gigantesco vale de turfa conhecido como <\/span><b>Vale do Carbajal<\/b><span style=\"font-weight: 400;\">. Essa paisagem, que parece sa\u00edda de um filme, muda de nome \u00e0 medida que avan\u00e7amos, tornando-se os vales de <\/span><b>Tierra Mayor<\/b><span style=\"font-weight: 400;\"> y <\/span><b>Las Cotorras<\/b><span style=\"font-weight: 400;\">, Os resorts de esqui s\u00e3o os centros nevr\u00e1lgicos das atividades de inverno e do esqui cross-country.<\/span><\/p>\n<h3><b>A subida do Passo Garibaldi: uma vista sem igual<\/b><\/h3>\n<p><span style=\"font-weight: 400;\">\u00c0 medida que avan\u00e7amos, a estrada nos leva a um lugar onde podemos ver o <\/span><b>Rancho da Fome<\/b><span style=\"font-weight: 400;\">, Esse \u00e9 o ponto em que come\u00e7a a verdadeira subida para a cadeia de montanhas. A rota serpenteia por florestas de lenga e \u00f1ire at\u00e9 chegar ao <\/span><b>430 metros acima do n\u00edvel do mar<\/b><span style=\"font-weight: 400;\">. Aqui, no famoso <\/span><b>Passo Garibaldi<\/b><span style=\"font-weight: 400;\">, Faremos uma parada para um dos momentos mais emocionantes do passeio.<\/span><\/p>\n<p><span style=\"font-weight: 400;\">Do ponto de vista do Garibaldi Pass, voc\u00ea ter\u00e1 uma vista panor\u00e2mica sem igual. Ao norte, o <\/span><b>Lago escondido<\/b><span style=\"font-weight: 400;\">, Uma joia turquesa cercada por montanhas. Mais al\u00e9m, no horizonte, voc\u00ea pode vislumbrar a imensid\u00e3o do <\/span><b>Lago Fagnano<\/b><span style=\"font-weight: 400;\">, um dos maiores lagos da Am\u00e9rica do Sul. \u00c9 o lugar perfeito para capturar fotografias que refletem a verdadeira escala da Patag\u00f4nia.<\/span><\/p>\n<h3><b>Explorando o cora\u00e7\u00e3o da ilha: lagos e serrarias<\/b><\/h3>\n<p><span style=\"font-weight: 400;\">Continuamos nossa descida at\u00e9 as margens do Lago Escondido para apreciar sua tranquilidade de outro \u00e2ngulo e, em seguida, continuamos nossa jornada em dire\u00e7\u00e3o ao <\/span><b>Lago Fagnano<\/b><span style=\"font-weight: 400;\"> (ou Lago Khami, no idioma nativo). Nesse ponto, fazemos uma parada t\u00e9cnica para contemplar a for\u00e7a da natureza; esse lago tem a particularidade de estar localizado na falha de Magalh\u00e3es, o que lhe confere uma energia e uma geografia \u00fanicas.<\/span><\/p>\n<p><span style=\"font-weight: 400;\">Ao deixarmos o lago para tr\u00e1s, a paisagem muda novamente. Entramos na \u00e1rea do antigo <\/span><b>serrarias<\/b><span style=\"font-weight: 400;\">, onde o setor madeireiro deixou sua marca hist\u00f3rica. Aqui, as \u00e1rvores de lengas formam uma floresta densa e uniforme de beleza c\u00eanica aparentemente intermin\u00e1vel.<\/span><\/p>\n<h3><b>Gastronomia local e retorno<\/b><\/h3>\n<p><span style=\"font-weight: 400;\">No caminho de volta \u00e0 cidade de Ushuaia, faremos uma parada estrat\u00e9gica em um restaurante rural na estrada. L\u00e1 voc\u00ea ter\u00e1 a oportunidade de desfrutar de um <\/span><b>almo\u00e7o t\u00edpico<\/b><span style=\"font-weight: 400;\"> (como o famoso cordeiro fuegiano) em um ambiente natural privilegiado, cercado por montanhas e ar puro.<\/span><\/p>\n<h4><b>O que levar? Recomenda\u00e7\u00f5es para sua excurs\u00e3o<\/b><\/h4>\n<p><span style=\"font-weight: 400;\">O clima na Terra do Fogo \u00e9 conhecido por sua imprevisibilidade; \u00e9 comum experimentar \u00abas quatro esta\u00e7\u00f5es em um dia\u00bb. Para aproveit\u00e1-lo ao m\u00e1ximo, recomendamos que voc\u00ea:<\/span><\/p>\n<ul>\n<li style=\"font-weight: 400;\" aria-level=\"1\"><b>Roupas em camadas (sistema \u00abOnion\u00bb):<\/b><span style=\"font-weight: 400;\"> Uma primeira camada t\u00e9rmica, uma camada intermedi\u00e1ria (velo ou l\u00e3) e uma camada <\/span><b>jaqueta imperme\u00e1vel\/\u00e0 prova de vento<\/b><span style=\"font-weight: 400;\"> como uma camada externa.<\/span><\/li>\n<li style=\"font-weight: 400;\" aria-level=\"1\"><b>Cal\u00e7ados apropriados:<\/b><span style=\"font-weight: 400;\"> Sapatos de trekking ou cal\u00e7ados esportivos com boa ader\u00eancia, pois caminharemos em terreno natural que pode estar molhado.<\/span><\/li>\n<li style=\"font-weight: 400;\" aria-level=\"1\"><b>Prote\u00e7\u00e3o solar:<\/b><span style=\"font-weight: 400;\"> Mesmo que esteja nublado, a radia\u00e7\u00e3o UV nessas latitudes \u00e9 alta. N\u00e3o se esque\u00e7a do protetor solar e dos \u00f3culos de sol.<\/span><\/li>\n<li style=\"font-weight: 400;\" aria-level=\"1\"><b>C\u00e2mera e baterias:<\/b><span style=\"font-weight: 400;\"> O clima frio pode esgotar as baterias dos telefones celulares mais rapidamente do que o normal. Leve sua c\u00e2mera e uma bateria externa, se poss\u00edvel.<\/span><\/li>\n<li style=\"font-weight: 400;\" aria-level=\"1\"><b>\u00c1gua e lanches:<\/b><span style=\"font-weight: 400;\"> Embora fa\u00e7amos uma parada para o almo\u00e7o, \u00e9 sempre recomend\u00e1vel levar uma garrafa de \u00e1gua para a viagem.<\/span><\/li>\n<\/ul>\n<p>&nbsp;<\/p>\n<h4><b>Informa\u00e7\u00f5es importantes para viajantes<\/b><\/h4>\n<ul>\n<li style=\"font-weight: 400;\" aria-level=\"1\"><b>Sair:<\/b><span style=\"font-weight: 400;\"> 09:00 AM de seu hotel.<\/span><\/li>\n<li style=\"font-weight: 400;\" aria-level=\"1\"><b>Temporada:<\/b><span style=\"font-weight: 400;\"> Dispon\u00edvel em <\/span><b>Outubro a maio<\/b><span style=\"font-weight: 400;\">. (Durante o inverno, oferecemos a variante \u00abLago Escondido e Centros de Inverno\u00bb).<\/span><\/li>\n<li style=\"font-weight: 400;\" aria-level=\"1\"><b>Condi\u00e7\u00f5es:<\/b><span style=\"font-weight: 400;\"> A chegada ao Lago Fagnano est\u00e1 sujeita \u00e0s condi\u00e7\u00f5es do terreno e do tempo, especialmente durante o m\u00eas de maio.<\/span><\/li>\n<li style=\"font-weight: 400;\" aria-level=\"1\"><b>Almo\u00e7o:<\/b><span style=\"font-weight: 400;\"> N\u00e3o inclu\u00eddo na tarifa.<\/span><\/li>\n<li style=\"font-weight: 400;\" aria-level=\"1\"><b>Opcional:<\/b><span style=\"font-weight: 400;\"> Em caso de visita \u00e0 Estancia La Carmen, a taxa de entrada \u00e9 paga no local.<\/span><\/li>\n<li style=\"font-weight: 400;\" aria-level=\"1\"><b>Tarifas:<\/b><span style=\"font-weight: 400;\"> Valores em vigor at\u00e9 <\/span><b>31\/05\/2026<\/b><span style=\"font-weight: 400;\">. Para mais informa\u00e7\u00f5es sobre disponibilidade e pre\u00e7os, entre em contato conosco atrav\u00e9s de <\/span><b>E-mail ou WhatsApp<\/b><span style=\"font-weight: 400;\">.<\/span><\/li>\n<\/ul>\n<p><i><span style=\"font-weight: 400;\">Observa\u00e7\u00e3o: A seguran\u00e7a \u00e9 nossa prioridade. Os passeios est\u00e3o sujeitos a altera\u00e7\u00f5es sem aviso pr\u00e9vio, dependendo das condi\u00e7\u00f5es clim\u00e1ticas predominantes.<\/span><\/i><\/p>\n<p>&nbsp;<\/p>\n<p><img fetchpriority=\"high\" decoding=\"async\" class=\"alignnone wp-image-2204 size-full\" src=\"https:\/\/terramar.tur.ar\/wp-content\/uploads\/2024\/07\/Info-util-para-visitar-Ushuaia-en-verano04-1.jpg\" alt=\"Informa\u00e7\u00f5es \u00fateis para visitar Ushuaia no ver\u00e3o04\" width=\"1200\" height=\"800\" srcset=\"https:\/\/terramar.tur.ar\/wp-content\/uploads\/2024\/07\/Info-util-para-visitar-Ushuaia-en-verano04-1.jpg 1200w, https:\/\/terramar.tur.ar\/wp-content\/uploads\/2024\/07\/Info-util-para-visitar-Ushuaia-en-verano04-1-300x200.jpg 300w, https:\/\/terramar.tur.ar\/wp-content\/uploads\/2024\/07\/Info-util-para-visitar-Ushuaia-en-verano04-1-1024x683.jpg 1024w, https:\/\/terramar.tur.ar\/wp-content\/uploads\/2024\/07\/Info-util-para-visitar-Ushuaia-en-verano04-1-768x512.jpg 768w, https:\/\/terramar.tur.ar\/wp-content\/uploads\/2024\/07\/Info-util-para-visitar-Ushuaia-en-verano04-1-600x400.jpg 600w\" sizes=\"(max-width: 1200px) 100vw, 1200px\" \/><\/p>","protected":false},"excerpt":{"rendered":"<p>Descubra os lagos Escondido e Fagnano em uma viagem \u00fanica saindo de Ushuaia. Atravesse os Andes, visite o Passo Garibaldi e desfrute da Patag\u00f4nia.<\/p>","protected":false},"featured_media":6608,"comment_status":"open","ping_status":"closed","template":"","meta":[],"product_brand":[],"product_cat":[18,21],"product_tag":[68,70,71,69,67],"class_list":{"0":"post-2391","1":"product","2":"type-product","3":"status-publish","4":"has-post-thumbnail","6":"product_cat-ushuaia","7":"product_cat-verano","8":"product_tag-excursion-dia-completo","9":"product_tag-ideal-para-familias","10":"product_tag-imperdibles-de-ushuaia","11":"product_tag-paisajes-panoramicos","12":"product_tag-ushuaia","14":"first","15":"instock","16":"sale","17":"virtual","18":"sold-individually","19":"taxable","20":"purchasable","21":"product-type-booking"},"booking_location":"","booking_location_type":"","booking_duration":1,"booking_duration_unit":"day","booking_buffer":0,"booking_cost":0,"booking_resources":[],"_links":{"self":[{"href":"https:\/\/terramar.tur.ar\/pt\/wp-json\/wp\/v2\/product\/2391","targetHints":{"allow":["GET"]}}],"collection":[{"href":"https:\/\/terramar.tur.ar\/pt\/wp-json\/wp\/v2\/product"}],"about":[{"href":"https:\/\/terramar.tur.ar\/pt\/wp-json\/wp\/v2\/types\/product"}],"replies":[{"embeddable":true,"href":"https:\/\/terramar.tur.ar\/pt\/wp-json\/wp\/v2\/comments?post=2391"}],"wp:featuredmedia":[{"embeddable":true,"href":"https:\/\/terramar.tur.ar\/pt\/wp-json\/wp\/v2\/media\/6608"}],"wp:attachment":[{"href":"https:\/\/terramar.tur.ar\/pt\/wp-json\/wp\/v2\/media?parent=2391"}],"wp:term":[{"taxonomy":"product_brand","embeddable":true,"href":"https:\/\/terramar.tur.ar\/pt\/wp-json\/wp\/v2\/product_brand?post=2391"},{"taxonomy":"product_cat","embeddable":true,"href":"https:\/\/terramar.tur.ar\/pt\/wp-json\/wp\/v2\/product_cat?post=2391"},{"taxonomy":"product_tag","embeddable":true,"href":"https:\/\/terramar.tur.ar\/pt\/wp-json\/wp\/v2\/product_tag?post=2391"}],"curies":[{"name":"wp","href":"https:\/\/api.w.org\/{rel}","templated":true}]}}