{"id":2478,"date":"2024-08-01T12:35:03","date_gmt":"2024-08-01T12:35:03","guid":{"rendered":"https:\/\/terramar.tur.ar\/?post_type=product&#038;p=2478"},"modified":"2026-03-30T13:52:38","modified_gmt":"2026-03-30T16:52:38","slug":"caminhada-a-tarde-na-lagoa-esmeralda","status":"publish","type":"product","link":"https:\/\/terramar.tur.ar\/pt\/produto\/caminhada-a-tarde-na-lagoa-esmeralda\/","title":{"rendered":"Caminhada ao p\u00f4r do sol na Emerald Lagoon"},"content":{"rendered":"<p>A Laguna Esmeralda \u00e9 uma excurs\u00e3o para quem gosta de caminhar e estar ao ar livre em contato com a natureza. Durante a excurs\u00e3o, atravessamos grandes vales, riachos e florestas centen\u00e1rias de \u00e1rvores lenga e coihue.<\/p>\n<p>A sa\u00edda \u00e9 por volta das 16h de sua acomoda\u00e7\u00e3o. A caminhada at\u00e9 a lagoa n\u00e3o representa um grande desafio para aqueles que gostam de se exercitar e t\u00eam roupas adequadas, mas, dependendo das condi\u00e7\u00f5es clim\u00e1ticas, o Tierra Mayor Valley pode estar \u00famido e dificultar o progresso.<\/p>\n<p>Vale a pena o esfor\u00e7o para chegar \u00e0 Lagoa Esmeralda, uma das paisagens mais impressionantes da regi\u00e3o.<br \/>\nAp\u00f3s uma caminhada de duas horas ao longo da lagoa, voc\u00ea chega a uma c\u00fapula na floresta, onde um delicioso jantar com bom vinho \u00e9 servido \u00e0 luz do dia.<\/p>\n<p>Come\u00e7amos nosso caminho de volta por uma trilha de 2 horas (aproximadamente) e depois voltamos para as acomoda\u00e7\u00f5es.<\/p>\n<p><img fetchpriority=\"high\" decoding=\"async\" class=\"alignnone wp-image-2483 size-full\" src=\"https:\/\/terramar.tur.ar\/wp-content\/uploads\/2024\/08\/Laguna-esmeralda-tarde-2-Terramar.jpg\" alt=\"lagoa esmeralda tade 3\" width=\"1200\" height=\"800\" srcset=\"https:\/\/terramar.tur.ar\/wp-content\/uploads\/2024\/08\/Laguna-esmeralda-tarde-2-Terramar.jpg 1200w, https:\/\/terramar.tur.ar\/wp-content\/uploads\/2024\/08\/Laguna-esmeralda-tarde-2-Terramar-300x200.jpg 300w, https:\/\/terramar.tur.ar\/wp-content\/uploads\/2024\/08\/Laguna-esmeralda-tarde-2-Terramar-1024x683.jpg 1024w, https:\/\/terramar.tur.ar\/wp-content\/uploads\/2024\/08\/Laguna-esmeralda-tarde-2-Terramar-768x512.jpg 768w, https:\/\/terramar.tur.ar\/wp-content\/uploads\/2024\/08\/Laguna-esmeralda-tarde-2-Terramar-600x400.jpg 600w\" sizes=\"(max-width: 1200px) 100vw, 1200px\" \/><\/p>\n<h3>Informa\u00e7\u00f5es a serem levadas em conta:<\/h3>\n<p>*O hor\u00e1rio de in\u00edcio da excurs\u00e3o varia de acordo com a \u00e9poca do ano: entre novembro e fevereiro, podemos sair \u00e0s 15h30, enquanto no inverno \u00e9 uma excurs\u00e3o noturna.<br \/>\n**Todas as descri\u00e7\u00f5es e itiner\u00e1rios s\u00e3o ilustrativos: os hor\u00e1rios das atividades, a ordem das atividades e as atra\u00e7\u00f5es visitadas podem variar, de acordo com a avalia\u00e7\u00e3o do guia e as caracter\u00edsticas do grupo.<\/p>\n<p>-Refei\u00e7\u00f5es: Picada: salame, queijo, azeitonas verdes. Ensopado de cordeiro. \u00c1gua mineral, refrigerantes, vinho tinto.<br \/>\n-Inclu\u00eddo: traslado de ida e volta para o hotel, acompanhamento de guias, jantar com bebidas, bast\u00f5es de trekking e crampons, se necess\u00e1rio.<br \/>\n-Requisitos: roupas imperme\u00e1veis e botas de trekking imperme\u00e1veis.<\/p>\n<p>&nbsp;<\/p>\n<p>*Tarifas v\u00e1lidas at\u00e9 31\/03\/2026. Consulte a disponibilidade e as tarifas ap\u00f3s essa data por e-mail ou Whatsapp.<\/p>","protected":false},"excerpt":{"rendered":"<p>Uma atividade inesquec\u00edvel na Laguna Esmeralda, ideal para caminhadas e amantes da natureza. Descubra a incr\u00edvel cor da lagoa e aprenda sobre o impacto ambiental do castor na regi\u00e3o. A caminhada, que come\u00e7a no centro de Ushuaia, o levar\u00e1 pelo belo Vale Tierra Mayor e culminar\u00e1 na deslumbrante Laguna Esmeralda, onde voc\u00ea ser\u00e1 recompensado com um delicioso jantar em um ref\u00fagio na floresta - uma aventura \u00fanica para se conectar com a natureza no seu melhor!<\/p>","protected":false},"featured_media":2405,"comment_status":"open","ping_status":"closed","template":"","meta":[],"product_brand":[],"product_cat":[18,60],"product_tag":[],"class_list":{"0":"post-2478","1":"product","2":"type-product","3":"status-publish","4":"has-post-thumbnail","6":"product_cat-ushuaia","7":"product_cat-todo-el-ano","9":"first","10":"instock","11":"virtual","12":"sold-individually","13":"taxable","14":"purchasable","15":"product-type-booking"},"booking_location":"","booking_location_type":"","booking_duration":1,"booking_duration_unit":"day","booking_buffer":0,"booking_cost":0,"booking_resources":[],"_links":{"self":[{"href":"https:\/\/terramar.tur.ar\/pt\/wp-json\/wp\/v2\/product\/2478","targetHints":{"allow":["GET"]}}],"collection":[{"href":"https:\/\/terramar.tur.ar\/pt\/wp-json\/wp\/v2\/product"}],"about":[{"href":"https:\/\/terramar.tur.ar\/pt\/wp-json\/wp\/v2\/types\/product"}],"replies":[{"embeddable":true,"href":"https:\/\/terramar.tur.ar\/pt\/wp-json\/wp\/v2\/comments?post=2478"}],"wp:featuredmedia":[{"embeddable":true,"href":"https:\/\/terramar.tur.ar\/pt\/wp-json\/wp\/v2\/media\/2405"}],"wp:attachment":[{"href":"https:\/\/terramar.tur.ar\/pt\/wp-json\/wp\/v2\/media?parent=2478"}],"wp:term":[{"taxonomy":"product_brand","embeddable":true,"href":"https:\/\/terramar.tur.ar\/pt\/wp-json\/wp\/v2\/product_brand?post=2478"},{"taxonomy":"product_cat","embeddable":true,"href":"https:\/\/terramar.tur.ar\/pt\/wp-json\/wp\/v2\/product_cat?post=2478"},{"taxonomy":"product_tag","embeddable":true,"href":"https:\/\/terramar.tur.ar\/pt\/wp-json\/wp\/v2\/product_tag?post=2478"}],"curies":[{"name":"wp","href":"https:\/\/api.w.org\/{rel}","templated":true}]}}