{"id":2486,"date":"2024-08-01T12:52:43","date_gmt":"2024-08-01T12:52:43","guid":{"rendered":"https:\/\/terramar.tur.ar\/?post_type=product&#038;p=2486"},"modified":"2026-03-30T13:52:23","modified_gmt":"2026-03-30T16:52:23","slug":"passeios","status":"publish","type":"product","link":"https:\/\/terramar.tur.ar\/pt\/produto\/passeios\/","title":{"rendered":"Passeios a cavalo"},"content":{"rendered":"<p>Descubra qual dos nossos passeios \u00e9 o melhor para voc\u00ea! Reviva o caminho que os prisioneiros costumavam percorrer n\u00e3o muito tempo atr\u00e1s. Desfrute da paz e da tranquilidade de uma cavalgada pela floresta subant\u00e1rtica de Nothofagus, acompanhada por sua avifauna particular.<\/p>\n<p>Contemple uma vista majestosa subindo at\u00e9 o topo do Monte Susana. De l\u00e1, voc\u00ea poder\u00e1 apreciar um ponto panor\u00e2mico invej\u00e1vel de nossa bela cidade, com a cadeia de montanhas que a rodeia, o Canal de Beagle e as ilhas Navarino e Hoste, pertencentes ao nosso pa\u00eds vizinho, o Chile. \u00c0 medida que descemos, revelamos a hist\u00f3ria e a cultura dos abor\u00edgenes Y\u00e1manas, evidenciadas por tr\u00e1s dos Concheros, que voc\u00ea ver\u00e1 cavalgando ao longo da costa do Canal de Beagle.<\/p>\n<p>Finalmente, cavalgaremos ao longo das margens do Rio Pipo, para poder apreci\u00e1-lo e, assim, culminar essa aventura inesquec\u00edvel. Oferecemos essa excurs\u00e3o para aqueles que desejam estar em contato com a natureza de um ponto de vista hist\u00f3rico-cultural, explorando a floresta e a costa fueguina guiados por nossos guias-cavaleiros especializados que o acompanhar\u00e3o nessa magn\u00edfica experi\u00eancia.<\/p>\n<p><img fetchpriority=\"high\" decoding=\"async\" class=\"alignnone wp-image-2489 size-full\" src=\"https:\/\/terramar.tur.ar\/wp-content\/uploads\/2024\/08\/cabalgatas-2-Terramar.jpg\" alt=\"passeios 3\" width=\"1200\" height=\"800\" srcset=\"https:\/\/terramar.tur.ar\/wp-content\/uploads\/2024\/08\/cabalgatas-2-Terramar.jpg 1200w, https:\/\/terramar.tur.ar\/wp-content\/uploads\/2024\/08\/cabalgatas-2-Terramar-300x200.jpg 300w, https:\/\/terramar.tur.ar\/wp-content\/uploads\/2024\/08\/cabalgatas-2-Terramar-1024x683.jpg 1024w, https:\/\/terramar.tur.ar\/wp-content\/uploads\/2024\/08\/cabalgatas-2-Terramar-768x512.jpg 768w, https:\/\/terramar.tur.ar\/wp-content\/uploads\/2024\/08\/cabalgatas-2-Terramar-600x400.jpg 600w\" sizes=\"(max-width: 1200px) 100vw, 1200px\" \/><\/p>\n<h3>Informa\u00e7\u00f5es importantes<\/h3>\n<p>*Traslados de acomoda\u00e7\u00f5es localizadas no centro da cidade<\/p>\n<p>*Todos os passeios come\u00e7am e terminam no Equestrian Centre.<br \/>\n*Recomenda-se o uso de roupas e cal\u00e7ados confort\u00e1veis, de prefer\u00eancia casacos imperme\u00e1veis.<\/p>\n<p><strong>Pergunte \u00e0 nossa equipe sobre as op\u00e7\u00f5es e os pre\u00e7os dispon\u00edveis.<\/strong><\/p>\n<h3>\u00a0Op\u00e7\u00f5es de pilotagem:<\/h3>\n<div><u><em><strong>Op\u00e7\u00e3o 1 - 2 horas de passeio a cavalo:<\/strong><\/em><\/u><\/div>\n<div>\u00a0- Guia do especialista<\/div>\n<div>\u00a0- Transfer\u00eancia<\/div>\n<div>\u00a0\u2013 Equipo<\/div>\n<div>\u00a0- Refrescos<br \/>\n- Seguros<\/div>\n<div><\/div>\n<div><u><em><strong>Op\u00e7\u00e3o 2 - 4 horas de passeio a cavalo:\u00a0<\/strong><\/em><\/u><\/div>\n<div>\u00a0- Guia do especialista<\/div>\n<div>\u00a0- Transfer\u00eancia<\/div>\n<div>\u00a0\u2013 Equipo<\/div>\n<div>\u00a0- Refrescos<\/div>\n<div>\u00a0- Box Lunch<br \/>\n- Seguros<\/div>\n<div><\/div>\n<div><u><em><strong>Op\u00e7\u00e3o 3 - 7 horas de passeio a cavalo:\u00a0<\/strong><\/em><\/u><\/div>\n<div>\u00a0- Guia do especialista<\/div>\n<div>\u00a0- Transfer\u00eancia<\/div>\n<div>\u00a0\u2013 Equipo<\/div>\n<div>\u00a0- Refrescos<\/div>\n<div>\u00a0- Almo\u00e7o com bebidas inclu\u00eddas<br \/>\n- Seguros<\/div>\n<div><\/div>","protected":false},"excerpt":{"rendered":"<p>Uma excurs\u00e3o emocionante aos lagos de Ushuaia, onde voc\u00ea poder\u00e1 desfrutar da serenidade da floresta subant\u00e1rtica e de sua fascinante vida de p\u00e1ssaros. A cavalo, voc\u00ea chegar\u00e1 ao cume do Monte Susana para ter uma vista panor\u00e2mica da cidade, do Canal de Beagle e das Ilhas Navarino e Hoste. Na descida, voc\u00ea conhecer\u00e1 a rica hist\u00f3ria e cultura do povo abor\u00edgine Yamana e cavalgar\u00e1 ao longo da costa do canal. Por fim, cavalgaremos ao longo das margens do Rio Pipo, completando essa inesquec\u00edvel aventura em contato com a natureza.<\/p>","protected":false},"featured_media":2490,"comment_status":"open","ping_status":"closed","template":"","meta":[],"product_brand":[],"product_cat":[18,21],"product_tag":[],"class_list":{"0":"post-2486","1":"product","2":"type-product","3":"status-publish","4":"has-post-thumbnail","6":"product_cat-ushuaia","7":"product_cat-verano","9":"first","10":"instock","11":"taxable","12":"shipping-taxable","13":"product-type-external"},"booking_location":null,"booking_location_type":null,"booking_duration":null,"booking_duration_unit":null,"booking_buffer":null,"booking_cost":null,"booking_resources":null,"_links":{"self":[{"href":"https:\/\/terramar.tur.ar\/pt\/wp-json\/wp\/v2\/product\/2486","targetHints":{"allow":["GET"]}}],"collection":[{"href":"https:\/\/terramar.tur.ar\/pt\/wp-json\/wp\/v2\/product"}],"about":[{"href":"https:\/\/terramar.tur.ar\/pt\/wp-json\/wp\/v2\/types\/product"}],"replies":[{"embeddable":true,"href":"https:\/\/terramar.tur.ar\/pt\/wp-json\/wp\/v2\/comments?post=2486"}],"wp:featuredmedia":[{"embeddable":true,"href":"https:\/\/terramar.tur.ar\/pt\/wp-json\/wp\/v2\/media\/2490"}],"wp:attachment":[{"href":"https:\/\/terramar.tur.ar\/pt\/wp-json\/wp\/v2\/media?parent=2486"}],"wp:term":[{"taxonomy":"product_brand","embeddable":true,"href":"https:\/\/terramar.tur.ar\/pt\/wp-json\/wp\/v2\/product_brand?post=2486"},{"taxonomy":"product_cat","embeddable":true,"href":"https:\/\/terramar.tur.ar\/pt\/wp-json\/wp\/v2\/product_cat?post=2486"},{"taxonomy":"product_tag","embeddable":true,"href":"https:\/\/terramar.tur.ar\/pt\/wp-json\/wp\/v2\/product_tag?post=2486"}],"curies":[{"name":"wp","href":"https:\/\/api.w.org\/{rel}","templated":true}]}}