{"id":2492,"date":"2024-12-07T13:24:56","date_gmt":"2024-12-07T13:24:56","guid":{"rendered":"https:\/\/terramar.tur.ar\/?post_type=product&#038;p=2492"},"modified":"2026-03-30T13:29:55","modified_gmt":"2026-03-30T16:29:55","slug":"combo-national-park-navegacao-de-trem","status":"publish","type":"product","link":"https:\/\/terramar.tur.ar\/pt\/produto\/combo-national-park-navegacao-de-trem\/","title":{"rendered":"Parque Nacional + Trem do Fim do Mundo + Navega\u00e7\u00e3o pelo Canal de Beagle"},"content":{"rendered":"<div class=\"wrapper_contenidos\">\n<h2><b>Ushuaia Combo: Parque Nacional, Trem do Fim do Mundo e Navega\u00e7\u00e3o pelo Canal de Beagle<\/b><\/h2>\n<p><span style=\"font-weight: 400\">Se estiver procurando otimizar seu tempo na Terra do Fogo, este <\/span>pacote<b> \"Dia inteiro<\/b><span style=\"font-weight: 400\"> \u00e9 a escolha ideal. Combinamos as tr\u00eas experi\u00eancias mais ic\u00f4nicas da regi\u00e3o em um itiner\u00e1rio perfeitamente coordenado.\u00a0<\/span><\/p>\n<h3><b>Manh\u00e3 de Hist\u00f3ria: O Trem para o Fim do Mundo<\/b><\/h3>\n<p><span style=\"font-weight: 400\">A aventura come\u00e7a cedo, com o traslado de sua acomoda\u00e7\u00e3o entre 07:00 e 08:00 horas. Nossa primeira parada \u00e9 a Fuegian Southern Railway Station.<\/span><\/p>\n<p><span style=\"font-weight: 400\">A bordo dessa ferrovia antiga, com suas majestosas locomotivas a vapor e vag\u00f5es elegantes com grandes janelas, voc\u00ea viajar\u00e1 por parte da rota original do antigo trem dos prisioneiros. Ao entrar em partes inacess\u00edveis da <\/span><b>Parque Nacional Tierra del Fuego<\/b><span style=\"font-weight: 400\">Voc\u00ea pode ouvir a hist\u00f3ria dos detentos em 7 idiomas diferentes por meio de um sistema de \u00e1udio individual. A viagem permitir\u00e1 que voc\u00ea se maravilhe com o ziguezagueante Rio Pipo, a Cachoeira La Macarena, o Paseo del Valle e o m\u00edstico \"cemit\u00e9rio de \u00e1rvores\", tudo emoldurado por uma densa floresta de lengas.<\/span><\/p>\n<\/div>\n<h3><img fetchpriority=\"high\" decoding=\"async\" class=\"alignnone wp-image-2167 size-full\" src=\"https:\/\/terramar.tur.ar\/wp-content\/uploads\/2024\/07\/Tren-del-fin-del-mundo-10-Terramar.jpg\" alt=\"Trem para o fim do mundo 10\" width=\"1200\" height=\"800\" srcset=\"https:\/\/terramar.tur.ar\/wp-content\/uploads\/2024\/07\/Tren-del-fin-del-mundo-10-Terramar.jpg 1200w, https:\/\/terramar.tur.ar\/wp-content\/uploads\/2024\/07\/Tren-del-fin-del-mundo-10-Terramar-300x200.jpg 300w, https:\/\/terramar.tur.ar\/wp-content\/uploads\/2024\/07\/Tren-del-fin-del-mundo-10-Terramar-1024x683.jpg 1024w, https:\/\/terramar.tur.ar\/wp-content\/uploads\/2024\/07\/Tren-del-fin-del-mundo-10-Terramar-768x512.jpg 768w, https:\/\/terramar.tur.ar\/wp-content\/uploads\/2024\/07\/Tren-del-fin-del-mundo-10-Terramar-600x400.jpg 600w\" sizes=\"(max-width: 1200px) 100vw, 1200px\" \/><\/h3>\n<div class=\"wrapper_contenidos\">\n<div><\/div>\n<div>\n<h3><b>Explora\u00e7\u00e3o terrestre: Parque Nacional Tierra del Fuego<\/b><\/h3>\n<p><span style=\"font-weight: 400\">No final da viagem de trem, na Esta\u00e7\u00e3o do Parque Nacional, continuaremos nossa explora\u00e7\u00e3o da \u00e1rea protegida da floresta subant\u00e1rtica. Visitaremos pontos estrat\u00e9gicos de beleza natural de tirar o f\u00f4lego:<\/span><\/p>\n<ul>\n<li style=\"font-weight: 400\"><b>Ba\u00eda de Ensenada:<\/b><span style=\"font-weight: 400\"> Onde est\u00e1 localizada a ag\u00eancia postal mais ao sul.<\/span><\/li>\n<li style=\"font-weight: 400\"><b>Lago Acigami:<\/b><span style=\"font-weight: 400\"> Um imponente corpo de \u00e1gua de origem glacial cercado por montanhas.<\/span><\/li>\n<li style=\"font-weight: 400\"><b>Centro Alakush:<\/b><span style=\"font-weight: 400\"> \u00c1rea de interpreta\u00e7\u00e3o para aprender sobre a flora e a fauna aut\u00f3ctones.<\/span><\/li>\n<li style=\"font-weight: 400\"><b>Ba\u00eda de Lapataia:<\/b><span style=\"font-weight: 400\"> O fim da emblem\u00e1tica Ruta Panamericana N\u00b0 3.<\/span><\/li>\n<\/ul>\n<p><span style=\"font-weight: 400\">Depois de caminhar por suas famosas passarelas e tirar as fotos habituais na placa do \"Fim do Mundo\", retornaremos \u00e0 cidade de Ushuaia. Voc\u00ea ter\u00e1 cerca de uma hora livre para almo\u00e7ar e recarregar as baterias antes da segunda parte do dia.<\/span><\/p>\n<\/div>\n<h3><img decoding=\"async\" class=\"alignnone wp-image-2494 size-full\" src=\"https:\/\/terramar.tur.ar\/wp-content\/uploads\/2024\/08\/parque-trennavegacion-7-Terramar.jpg\" alt=\"parque + trem + navega\u00e7\u00e3o 1\" width=\"1200\" height=\"800\" srcset=\"https:\/\/terramar.tur.ar\/wp-content\/uploads\/2024\/08\/parque-trennavegacion-7-Terramar.jpg 1200w, https:\/\/terramar.tur.ar\/wp-content\/uploads\/2024\/08\/parque-trennavegacion-7-Terramar-300x200.jpg 300w, https:\/\/terramar.tur.ar\/wp-content\/uploads\/2024\/08\/parque-trennavegacion-7-Terramar-1024x683.jpg 1024w, https:\/\/terramar.tur.ar\/wp-content\/uploads\/2024\/08\/parque-trennavegacion-7-Terramar-768x512.jpg 768w, https:\/\/terramar.tur.ar\/wp-content\/uploads\/2024\/08\/parque-trennavegacion-7-Terramar-600x400.jpg 600w\" sizes=\"(max-width: 1200px) 100vw, 1200px\" \/><\/h3>\n<h3><b>Navega\u00e7\u00e3o \u00e0 tarde: O m\u00edtico Canal de Beagle<\/b><\/h3>\n<p><span style=\"font-weight: 400\">\u00c0s 14h30, nos encontraremos na bilheteria do porto tur\u00edstico (taxa portu\u00e1ria j\u00e1 inclu\u00edda na sua reserva). Navegaremos pela ba\u00eda de Ushuaia em dire\u00e7\u00e3o ao <\/span><b>Canal Beagle<\/b><span style=\"font-weight: 400\">a passagem interoce\u00e2nica que conecta o Atl\u00e2ntico e o Pac\u00edfico.<\/span><\/p>\n<p><span style=\"font-weight: 400\">Nosso primeiro grande destino ser\u00e1 o <\/span><b>Farol Les Eclaireurs<\/b><span style=\"font-weight: 400\">o aut\u00eantico s\u00edmbolo da Terra do Fogo. Em seguida, navegaremos em dire\u00e7\u00e3o ao Arquip\u00e9lago das Pontes para nos aproximarmos do <\/span><b>Ilha dos Lobos<\/b><span style=\"font-weight: 400\">onde veremos esp\u00e9cimes de uma e duas peles, e o <\/span><b>Ilha dos P\u00e1ssaros<\/b><span style=\"font-weight: 400\">lar de cormor\u00f5es imperiais, cormor\u00f5es-rei, albatrozes e skuas.<\/span><\/p>\n<p><span style=\"font-weight: 400\">Se as condi\u00e7\u00f5es clim\u00e1ticas permitirem, realizaremos uma <\/span><b>descida na Ilha Karelo<\/b><span style=\"font-weight: 400\">. L\u00e1, faremos uma curta caminhada guiada para conhecer a hist\u00f3ria dos antigos nativos Yamanas e chegar a um ponto panor\u00e2mico com vistas incr\u00edveis da cidade e das montanhas. Terminaremos a viagem retornando ao porto com um cart\u00e3o postal inesquec\u00edvel de Ushuaia vista do mar.<\/span><\/p>\n<div>\n<div><\/div>\n<p><iframe title=\"Parque Nacional Tierra del Fuego\" width=\"800\" height=\"450\" src=\"https:\/\/www.youtube.com\/embed\/nf6lB2jVEwU?feature=oembed&#038;enablejsapi=1&#038;origin=https:\/\/terramar.tur.ar\" frameborder=\"0\" allow=\"accelerometer; autoplay; clipboard-write; encrypted-media; gyroscope; picture-in-picture; web-share\" referrerpolicy=\"strict-origin-when-cross-origin\" allowfullscreen><\/iframe><\/p>\n<h3><b>Recursos e detalhes importantes<\/b><\/h3>\n<ul>\n<li style=\"font-weight: 400\"><b>Temporada:<\/b><span style=\"font-weight: 400\"> Durante todo o ano.<\/span><\/li>\n<li style=\"font-weight: 400\"><b>Dura\u00e7\u00e3o:<\/b><span style=\"font-weight: 400\"> Dia inteiro.<\/span><\/li>\n<li style=\"font-weight: 400\"><b>Flexibilidade:<\/b><span style=\"font-weight: 400\"> As atividades podem ser realizadas em dias separados, se voc\u00ea preferir (verifique a disponibilidade).<\/span><\/li>\n<li style=\"font-weight: 400\"><b>Idiomas:<\/b><span style=\"font-weight: 400\"> Guia em ingl\u00eas e espanhol. O trem tem \u00e1udio em 7 idiomas.<\/span><\/li>\n<li style=\"font-weight: 400\"><b>Ele inclui:<\/b><span style=\"font-weight: 400\"> Traslado hotel-trem\/parque, bilhete de trem tur\u00edstico (solicite upgrade), guia profissional, taxa portu\u00e1ria.<\/span><\/li>\n<\/ul>\n<p><b>N\u00e3o inclu\u00eddo:<\/b><span style=\"font-weight: 400\"> Taxa de entrada no Parque Nacional (a ser paga no local), almo\u00e7o e o traslado de ida e volta do porto para o hotel.<\/span><\/p>\n<p>*Tarifas at\u00e9 30\/9\/26; para reservas futuras, verifique a disponibilidade por WhatsApp ou e-mail.<\/p>\n<\/div>\n<\/div>","protected":false},"excerpt":{"rendered":"<p>Deseja ver o melhor de Ushuaia em apenas um dia? Viva a experi\u00eancia definitiva com nosso tour combinado: explore as paisagens intocadas do <b data-path-to-node=\"5,0\" data-index-in-node=\"159\">Parque Nacional Tierra del Fuego<\/b>, viaja de volta no tempo a bordo do lend\u00e1rio <b data-path-to-node=\"5,0\" data-index-in-node=\"231\">Trem do Fim do Mundo<\/b> e navega pelas \u00e1guas azuis do <b data-path-to-node=\"5,0\" data-index-in-node=\"288\">Canal Beagle<\/b>. A escolha ideal para viajantes que buscam conforto, hist\u00f3ria e natureza selvagem em uma viagem inesquec\u00edvel.<\/p>","protected":false},"featured_media":2498,"comment_status":"open","ping_status":"closed","template":"","meta":[],"product_brand":[],"product_cat":[30,18,60],"product_tag":[84,87,85,86,83],"class_list":{"0":"post-2492","1":"product","2":"type-product","3":"status-publish","4":"has-post-thumbnail","6":"product_cat-promociones","7":"product_cat-ushuaia","8":"product_cat-todo-el-ano","9":"product_tag-combo-ushuaia","10":"product_tag-excursion-beagle","11":"product_tag-parque-nacional-tierra-del-fuego","12":"product_tag-ticket-tren-del-fin-del-mundo","13":"product_tag-ushuaia-en-un-dia","15":"first","16":"instock","17":"virtual","18":"sold-individually","19":"taxable","20":"purchasable","21":"product-type-booking"},"booking_location":"","booking_location_type":"","booking_duration":1,"booking_duration_unit":"day","booking_buffer":0,"booking_cost":0,"booking_resources":[],"_links":{"self":[{"href":"https:\/\/terramar.tur.ar\/pt\/wp-json\/wp\/v2\/product\/2492","targetHints":{"allow":["GET"]}}],"collection":[{"href":"https:\/\/terramar.tur.ar\/pt\/wp-json\/wp\/v2\/product"}],"about":[{"href":"https:\/\/terramar.tur.ar\/pt\/wp-json\/wp\/v2\/types\/product"}],"replies":[{"embeddable":true,"href":"https:\/\/terramar.tur.ar\/pt\/wp-json\/wp\/v2\/comments?post=2492"}],"wp:featuredmedia":[{"embeddable":true,"href":"https:\/\/terramar.tur.ar\/pt\/wp-json\/wp\/v2\/media\/2498"}],"wp:attachment":[{"href":"https:\/\/terramar.tur.ar\/pt\/wp-json\/wp\/v2\/media?parent=2492"}],"wp:term":[{"taxonomy":"product_brand","embeddable":true,"href":"https:\/\/terramar.tur.ar\/pt\/wp-json\/wp\/v2\/product_brand?post=2492"},{"taxonomy":"product_cat","embeddable":true,"href":"https:\/\/terramar.tur.ar\/pt\/wp-json\/wp\/v2\/product_cat?post=2492"},{"taxonomy":"product_tag","embeddable":true,"href":"https:\/\/terramar.tur.ar\/pt\/wp-json\/wp\/v2\/product_tag?post=2492"}],"curies":[{"name":"wp","href":"https:\/\/api.w.org\/{rel}","templated":true}]}}