{"id":2502,"date":"2024-08-01T18:12:15","date_gmt":"2024-08-01T18:12:15","guid":{"rendered":"https:\/\/terramar.tur.ar\/?post_type=product&#038;p=2502"},"modified":"2026-03-30T13:50:23","modified_gmt":"2026-03-30T16:50:23","slug":"panorama-branco-e-silencio-andino","status":"publish","type":"product","link":"https:\/\/terramar.tur.ar\/pt\/produto\/panorama-branco-e-silencio-andino\/","title":{"rendered":"Panorama Branco - Sil\u00eancio Andino"},"content":{"rendered":"<p>Come\u00e7amos com o traslado at\u00e9 a acomoda\u00e7\u00e3o. A excurs\u00e3o consiste em 4 atividades. Por um lado, um guia o levar\u00e1 para uma caminhada com raquetes de neve em um p\u00e2ntano de turfa congelada. Em seguida, voc\u00ea far\u00e1 um circuito de snowmobile na floresta. Se voc\u00ea nunca dirigiu uma moto de neve antes, n\u00e3o se preocupe, pois uma equipe treinada lhe dar\u00e1 instru\u00e7\u00f5es (2 pessoas por moto). Por fim, oferecemos a Musher Experience SEM tren\u00f3. Um Musher especializado apresentar\u00e1 a voc\u00ea o mundo dos c\u00e3es de tren\u00f3, seu ambiente e suas qualidades. Por fim, esperamos por voc\u00ea com um almo\u00e7o ou jantar regional em um restaurante aconchegante.<\/p>\n<p><img fetchpriority=\"high\" decoding=\"async\" class=\"alignnone wp-image-2441 size-full\" src=\"https:\/\/terramar.tur.ar\/wp-content\/uploads\/2024\/07\/Centros-invernales-en-Ushuaia-01-PORTADA.jpg\" alt=\"Resorts de inverno em Ushuaia 01 HOME\" width=\"1200\" height=\"800\" srcset=\"https:\/\/terramar.tur.ar\/wp-content\/uploads\/2024\/07\/Centros-invernales-en-Ushuaia-01-PORTADA.jpg 1200w, https:\/\/terramar.tur.ar\/wp-content\/uploads\/2024\/07\/Centros-invernales-en-Ushuaia-01-PORTADA-300x200.jpg 300w, https:\/\/terramar.tur.ar\/wp-content\/uploads\/2024\/07\/Centros-invernales-en-Ushuaia-01-PORTADA-1024x683.jpg 1024w, https:\/\/terramar.tur.ar\/wp-content\/uploads\/2024\/07\/Centros-invernales-en-Ushuaia-01-PORTADA-768x512.jpg 768w, https:\/\/terramar.tur.ar\/wp-content\/uploads\/2024\/07\/Centros-invernales-en-Ushuaia-01-PORTADA-600x400.jpg 600w\" sizes=\"(max-width: 1200px) 100vw, 1200px\" \/><\/p>\n<p>&nbsp;<\/p>\n<h3>A ser levado em conta:<\/h3>\n<p>Inclu\u00eddo: Traslados + Experi\u00eancia de mushing SEM tren\u00f3 + Caminhada na neve + Passeio de snowmobile ou UTV + Refei\u00e7\u00e3o regional com bebida + Sliders<br \/>\nHor\u00e1rio e local de partida: De seu hotel, \u00e0s 9h ou \u00e0s 17h30min.<br \/>\nRequisitos: jaqueta imperme\u00e1vel, cal\u00e7a imperme\u00e1vel e botas\/sapatos para neve.<\/p>\n<p><strong>Panorama Branco (AM): <\/strong><em>Partida \u00e0s 9:00 hs.<\/em><\/p>\n<p><strong>Sil\u00eancio Andino (PM): <\/strong><em>Partida \u00e0s 17:30 hs.<\/em><\/p>\n<p>&nbsp;<\/p>\n<p>&nbsp;<\/p>\n<p>&nbsp;<\/p>\n<p>*TAXAS DE PR\u00c9-VENDA AT\u00c9 14\/04\/2026.<\/p>\n<p>&nbsp;<\/p>","protected":false},"excerpt":{"rendered":"<p>Uma emocionante aventura de inverno em Ushuaia, que come\u00e7a com o traslado de sua acomoda\u00e7\u00e3o, voc\u00ea desfrutar\u00e1 de uma caminhada com raquetes de neve sobre um p\u00e2ntano de turfa congelada, um emocionante passeio de snowmobile pela floresta e a fascinante Musher Experience, onde voc\u00ea aprender\u00e1 sobre o mundo dos c\u00e3es de tren\u00f3. Para finalizar, estaremos esperando por voc\u00ea com uma deliciosa refei\u00e7\u00e3o regional em um restaurante aconchegante - n\u00e3o perca essa incr\u00edvel aventura!<\/p>","protected":false},"featured_media":2345,"comment_status":"open","ping_status":"closed","template":"","meta":[],"product_brand":[],"product_cat":[18,20],"product_tag":[],"class_list":{"0":"post-2502","1":"product","2":"type-product","3":"status-publish","4":"has-post-thumbnail","6":"product_cat-ushuaia","7":"product_cat-invierno","9":"first","10":"instock","11":"virtual","12":"sold-individually","13":"taxable","14":"purchasable","15":"product-type-booking"},"booking_location":"","booking_location_type":"","booking_duration":1,"booking_duration_unit":"day","booking_buffer":0,"booking_cost":0,"booking_resources":[],"_links":{"self":[{"href":"https:\/\/terramar.tur.ar\/pt\/wp-json\/wp\/v2\/product\/2502","targetHints":{"allow":["GET"]}}],"collection":[{"href":"https:\/\/terramar.tur.ar\/pt\/wp-json\/wp\/v2\/product"}],"about":[{"href":"https:\/\/terramar.tur.ar\/pt\/wp-json\/wp\/v2\/types\/product"}],"replies":[{"embeddable":true,"href":"https:\/\/terramar.tur.ar\/pt\/wp-json\/wp\/v2\/comments?post=2502"}],"wp:featuredmedia":[{"embeddable":true,"href":"https:\/\/terramar.tur.ar\/pt\/wp-json\/wp\/v2\/media\/2345"}],"wp:attachment":[{"href":"https:\/\/terramar.tur.ar\/pt\/wp-json\/wp\/v2\/media?parent=2502"}],"wp:term":[{"taxonomy":"product_brand","embeddable":true,"href":"https:\/\/terramar.tur.ar\/pt\/wp-json\/wp\/v2\/product_brand?post=2502"},{"taxonomy":"product_cat","embeddable":true,"href":"https:\/\/terramar.tur.ar\/pt\/wp-json\/wp\/v2\/product_cat?post=2502"},{"taxonomy":"product_tag","embeddable":true,"href":"https:\/\/terramar.tur.ar\/pt\/wp-json\/wp\/v2\/product_tag?post=2502"}],"curies":[{"name":"wp","href":"https:\/\/api.w.org\/{rel}","templated":true}]}}