{"id":2522,"date":"2024-08-01T17:28:54","date_gmt":"2024-08-01T17:28:54","guid":{"rendered":"https:\/\/terramar.tur.ar\/?post_type=product&#038;p=2522"},"modified":"2026-03-30T13:51:58","modified_gmt":"2026-03-30T16:51:58","slug":"canoagem-em-mountain-crossing-no-lago-escondido","status":"publish","type":"product","link":"https:\/\/terramar.tur.ar\/pt\/produto\/canoagem-em-mountain-crossing-no-lago-escondido\/","title":{"rendered":"Trekking Cordillera Crossing + Canoagem no Lago Escondido"},"content":{"rendered":"<p>Um passeio de baixa dificuldade. Combinamos duas atividades, o trekking na montanha e o remo em um barco.<br \/>\nbarcos infl\u00e1veis individuais no Lago Escondido. N\u00e3o \u00e9 necess\u00e1rio ter experi\u00eancia pr\u00e9via, mas \u00e9 preciso ter um m\u00ednimo de condi\u00e7\u00f5es f\u00edsicas. A primeira parte do passeio leva cerca de uma hora de van, saindo da cidade de Ushuaia e dirigindo pela RN 3 at\u00e9 o Passo Garibaldi, o ponto mais alto da montanha onde come\u00e7a o trekking. Passamos por p\u00e2ntanos de turfa e pelas Lagoas G\u00eameas, a paisagem de 360\u00b0 dos Andes \u00e9 linda.<\/p>\n<p>Ap\u00f3s a primeira caminhada, retornaremos ao ve\u00edculo e atravessaremos o outro lado da cadeia de montanhas para parar na cabeceira do Lago Escondido. L\u00e1, compartilharemos um delicioso almo\u00e7o enquanto preparamos o equipamento do barco. Depois de um briefing sobre t\u00e9cnicas de remada e seguran\u00e7a, come\u00e7amos a remar, flutuando, sentindo o movimento da \u00e1gua, em busca de diferentes paisagens. Os barcos s\u00e3o muito est\u00e1veis, o que os torna muito seguros e f\u00e1ceis de controlar. Se a atividade de remo n\u00e3o puder ser realizada devido \u00e0s condi\u00e7\u00f5es clim\u00e1ticas, modificaremos a rota para outras atividades de trekking de baixa dificuldade, mas de grande atra\u00e7\u00e3o c\u00eanica.<\/p>\n<p><img fetchpriority=\"high\" decoding=\"async\" class=\"alignnone wp-image-5182\" src=\"https:\/\/terramar.tur.ar\/wp-content\/uploads\/2024\/08\/WhatsApp-Image-2024-09-30-at-14.15.46-169x300.jpeg\" alt=\"\" width=\"204\" height=\"362\" srcset=\"https:\/\/terramar.tur.ar\/wp-content\/uploads\/2024\/08\/WhatsApp-Image-2024-09-30-at-14.15.46-169x300.jpeg 169w, https:\/\/terramar.tur.ar\/wp-content\/uploads\/2024\/08\/WhatsApp-Image-2024-09-30-at-14.15.46-576x1024.jpeg 576w, https:\/\/terramar.tur.ar\/wp-content\/uploads\/2024\/08\/WhatsApp-Image-2024-09-30-at-14.15.46-600x1067.jpeg 600w, https:\/\/terramar.tur.ar\/wp-content\/uploads\/2024\/08\/WhatsApp-Image-2024-09-30-at-14.15.46.jpeg 720w\" sizes=\"(max-width: 204px) 100vw, 204px\" \/><\/p>\n<h3>A ser levado em conta:<\/h3>\n<p>Equipamento: grampos ou raquetes de neve no inverno, bast\u00f5es de trekking, barco, remo, colete etc.<br \/>\ncolete salva-vidas, cal\u00e7as \u00e0 prova d'\u00e1gua.<br \/>\nInclu\u00eddo: Guia de montanha, traslados de ida e volta do lodge. Viagem de montanha premium,<br \/>\nseguro.<\/p>\n<h3>Requisitos<\/h3>\n<p>Sapatos de trekking imperme\u00e1veis, botas de cano m\u00e9dio imperme\u00e1veis, meias e um par sobressalente, cal\u00e7as de trekking e capa imperme\u00e1vel para cal\u00e7as, chap\u00e9u, bon\u00e9, luvas, protetor solar, \u00f3culos de sol, mochila e garrafa de \u00e1gua de 25\/30lts.<\/p>\n<p>&nbsp;<\/p>","protected":false},"excerpt":{"rendered":"<p>Desfrute de uma excurs\u00e3o emocionante que combina trekking na montanha e remo no encantador Lago Escondido. Essa aventura de baixa dificuldade o levar\u00e1 por paisagens de tirar o f\u00f4lego da Cordilheira dos Andes, passando por turfeiras e pelas Lagoas G\u00eameas. Depois de um delicioso almo\u00e7o, voc\u00ea se preparar\u00e1 para remar em botes infl\u00e1veis, apreciando o movimento suave da \u00e1gua e os belos arredores. N\u00e3o \u00e9 necess\u00e1ria nenhuma experi\u00eancia pr\u00e9via, apenas um m\u00ednimo de condi\u00e7\u00e3o f\u00edsica - uma experi\u00eancia imperd\u00edvel em Ushuaia!<\/p>","protected":false},"featured_media":2223,"comment_status":"open","ping_status":"closed","template":"","meta":[],"product_brand":[],"product_cat":[18,21],"product_tag":[],"class_list":{"0":"post-2522","1":"product","2":"type-product","3":"status-publish","4":"has-post-thumbnail","6":"product_cat-ushuaia","7":"product_cat-verano","9":"first","10":"instock","11":"virtual","12":"sold-individually","13":"taxable","14":"purchasable","15":"product-type-booking"},"booking_location":"","booking_location_type":"","booking_duration":1,"booking_duration_unit":"day","booking_buffer":0,"booking_cost":0,"booking_resources":[],"_links":{"self":[{"href":"https:\/\/terramar.tur.ar\/pt\/wp-json\/wp\/v2\/product\/2522","targetHints":{"allow":["GET"]}}],"collection":[{"href":"https:\/\/terramar.tur.ar\/pt\/wp-json\/wp\/v2\/product"}],"about":[{"href":"https:\/\/terramar.tur.ar\/pt\/wp-json\/wp\/v2\/types\/product"}],"replies":[{"embeddable":true,"href":"https:\/\/terramar.tur.ar\/pt\/wp-json\/wp\/v2\/comments?post=2522"}],"wp:featuredmedia":[{"embeddable":true,"href":"https:\/\/terramar.tur.ar\/pt\/wp-json\/wp\/v2\/media\/2223"}],"wp:attachment":[{"href":"https:\/\/terramar.tur.ar\/pt\/wp-json\/wp\/v2\/media?parent=2522"}],"wp:term":[{"taxonomy":"product_brand","embeddable":true,"href":"https:\/\/terramar.tur.ar\/pt\/wp-json\/wp\/v2\/product_brand?post=2522"},{"taxonomy":"product_cat","embeddable":true,"href":"https:\/\/terramar.tur.ar\/pt\/wp-json\/wp\/v2\/product_cat?post=2522"},{"taxonomy":"product_tag","embeddable":true,"href":"https:\/\/terramar.tur.ar\/pt\/wp-json\/wp\/v2\/product_tag?post=2522"}],"curies":[{"name":"wp","href":"https:\/\/api.w.org\/{rel}","templated":true}]}}