{"id":2562,"date":"2024-08-02T14:03:32","date_gmt":"2024-08-02T14:03:32","guid":{"rendered":"https:\/\/terramar.tur.ar\/?post_type=product&#038;p=2562"},"modified":"2026-03-30T13:48:58","modified_gmt":"2026-03-30T16:48:58","slug":"ilhas-falkland-georgia-do-sul-georgia-do-sul-antartica","status":"publish","type":"product","link":"https:\/\/terramar.tur.ar\/pt\/produto\/ilhas-falkland-georgia-do-sul-georgia-do-sul-antartica\/","title":{"rendered":"Ilhas Falkland - Ge\u00f3rgia do Sul - Ant\u00e1rtica"},"content":{"rendered":"<p>Este itiner\u00e1rio \u00e9 apenas para orienta\u00e7\u00e3o. O programa pode variar dependendo das condi\u00e7\u00f5es do gelo, do clima e da vida selvagem. Os desembarques est\u00e3o sujeitos \u00e0 disponibilidade do local, \u00e0s permiss\u00f5es e \u00e0s preocupa\u00e7\u00f5es ambientais, de acordo com os regulamentos da IAATO. Os planos oficiais de navega\u00e7\u00e3o e os hor\u00e1rios de desembarque s\u00e3o agendados com a IAATO antes do in\u00edcio da temporada, mas o l\u00edder da expedi\u00e7\u00e3o determina o plano final. A flexibilidade \u00e9 fundamental para os cruzeiros de expedi\u00e7\u00e3o. A velocidade m\u00e9dia de cruzeiro de nossa embarca\u00e7\u00e3o \u00e9 de 10,5 n\u00f3s. N\u00e3o perca essa aventura com a Terramar!<\/p>\n<ul class=\"product-crumbs full\">\n<li class=\"lang\">Idiomas: INGL\u00caS<\/li>\n<li class=\"duracion\">Dura\u00e7\u00e3o: 19 dias<\/li>\n<\/ul>\n<p><img fetchpriority=\"high\" decoding=\"async\" class=\"alignnone wp-image-2577 size-full\" src=\"https:\/\/terramar.tur.ar\/wp-content\/uploads\/2024\/08\/malvinas-georgias-antartida-2-Terramar.jpg\" alt=\"malvinas georgias antarctica 14\" width=\"1200\" height=\"800\" srcset=\"https:\/\/terramar.tur.ar\/wp-content\/uploads\/2024\/08\/malvinas-georgias-antartida-2-Terramar.jpg 1200w, https:\/\/terramar.tur.ar\/wp-content\/uploads\/2024\/08\/malvinas-georgias-antartida-2-Terramar-300x200.jpg 300w, https:\/\/terramar.tur.ar\/wp-content\/uploads\/2024\/08\/malvinas-georgias-antartida-2-Terramar-1024x683.jpg 1024w, https:\/\/terramar.tur.ar\/wp-content\/uploads\/2024\/08\/malvinas-georgias-antartida-2-Terramar-768x512.jpg 768w, https:\/\/terramar.tur.ar\/wp-content\/uploads\/2024\/08\/malvinas-georgias-antartida-2-Terramar-600x400.jpg 600w\" sizes=\"(max-width: 1200px) 100vw, 1200px\" \/><\/p>","protected":false},"excerpt":{"rendered":"<p>A excurs\u00e3o \u00e0 Ant\u00e1rtica oferece uma experi\u00eancia inesquec\u00edvel e cheia de aventuras. Come\u00e7ando em Ushuaia, na Argentina, os viajantes embarcam em uma viagem que os leva pelo Canal de Beagle, pelas Ilhas Falkland e pela deslumbrante Ge\u00f3rgia do Sul, antes de chegar \u00e0 vasta e majestosa Ant\u00e1rtica. Ao longo do caminho, \u00e9 poss\u00edvel observar v\u00e1rias esp\u00e9cies de aves marinhas, pinguins, focas e outros animais selvagens em seu habitat natural. A flexibilidade \u00e9 fundamental nessa viagem, pois as condi\u00e7\u00f5es clim\u00e1ticas e de gelo podem alterar o itiner\u00e1rio, tornando cada viagem \u00fanica. Com desembarques em locais hist\u00f3ricos e paisagens de tirar o f\u00f4lego, cada dia traz novas surpresas e oportunidades de explora\u00e7\u00e3o.<\/p>","protected":false},"featured_media":2567,"comment_status":"open","ping_status":"closed","template":"","meta":[],"product_brand":[],"product_cat":[19],"product_tag":[],"class_list":{"0":"post-2562","1":"product","2":"type-product","3":"status-publish","4":"has-post-thumbnail","6":"product_cat-antartida","8":"first","9":"instock","10":"taxable","11":"shipping-taxable","12":"product-type-external"},"booking_location":null,"booking_location_type":null,"booking_duration":null,"booking_duration_unit":null,"booking_buffer":null,"booking_cost":null,"booking_resources":null,"_links":{"self":[{"href":"https:\/\/terramar.tur.ar\/pt\/wp-json\/wp\/v2\/product\/2562","targetHints":{"allow":["GET"]}}],"collection":[{"href":"https:\/\/terramar.tur.ar\/pt\/wp-json\/wp\/v2\/product"}],"about":[{"href":"https:\/\/terramar.tur.ar\/pt\/wp-json\/wp\/v2\/types\/product"}],"replies":[{"embeddable":true,"href":"https:\/\/terramar.tur.ar\/pt\/wp-json\/wp\/v2\/comments?post=2562"}],"wp:featuredmedia":[{"embeddable":true,"href":"https:\/\/terramar.tur.ar\/pt\/wp-json\/wp\/v2\/media\/2567"}],"wp:attachment":[{"href":"https:\/\/terramar.tur.ar\/pt\/wp-json\/wp\/v2\/media?parent=2562"}],"wp:term":[{"taxonomy":"product_brand","embeddable":true,"href":"https:\/\/terramar.tur.ar\/pt\/wp-json\/wp\/v2\/product_brand?post=2562"},{"taxonomy":"product_cat","embeddable":true,"href":"https:\/\/terramar.tur.ar\/pt\/wp-json\/wp\/v2\/product_cat?post=2562"},{"taxonomy":"product_tag","embeddable":true,"href":"https:\/\/terramar.tur.ar\/pt\/wp-json\/wp\/v2\/product_tag?post=2562"}],"curies":[{"name":"wp","href":"https:\/\/api.w.org\/{rel}","templated":true}]}}