{"id":2580,"date":"2024-08-02T14:19:46","date_gmt":"2024-08-02T14:19:46","guid":{"rendered":"https:\/\/terramar.tur.ar\/?post_type=product&#038;p=2580"},"modified":"2026-03-30T13:49:11","modified_gmt":"2026-03-30T16:49:11","slug":"ilhas-falkland-georgia-do-sul-ilha-do-elefante-da-georgia-do-sul-antartica-circulo-polar","status":"publish","type":"product","link":"https:\/\/terramar.tur.ar\/pt\/produto\/ilhas-falkland-georgia-do-sul-ilha-do-elefante-da-georgia-do-sul-antartica-circulo-polar\/","title":{"rendered":"Ilhas Falkland - Ge\u00f3rgia do Sul - Ilha Elefante - Ant\u00e1rtica - C\u00edrculo Polar"},"content":{"rendered":"<p>Este itiner\u00e1rio \u00e9 apenas para orienta\u00e7\u00e3o. O programa pode variar dependendo das condi\u00e7\u00f5es do gelo, do clima e da vida selvagem. Os desembarques est\u00e3o sujeitos \u00e0 disponibilidade do local, \u00e0s permiss\u00f5es e \u00e0s preocupa\u00e7\u00f5es ambientais, de acordo com os regulamentos da IAATO. Os planos oficiais de navega\u00e7\u00e3o e os hor\u00e1rios de desembarque s\u00e3o agendados com a IAATO antes do in\u00edcio da temporada, mas o l\u00edder da expedi\u00e7\u00e3o determina o plano final. A flexibilidade \u00e9 fundamental para os cruzeiros de expedi\u00e7\u00e3o. A velocidade m\u00e9dia de cruzeiro de nossa embarca\u00e7\u00e3o \u00e9 de 10,5 n\u00f3s. Uma experi\u00eancia \u00fanica com a Terramar!<\/p>\n<ul class=\"product-crumbs full\">\n<li class=\"lang\">Idiomas: INGL\u00caS<\/li>\n<li class=\"duracion\">Dura\u00e7\u00e3o: 23 dias<\/li>\n<\/ul>\n<p><img fetchpriority=\"high\" decoding=\"async\" class=\"alignnone wp-image-2572 size-full\" src=\"https:\/\/terramar.tur.ar\/wp-content\/uploads\/2024\/08\/malvinas-georgias-antartida-7-Terramar.jpg\" alt=\"malvinas georgias antarctica 9\" width=\"1200\" height=\"800\" srcset=\"https:\/\/terramar.tur.ar\/wp-content\/uploads\/2024\/08\/malvinas-georgias-antartida-7-Terramar.jpg 1200w, https:\/\/terramar.tur.ar\/wp-content\/uploads\/2024\/08\/malvinas-georgias-antartida-7-Terramar-300x200.jpg 300w, https:\/\/terramar.tur.ar\/wp-content\/uploads\/2024\/08\/malvinas-georgias-antartida-7-Terramar-1024x683.jpg 1024w, https:\/\/terramar.tur.ar\/wp-content\/uploads\/2024\/08\/malvinas-georgias-antartida-7-Terramar-768x512.jpg 768w, https:\/\/terramar.tur.ar\/wp-content\/uploads\/2024\/08\/malvinas-georgias-antartida-7-Terramar-600x400.jpg 600w\" sizes=\"(max-width: 1200px) 100vw, 1200px\" \/><\/p>","protected":false},"excerpt":{"rendered":"<p>Uma viagem inesquec\u00edvel que come\u00e7a em Ushuaia, a cidade mais austral do mundo, onde voc\u00ea navegar\u00e1 pelo c\u00eanico Canal de Beagle, ladeado por montanhas majestosas. Em sua jornada, voc\u00ea descobrir\u00e1 a rica vida selvagem das Ilhas Falkland, a fascinante cultura de Port Stanley e se maravilhar\u00e1 com o cen\u00e1rio de tirar o f\u00f4lego e a abundante vida selvagem da Ge\u00f3rgia do Sul. A experi\u00eancia continua na hist\u00f3rica Ilha Elefante e culmina com a beleza de tirar o f\u00f4lego da Pen\u00ednsula Ant\u00e1rtica e das Ilhas Shetland do Sul. Cada dia desta expedi\u00e7\u00e3o oferece encontros \u00fanicos com a natureza e a hist\u00f3ria, criando mem\u00f3rias indel\u00e9veis nos confins da Terra.<\/p>","protected":false},"featured_media":2563,"comment_status":"open","ping_status":"closed","template":"","meta":[],"product_brand":[],"product_cat":[19],"product_tag":[],"class_list":{"0":"post-2580","1":"product","2":"type-product","3":"status-publish","4":"has-post-thumbnail","6":"product_cat-antartida","8":"first","9":"instock","10":"taxable","11":"shipping-taxable","12":"product-type-external"},"booking_location":null,"booking_location_type":null,"booking_duration":null,"booking_duration_unit":null,"booking_buffer":null,"booking_cost":null,"booking_resources":null,"_links":{"self":[{"href":"https:\/\/terramar.tur.ar\/pt\/wp-json\/wp\/v2\/product\/2580","targetHints":{"allow":["GET"]}}],"collection":[{"href":"https:\/\/terramar.tur.ar\/pt\/wp-json\/wp\/v2\/product"}],"about":[{"href":"https:\/\/terramar.tur.ar\/pt\/wp-json\/wp\/v2\/types\/product"}],"replies":[{"embeddable":true,"href":"https:\/\/terramar.tur.ar\/pt\/wp-json\/wp\/v2\/comments?post=2580"}],"wp:featuredmedia":[{"embeddable":true,"href":"https:\/\/terramar.tur.ar\/pt\/wp-json\/wp\/v2\/media\/2563"}],"wp:attachment":[{"href":"https:\/\/terramar.tur.ar\/pt\/wp-json\/wp\/v2\/media?parent=2580"}],"wp:term":[{"taxonomy":"product_brand","embeddable":true,"href":"https:\/\/terramar.tur.ar\/pt\/wp-json\/wp\/v2\/product_brand?post=2580"},{"taxonomy":"product_cat","embeddable":true,"href":"https:\/\/terramar.tur.ar\/pt\/wp-json\/wp\/v2\/product_cat?post=2580"},{"taxonomy":"product_tag","embeddable":true,"href":"https:\/\/terramar.tur.ar\/pt\/wp-json\/wp\/v2\/product_tag?post=2580"}],"curies":[{"name":"wp","href":"https:\/\/api.w.org\/{rel}","templated":true}]}}