{"id":2608,"date":"2024-08-05T17:31:38","date_gmt":"2024-08-05T17:31:38","guid":{"rendered":"https:\/\/terramar.tur.ar\/?post_type=product&#038;p=2608"},"modified":"2026-02-12T17:53:45","modified_gmt":"2026-02-12T20:53:45","slug":"peninsula-antartica-circulo-polar-viagem-de-descoberta-sul-profundo","status":"publish","type":"product","link":"https:\/\/terramar.tur.ar\/pt\/produto\/peninsula-antartica-circulo-polar-viagem-de-descoberta-sul-profundo\/","title":{"rendered":"Pen\u00ednsula Ant\u00e1rtica - C\u00edrculo Polar - Voyage of Discovery Deep South"},"content":{"rendered":"<p>Este itiner\u00e1rio \u00e9 apenas para orienta\u00e7\u00e3o. O programa pode variar dependendo das condi\u00e7\u00f5es do gelo, do clima e da vida selvagem. Os desembarques est\u00e3o sujeitos \u00e0 disponibilidade do local, \u00e0s permiss\u00f5es e \u00e0s preocupa\u00e7\u00f5es ambientais, de acordo com os regulamentos da IAATO. Os planos oficiais de navega\u00e7\u00e3o e os hor\u00e1rios de desembarque s\u00e3o agendados com a IAATO antes do in\u00edcio da temporada, mas o l\u00edder da expedi\u00e7\u00e3o determina o plano final. A flexibilidade \u00e9 fundamental para os cruzeiros de expedi\u00e7\u00e3o. A velocidade m\u00e9dia de cruzeiro de nossa embarca\u00e7\u00e3o \u00e9 de 10,5 n\u00f3s. Conhe\u00e7a esses lugares fant\u00e1sticos com a Terramar!<\/p>\n<ul class=\"product-crumbs full\">\n<li class=\"lang\">Idiomas: ingl\u00eas<\/li>\n<li class=\"duracion\">Dura\u00e7\u00e3o: 14 dias<\/li>\n<\/ul>\n<p><img fetchpriority=\"high\" decoding=\"async\" class=\"alignnone wp-image-2613 size-full\" src=\"https:\/\/terramar.tur.ar\/wp-content\/uploads\/2024\/08\/antartida-y-descubrimientos-3-Terramar.jpg\" alt=\"Ant\u00e1rtica e descobertas 5\" width=\"1200\" height=\"800\" srcset=\"https:\/\/terramar.tur.ar\/wp-content\/uploads\/2024\/08\/antartida-y-descubrimientos-3-Terramar.jpg 1200w, https:\/\/terramar.tur.ar\/wp-content\/uploads\/2024\/08\/antartida-y-descubrimientos-3-Terramar-300x200.jpg 300w, https:\/\/terramar.tur.ar\/wp-content\/uploads\/2024\/08\/antartida-y-descubrimientos-3-Terramar-1024x683.jpg 1024w, https:\/\/terramar.tur.ar\/wp-content\/uploads\/2024\/08\/antartida-y-descubrimientos-3-Terramar-768x512.jpg 768w, https:\/\/terramar.tur.ar\/wp-content\/uploads\/2024\/08\/antartida-y-descubrimientos-3-Terramar-600x400.jpg 600w\" sizes=\"(max-width: 1200px) 100vw, 1200px\" \/><\/p>","protected":false},"excerpt":{"rendered":"<p>Uma aventura \u00fanica na Ant\u00e1rtica! Comece sua viagem partindo de Ushuaia, na Argentina, a cidade mais austral do mundo, e navegue pelo deslumbrante Canal de Beagle. Atravesse a lend\u00e1ria Passagem de Drake e sinta a emo\u00e7\u00e3o dos grandes exploradores polares. Descubra um cen\u00e1rio espetacular e uma vida selvagem abundante na Pen\u00ednsula Ant\u00e1rtica, incluindo ping\u00fcins, baleias e focas. Aproveite esta expedi\u00e7\u00e3o inesquec\u00edvel e crie mem\u00f3rias que ficar\u00e3o com voc\u00ea para sempre - n\u00e3o perca esta oportunidade \u00fanica de explorar o continente branco!<\/p>","protected":false},"featured_media":2615,"comment_status":"open","ping_status":"closed","template":"","meta":[],"product_brand":[],"product_cat":[19],"product_tag":[],"class_list":{"0":"post-2608","1":"product","2":"type-product","3":"status-publish","4":"has-post-thumbnail","6":"product_cat-antartida","8":"first","9":"instock","10":"taxable","11":"shipping-taxable","12":"product-type-external"},"booking_location":null,"booking_location_type":null,"booking_duration":null,"booking_duration_unit":null,"booking_buffer":null,"booking_cost":null,"booking_resources":null,"_links":{"self":[{"href":"https:\/\/terramar.tur.ar\/pt\/wp-json\/wp\/v2\/product\/2608","targetHints":{"allow":["GET"]}}],"collection":[{"href":"https:\/\/terramar.tur.ar\/pt\/wp-json\/wp\/v2\/product"}],"about":[{"href":"https:\/\/terramar.tur.ar\/pt\/wp-json\/wp\/v2\/types\/product"}],"replies":[{"embeddable":true,"href":"https:\/\/terramar.tur.ar\/pt\/wp-json\/wp\/v2\/comments?post=2608"}],"wp:featuredmedia":[{"embeddable":true,"href":"https:\/\/terramar.tur.ar\/pt\/wp-json\/wp\/v2\/media\/2615"}],"wp:attachment":[{"href":"https:\/\/terramar.tur.ar\/pt\/wp-json\/wp\/v2\/media?parent=2608"}],"wp:term":[{"taxonomy":"product_brand","embeddable":true,"href":"https:\/\/terramar.tur.ar\/pt\/wp-json\/wp\/v2\/product_brand?post=2608"},{"taxonomy":"product_cat","embeddable":true,"href":"https:\/\/terramar.tur.ar\/pt\/wp-json\/wp\/v2\/product_cat?post=2608"},{"taxonomy":"product_tag","embeddable":true,"href":"https:\/\/terramar.tur.ar\/pt\/wp-json\/wp\/v2\/product_tag?post=2608"}],"curies":[{"name":"wp","href":"https:\/\/api.w.org\/{rel}","templated":true}]}}