{"id":2616,"date":"2024-08-05T17:54:03","date_gmt":"2024-08-05T17:54:03","guid":{"rendered":"https:\/\/terramar.tur.ar\/?post_type=product&#038;p=2616"},"modified":"2026-02-12T17:53:37","modified_gmt":"2026-02-12T20:53:37","slug":"antartica-alem-do-ciclo-polar-plataforma-de-gelo-wilkins","status":"publish","type":"product","link":"https:\/\/terramar.tur.ar\/pt\/produto\/antartica-alem-do-ciclo-polar-plataforma-de-gelo-wilkins\/","title":{"rendered":"Ant\u00e1rtica - Al\u00e9m do C\u00edrculo Polar - Plataforma de gelo Wilkins"},"content":{"rendered":"<p>Este itiner\u00e1rio \u00e9 apenas para orienta\u00e7\u00e3o. O programa pode variar dependendo das condi\u00e7\u00f5es do gelo, do clima e da vida selvagem. Os desembarques est\u00e3o sujeitos \u00e0 disponibilidade do local, \u00e0s permiss\u00f5es e \u00e0s preocupa\u00e7\u00f5es ambientais, de acordo com os regulamentos da IAATO. Os planos oficiais de navega\u00e7\u00e3o e os hor\u00e1rios de desembarque s\u00e3o agendados com a IAATO antes do in\u00edcio da temporada, mas o l\u00edder da expedi\u00e7\u00e3o determina o plano final. A flexibilidade \u00e9 fundamental para os cruzeiros de expedi\u00e7\u00e3o. A velocidade m\u00e9dia de cruzeiro de nossa embarca\u00e7\u00e3o \u00e9 de 10,5 n\u00f3s.<\/p>\n<p><strong>Al\u00e9m do C\u00edrculo Polar \u00c1rtico: plataforma de gelo Wilkins<\/strong><br \/>\nA viagem \u00e9 uma verdadeira expedi\u00e7\u00e3o, explorando a regi\u00e3o raramente visitada do Mar de Bellingshausen, da Ba\u00eda de Marguerite e da Ilha Alexander. Visitamos os lugares descobertos por De Gerlache em sua expedi\u00e7\u00e3o polar (junho de 1887 - mar\u00e7o de 1899) a bordo do Belgica. Essa viagem parte de Ushuaia e vai diretamente para o C\u00edrculo Polar Ant\u00e1rtico, nosso objetivo \u00e9 passar toda a viagem ao sul dessa latitude. A variedade de desembarques, o isolamento e a experi\u00eancia com a vida selvagem nessa regi\u00e3o s\u00e3o comparados a pouqu\u00edssimos lugares no mundo.<br \/>\nVeremos as plataformas de gelo da Ant\u00e1rtica, pousaremos em ilhas onde poucos conseguiram descer e apreciaremos esse espet\u00e1culo impressionante, longe dos caminhos regulares da Ant\u00e1rtica.<br \/>\nCruzeiros de expedi\u00e7\u00e3o na Ant\u00e1rtica. Veremos uma grande variedade de animais selvagens da Ant\u00e1rtica, como baleias jubarte e minke, orcas, leopardos, elefantes, caranguejeiros, focas de Weddell e de pele da Ant\u00e1rtica e at\u00e9 mesmo focas de Ross. Os ping\u00fcins Gentoo e Adelie, skuas, andorinhas-do-mar e petr\u00e9is gigantes s\u00e3o apenas algumas das esp\u00e9cies que podem ser vistas.<\/p>\n<ul class=\"product-crumbs full\">\n<li class=\"lang\">Idiomas: ingl\u00eas<\/li>\n<li class=\"duracion\">Dura\u00e7\u00e3o: 16 dias<\/li>\n<\/ul>\n<p><img fetchpriority=\"high\" decoding=\"async\" class=\"alignnone wp-image-2624 size-full\" src=\"https:\/\/terramar.tur.ar\/wp-content\/uploads\/2024\/08\/antartida-wilkins-2-Terramar.jpg\" alt=\"antarctica wilkins 7\" width=\"1200\" height=\"800\" srcset=\"https:\/\/terramar.tur.ar\/wp-content\/uploads\/2024\/08\/antartida-wilkins-2-Terramar.jpg 1200w, https:\/\/terramar.tur.ar\/wp-content\/uploads\/2024\/08\/antartida-wilkins-2-Terramar-300x200.jpg 300w, https:\/\/terramar.tur.ar\/wp-content\/uploads\/2024\/08\/antartida-wilkins-2-Terramar-1024x683.jpg 1024w, https:\/\/terramar.tur.ar\/wp-content\/uploads\/2024\/08\/antartida-wilkins-2-Terramar-768x512.jpg 768w, https:\/\/terramar.tur.ar\/wp-content\/uploads\/2024\/08\/antartida-wilkins-2-Terramar-600x400.jpg 600w\" sizes=\"(max-width: 1200px) 100vw, 1200px\" \/><\/p>","protected":false},"excerpt":{"rendered":"<p>Una expedici\u00f3n \u00fanica m\u00e1s all\u00e1 del C\u00edrculo Polar Ant\u00e1rtico, explorando lugares remotos como el Mar de Bellingshausen y la Bah\u00eda de Marguerite. Siguiendo la ruta del legendario explorador De Gerlache, saldremos de Ushuaia, \u00abEl Fin del Mundo\u00bb, para adentrarnos en un paisaje inexplorado y lleno de vida salvaje. Desembarc\u00e1 en islas raramente visitadas, observa ping\u00fcinos Adelia y ballenas jorobadas, y disfruta de la majestuosidad de las plataformas de hielo ant\u00e1rticas. Acomp\u00e1\u00f1anos a descubrir uno de los \u00faltimos rincones v\u00edrgenes del planeta.<\/p>","protected":false},"featured_media":2617,"comment_status":"open","ping_status":"closed","template":"","meta":[],"product_brand":[],"product_cat":[19],"product_tag":[],"class_list":{"0":"post-2616","1":"product","2":"type-product","3":"status-publish","4":"has-post-thumbnail","6":"product_cat-antartida","8":"first","9":"instock","10":"taxable","11":"shipping-taxable","12":"product-type-external"},"booking_location":null,"booking_location_type":null,"booking_duration":null,"booking_duration_unit":null,"booking_buffer":null,"booking_cost":null,"booking_resources":null,"_links":{"self":[{"href":"https:\/\/terramar.tur.ar\/pt\/wp-json\/wp\/v2\/product\/2616","targetHints":{"allow":["GET"]}}],"collection":[{"href":"https:\/\/terramar.tur.ar\/pt\/wp-json\/wp\/v2\/product"}],"about":[{"href":"https:\/\/terramar.tur.ar\/pt\/wp-json\/wp\/v2\/types\/product"}],"replies":[{"embeddable":true,"href":"https:\/\/terramar.tur.ar\/pt\/wp-json\/wp\/v2\/comments?post=2616"}],"wp:featuredmedia":[{"embeddable":true,"href":"https:\/\/terramar.tur.ar\/pt\/wp-json\/wp\/v2\/media\/2617"}],"wp:attachment":[{"href":"https:\/\/terramar.tur.ar\/pt\/wp-json\/wp\/v2\/media?parent=2616"}],"wp:term":[{"taxonomy":"product_brand","embeddable":true,"href":"https:\/\/terramar.tur.ar\/pt\/wp-json\/wp\/v2\/product_brand?post=2616"},{"taxonomy":"product_cat","embeddable":true,"href":"https:\/\/terramar.tur.ar\/pt\/wp-json\/wp\/v2\/product_cat?post=2616"},{"taxonomy":"product_tag","embeddable":true,"href":"https:\/\/terramar.tur.ar\/pt\/wp-json\/wp\/v2\/product_tag?post=2616"}],"curies":[{"name":"wp","href":"https:\/\/api.w.org\/{rel}","templated":true}]}}