{"id":2637,"date":"2024-08-05T20:19:02","date_gmt":"2024-08-05T20:19:02","guid":{"rendered":"https:\/\/terramar.tur.ar\/?post_type=product&#038;p=2637"},"modified":"2026-02-12T17:52:48","modified_gmt":"2026-02-12T20:52:48","slug":"viagens-antarticas-de-descoberta-e-aprendizado","status":"publish","type":"product","link":"https:\/\/terramar.tur.ar\/pt\/produto\/viagens-antarticas-de-descoberta-e-aprendizado\/","title":{"rendered":"Ant\u00e1rtica - Viagens de descoberta e aprendizado"},"content":{"rendered":"<p>Este itiner\u00e1rio \u00e9 apenas para orienta\u00e7\u00e3o. O programa pode variar dependendo das condi\u00e7\u00f5es do gelo, do clima e da vida selvagem. Os desembarques est\u00e3o sujeitos \u00e0 disponibilidade do local, \u00e0s permiss\u00f5es e \u00e0s preocupa\u00e7\u00f5es ambientais, de acordo com os regulamentos da IAATO. Os planos oficiais de navega\u00e7\u00e3o e os hor\u00e1rios de desembarque s\u00e3o agendados com a IAATO antes do in\u00edcio da temporada, mas o l\u00edder da expedi\u00e7\u00e3o determina o plano final. A flexibilidade \u00e9 fundamental para os cruzeiros de expedi\u00e7\u00e3o. A velocidade m\u00e9dia de cruzeiro de nossa embarca\u00e7\u00e3o \u00e9 de 10,5 n\u00f3s. Descubra-a com o Terramar!<\/p>\n<ul class=\"product-crumbs full\">\n<li class=\"lang\">Idiomas: INGL\u00caS<\/li>\n<li class=\"duracion\">Dura\u00e7\u00e3o: 11 dias<\/li>\n<\/ul>\n<p><img fetchpriority=\"high\" decoding=\"async\" class=\"alignnone wp-image-2640 size-full\" src=\"https:\/\/terramar.tur.ar\/wp-content\/uploads\/2024\/08\/antartida-viaje-de-aprendizaje-5-Terramar.jpg\" alt=\"jornada de aprendizado na ant\u00e1rtica 3\" width=\"1200\" height=\"800\" srcset=\"https:\/\/terramar.tur.ar\/wp-content\/uploads\/2024\/08\/antartida-viaje-de-aprendizaje-5-Terramar.jpg 1200w, https:\/\/terramar.tur.ar\/wp-content\/uploads\/2024\/08\/antartida-viaje-de-aprendizaje-5-Terramar-300x200.jpg 300w, https:\/\/terramar.tur.ar\/wp-content\/uploads\/2024\/08\/antartida-viaje-de-aprendizaje-5-Terramar-1024x683.jpg 1024w, https:\/\/terramar.tur.ar\/wp-content\/uploads\/2024\/08\/antartida-viaje-de-aprendizaje-5-Terramar-768x512.jpg 768w, https:\/\/terramar.tur.ar\/wp-content\/uploads\/2024\/08\/antartida-viaje-de-aprendizaje-5-Terramar-600x400.jpg 600w\" sizes=\"(max-width: 1200px) 100vw, 1200px\" \/><\/p>","protected":false},"excerpt":{"rendered":"<p>Embarque em uma expedi\u00e7\u00e3o exclusiva \u00e0 Ant\u00e1rtica, come\u00e7ando na cidade mais austral do mundo, Ushuaia. Navegue pelo c\u00eanico Canal de Beagle, siga o caminho dos exploradores polares atrav\u00e9s da desafiadora Passagem de Drake e descubra a beleza de tirar o f\u00f4lego da Pen\u00ednsula Ant\u00e1rtica. Desembarque em lugares extraordin\u00e1rios, observe a vida selvagem em seu habitat natural e maravilhe-se com as paisagens de geleiras e montanhas cobertas de neve. Esse itiner\u00e1rio flex\u00edvel se adapta \u00e0s condi\u00e7\u00f5es do gelo e do clima, garantindo uma aventura inigual\u00e1vel.<\/p>","protected":false},"featured_media":2638,"comment_status":"open","ping_status":"closed","template":"","meta":[],"product_brand":[],"product_cat":[19],"product_tag":[],"class_list":{"0":"post-2637","1":"product","2":"type-product","3":"status-publish","4":"has-post-thumbnail","6":"product_cat-antartida","8":"first","9":"instock","10":"taxable","11":"shipping-taxable","12":"product-type-external"},"booking_location":null,"booking_location_type":null,"booking_duration":null,"booking_duration_unit":null,"booking_buffer":null,"booking_cost":null,"booking_resources":null,"_links":{"self":[{"href":"https:\/\/terramar.tur.ar\/pt\/wp-json\/wp\/v2\/product\/2637","targetHints":{"allow":["GET"]}}],"collection":[{"href":"https:\/\/terramar.tur.ar\/pt\/wp-json\/wp\/v2\/product"}],"about":[{"href":"https:\/\/terramar.tur.ar\/pt\/wp-json\/wp\/v2\/types\/product"}],"replies":[{"embeddable":true,"href":"https:\/\/terramar.tur.ar\/pt\/wp-json\/wp\/v2\/comments?post=2637"}],"wp:featuredmedia":[{"embeddable":true,"href":"https:\/\/terramar.tur.ar\/pt\/wp-json\/wp\/v2\/media\/2638"}],"wp:attachment":[{"href":"https:\/\/terramar.tur.ar\/pt\/wp-json\/wp\/v2\/media?parent=2637"}],"wp:term":[{"taxonomy":"product_brand","embeddable":true,"href":"https:\/\/terramar.tur.ar\/pt\/wp-json\/wp\/v2\/product_brand?post=2637"},{"taxonomy":"product_cat","embeddable":true,"href":"https:\/\/terramar.tur.ar\/pt\/wp-json\/wp\/v2\/product_cat?post=2637"},{"taxonomy":"product_tag","embeddable":true,"href":"https:\/\/terramar.tur.ar\/pt\/wp-json\/wp\/v2\/product_tag?post=2637"}],"curies":[{"name":"wp","href":"https:\/\/api.w.org\/{rel}","templated":true}]}}