{"id":2646,"date":"2024-12-08T13:21:10","date_gmt":"2024-12-08T13:21:10","guid":{"rendered":"https:\/\/terramar.tur.ar\/?post_type=product&#038;p=2646"},"modified":"2026-03-30T13:29:35","modified_gmt":"2026-03-30T16:29:35","slug":"ushuaia-completa","status":"publish","type":"product","link":"https:\/\/terramar.tur.ar\/pt\/produto\/ushuaia-completa\/","title":{"rendered":"Ushuaia completo"},"content":{"rendered":"<h3 class=\"wrapper_contenidos\"><strong>DIA 1 Parque Nacional + Trem para o Fim do Mundo<\/strong><\/h3>\n<p>A atividade come\u00e7a em sua acomoda\u00e7\u00e3o entre 7 e 8 horas da manh\u00e3. Percorreremos os primeiros 8 km e chegaremos \u00e0 esta\u00e7\u00e3o do Ferrocarril Austral Fueguino, o Trem do Fim do Mundo. Depois de quarenta anos sem operar, em 1994 o Trem do Fim do Mundo retomou parte da antiga rota do trem dos prisioneiros, que partia do pres\u00eddio de Ushuaia, localizado no centro da cidade, em dire\u00e7\u00e3o \u00e0 encosta do Monte Susana com o objetivo de obter materiais (madeira e pedra) para a constru\u00e7\u00e3o do trem.<\/p>\n<div class=\"wrapper_contenidos\">\n<p>A bordo do trem, voc\u00ea poder\u00e1 ouvir a hist\u00f3ria dos prisioneiros que vinham diariamente cortar madeira nessa \u00e1rea e apreciar as magn\u00edficas paisagens, compostas pelo ziguezagueante Rio Pipo, a cachoeira La Macarena, o cemit\u00e9rio de \u00e1rvores e a majestosa floresta de lengas. Dessa forma, voc\u00ea visitar\u00e1 uma parte inacess\u00edvel do Parque Nacional Tierra del Fuego, onde poder\u00e1 desfrutar dessa experi\u00eancia a bordo de uma ferrovia antiga, com suas locomotivas a vapor e vag\u00f5es elegantes que possuem grandes janelas e um sistema de \u00e1udio individual, que oferece a possibilidade de ouvir a hist\u00f3ria em 7 idiomas diferentes, para n\u00e3o apenas apreciar a natureza ao redor, mas tamb\u00e9m conhecer uma parte muito importante da hist\u00f3ria de Ushuaia.<\/p>\n<p>Quando chegarmos ao final de nossa jornada (Esta\u00e7\u00e3o Parque Nacional), continuaremos no Parque Nacional Tierra del Fuego (uma \u00e1rea reservada para a prote\u00e7\u00e3o da floresta subant\u00e1rtica, flora e fauna nativas). Visitaremos a Ba\u00eda Ensenada, o Lago Acigami (lago glacial de mais de 5 quil\u00f4metros quadrados), o Centro de Interpreta\u00e7\u00e3o Alakush e depois continuaremos em dire\u00e7\u00e3o \u00e0 Ba\u00eda Lapataia, o final da Rota Pan-Americana n\u00ba 3. De l\u00e1, depois de cruzarmos as passarelas, iniciaremos nosso retorno \u00e0 cidade de Ushuaia.<\/p>\n<\/div>\n<div><img fetchpriority=\"high\" decoding=\"async\" class=\"alignnone wp-image-2498 size-full\" src=\"https:\/\/terramar.tur.ar\/wp-content\/uploads\/2024\/08\/parque-trennavegacion-3-Terramar.jpg\" alt=\"parque + trem + navega\u00e7\u00e3o 5\" width=\"1200\" height=\"800\" srcset=\"https:\/\/terramar.tur.ar\/wp-content\/uploads\/2024\/08\/parque-trennavegacion-3-Terramar.jpg 1200w, https:\/\/terramar.tur.ar\/wp-content\/uploads\/2024\/08\/parque-trennavegacion-3-Terramar-300x200.jpg 300w, https:\/\/terramar.tur.ar\/wp-content\/uploads\/2024\/08\/parque-trennavegacion-3-Terramar-1024x683.jpg 1024w, https:\/\/terramar.tur.ar\/wp-content\/uploads\/2024\/08\/parque-trennavegacion-3-Terramar-768x512.jpg 768w, https:\/\/terramar.tur.ar\/wp-content\/uploads\/2024\/08\/parque-trennavegacion-3-Terramar-600x400.jpg 600w\" sizes=\"(max-width: 1200px) 100vw, 1200px\" \/><\/div>\n<h3 class=\"wrapper_contenidos\">Navega\u00e7\u00e3o no Canal de Beagle<\/h3>\n<p>De volta \u00e0 cidade de Ushuaia, voc\u00ea ter\u00e1 aproximadamente 1 hora para almo\u00e7ar por conta pr\u00f3pria, antes de come\u00e7ar a segunda parte do passeio. Navega\u00e7\u00e3o no Canal de Beagle: Essa experi\u00eancia come\u00e7a \u00e0s 14h30 na bilheteria do porto tur\u00edstico local. Navegaremos pela Ba\u00eda de Ushuaia em dire\u00e7\u00e3o ao Canal de Beagle, onde nosso primeiro destino ser\u00e1 o Farol Les Eclaireurs (Os Iluminadores, termo usado na Fran\u00e7a), um aut\u00eantico s\u00edmbolo fueguino. Em seguida, seguiremos em dire\u00e7\u00e3o ao Arquip\u00e9lago das Pontes e, ao nos aproximarmos da Isla de los Lobos, poderemos observar le\u00f5es-marinhos de um e dois pelos. Continuando nossa viagem em dire\u00e7\u00e3o \u00e0 Ilha dos P\u00e1ssaros, navegaremos ao redor dela e poderemos apreciar a avifauna fueguina: skuas, albatrozes de sobrancelha negra, patos a vapor, gansos, gaivotas cozinheiras, gaivotas cinzentas, corvos-marinhos imperiais e reais. Ap\u00f3s o passeio, chegaremos \u00e0 Ilha Karelo, onde os passageiros que desejarem poder\u00e3o descer e fazer uma pequena caminhada com nosso guia para conhecer a hist\u00f3ria dos antigos nativos da regi\u00e3o, tirar fotos e chegar a um ponto panor\u00e2mico para apreciar a bela paisagem que os cerca (sujeito \u00e0s condi\u00e7\u00f5es clim\u00e1ticas).<\/p>\n<p class=\"wrapper_contenidos\">No final da viagem e no caminho de volta, teremos uma vista panor\u00e2mica da cidade de Ushuaia, bem como das montanhas e da magn\u00edfica natureza que a cerca.<\/p>\n<p><img decoding=\"async\" class=\"alignnone wp-image-2500 size-full\" src=\"https:\/\/terramar.tur.ar\/wp-content\/uploads\/2024\/08\/parque-trennavegacion-1-Terramar.jpg\" alt=\"parque + trem + navega\u00e7\u00e3o 7\" width=\"1200\" height=\"800\" srcset=\"https:\/\/terramar.tur.ar\/wp-content\/uploads\/2024\/08\/parque-trennavegacion-1-Terramar.jpg 1200w, https:\/\/terramar.tur.ar\/wp-content\/uploads\/2024\/08\/parque-trennavegacion-1-Terramar-300x200.jpg 300w, https:\/\/terramar.tur.ar\/wp-content\/uploads\/2024\/08\/parque-trennavegacion-1-Terramar-1024x683.jpg 1024w, https:\/\/terramar.tur.ar\/wp-content\/uploads\/2024\/08\/parque-trennavegacion-1-Terramar-768x512.jpg 768w, https:\/\/terramar.tur.ar\/wp-content\/uploads\/2024\/08\/parque-trennavegacion-1-Terramar-600x400.jpg 600w\" sizes=\"(max-width: 1200px) 100vw, 1200px\" \/><\/p>\n<p><strong>*As 3 atividades podem ser divididas em 2 dias.<\/strong><\/p>\n<p><strong>DIA 2 Lagos Fuegian<\/strong><\/p>\n<div class=\"wrapper_contenidos\">\n<p>Prepare-se para cruzar a cadeia de montanhas. Esta excurs\u00e3o o levar\u00e1 por uma variedade de paisagens, sempre acompanhadas pela floresta. Saindo de Ushuaia, em dire\u00e7\u00e3o ao leste, poderemos ver a planta completa da Antiga Pris\u00e3o e passaremos pelo setor industrial. Ao contornar a base do Monte Olivia, a imponente Serra Alvear se abre para a frente, ao p\u00e9 da qual se estende um gigantesco vale de turfa; esse \u00e9 o Vale Carbajal, que mais tarde mudar\u00e1 seu nome para Tierra Mayor e Las Cotorras.<\/p>\n<p>Quando a rota passa pelo Rancho Hambre, come\u00e7a a subida propriamente dita. A 430 m acima do n\u00edvel do mar, no Passo Garibaldi, desfrutaremos de uma vista incompar\u00e1vel dos lagos Escondido e Fagnano. Uma de nossas paradas ser\u00e1 no imponente Mirador, de onde poderemos apreciar o Lago Escondido. Continuaremos at\u00e9 o Lago Fagnano, onde teremos a pr\u00f3xima parada t\u00e9cnica (no inverno, a chegada ao Lago Fagnano \u00e9 substitu\u00edda por uma visita a um centro de inverno).<\/p>\n<p>A partir da\u00ed, entraremos novamente na Rota Nacional n\u00ba 3 para iniciar a jornada pela \u00e1rea da serraria, onde as \u00e1rvores de lenga formam uma floresta densa e uniforme. No caminho de volta \u00e0 cidade, faremos uma parada em um restaurante ao longo da rota para almo\u00e7ar*.<\/p>\n<p><img decoding=\"async\" class=\"alignnone wp-image-2223 size-full\" src=\"https:\/\/terramar.tur.ar\/wp-content\/uploads\/2024\/07\/Lagos-de-Ushuaia-todo-lo-que-tenes-que-saber-04.jpg\" alt=\"Lagos de Ushuaia: tudo o que voc\u00ea precisa saber 04\" width=\"1200\" height=\"628\" srcset=\"https:\/\/terramar.tur.ar\/wp-content\/uploads\/2024\/07\/Lagos-de-Ushuaia-todo-lo-que-tenes-que-saber-04.jpg 1200w, https:\/\/terramar.tur.ar\/wp-content\/uploads\/2024\/07\/Lagos-de-Ushuaia-todo-lo-que-tenes-que-saber-04-300x157.jpg 300w, https:\/\/terramar.tur.ar\/wp-content\/uploads\/2024\/07\/Lagos-de-Ushuaia-todo-lo-que-tenes-que-saber-04-1024x536.jpg 1024w, https:\/\/terramar.tur.ar\/wp-content\/uploads\/2024\/07\/Lagos-de-Ushuaia-todo-lo-que-tenes-que-saber-04-768x402.jpg 768w, https:\/\/terramar.tur.ar\/wp-content\/uploads\/2024\/07\/Lagos-de-Ushuaia-todo-lo-que-tenes-que-saber-04-600x314.jpg 600w\" sizes=\"(max-width: 1200px) 100vw, 1200px\" \/><\/p>\n<\/div>\n<h4 class=\"main-title inner grey\">CARACTER\u00cdSTICAS<\/h4>\n<ul class=\"product-crumbs full\">\n<li class=\"location\">Local de partida: Pick Up para a acomoda\u00e7\u00e3o<\/li>\n<li class=\"dificultad\">Dificuldade: M\u00e9dia<\/li>\n<li class=\"observations\">Observa\u00e7\u00f5es:<\/li>\n<\/ul>\n<p>- A passagem de trem \u00e9 da classe econ\u00f4mica (solicite upgrade).<br \/>\n- N\u00e3o inclui a entrada no Parque Nacional.<br \/>\n- N\u00e3o inclui a entrada na est\u00e2ncia.<br \/>\n- O almo\u00e7o n\u00e3o est\u00e1 inclu\u00eddo.<br \/>\n- Traslado Hotel - Porto n\u00e3o inclu\u00eddo (favor consultar)<\/p>\n<ul class=\"product-crumbs full\">\n<li>\n<p class=\"wrapper_contenidos\"><strong>Ele inclui: <\/strong>Parque Nacional + Trem do Fim do Mundo + Navega\u00e7\u00e3o pelo Canal de Beagle + Lagos Escondido e Fagnano.<\/p>\n<\/li>\n<\/ul>\n<p>*Tarifas v\u00e1lidas at\u00e9 31\/03\/2026. Consulte a disponibilidade e as tarifas ap\u00f3s essa data por e-mail ou Whatsapp.<\/p>","protected":false},"excerpt":{"rendered":"<p>Viva uma experi\u00eancia inesquec\u00edvel e completa explorando o melhor da Terra do Fogo. O primeiro dia come\u00e7a com um passeio no hist\u00f3rico trem Tren del Fin del Mundo, seguido de uma visita ao Parque Nacional Tierra del Fuego, incluindo a Ba\u00eda Lapataia e o Lago Acigami. \u00c0 tarde, uma navega\u00e7\u00e3o no Canal de Beagle nos permite ver a vida selvagem marinha e o ic\u00f4nico Farol Les Eclaireurs. No segundo dia, cruzamos a cordilheira para admirar os majestosos lagos Escondido e Fagnano, desfrutando de vistas panor\u00e2micas e da natureza em sua melhor forma. Cada excurs\u00e3o \u00e9 projetada para oferecer uma combina\u00e7\u00e3o perfeita de hist\u00f3ria, natureza e aventura!<\/p>","protected":false},"featured_media":6498,"comment_status":"open","ping_status":"closed","template":"","meta":[],"product_brand":[],"product_cat":[30,18,60],"product_tag":[],"class_list":{"0":"post-2646","1":"product","2":"type-product","3":"status-publish","4":"has-post-thumbnail","6":"product_cat-promociones","7":"product_cat-ushuaia","8":"product_cat-todo-el-ano","10":"first","11":"instock","12":"virtual","13":"sold-individually","14":"taxable","15":"purchasable","16":"product-type-booking"},"booking_location":"","booking_location_type":"","booking_duration":2,"booking_duration_unit":"day","booking_buffer":0,"booking_cost":0,"booking_resources":[],"_links":{"self":[{"href":"https:\/\/terramar.tur.ar\/pt\/wp-json\/wp\/v2\/product\/2646","targetHints":{"allow":["GET"]}}],"collection":[{"href":"https:\/\/terramar.tur.ar\/pt\/wp-json\/wp\/v2\/product"}],"about":[{"href":"https:\/\/terramar.tur.ar\/pt\/wp-json\/wp\/v2\/types\/product"}],"replies":[{"embeddable":true,"href":"https:\/\/terramar.tur.ar\/pt\/wp-json\/wp\/v2\/comments?post=2646"}],"wp:featuredmedia":[{"embeddable":true,"href":"https:\/\/terramar.tur.ar\/pt\/wp-json\/wp\/v2\/media\/6498"}],"wp:attachment":[{"href":"https:\/\/terramar.tur.ar\/pt\/wp-json\/wp\/v2\/media?parent=2646"}],"wp:term":[{"taxonomy":"product_brand","embeddable":true,"href":"https:\/\/terramar.tur.ar\/pt\/wp-json\/wp\/v2\/product_brand?post=2646"},{"taxonomy":"product_cat","embeddable":true,"href":"https:\/\/terramar.tur.ar\/pt\/wp-json\/wp\/v2\/product_cat?post=2646"},{"taxonomy":"product_tag","embeddable":true,"href":"https:\/\/terramar.tur.ar\/pt\/wp-json\/wp\/v2\/product_tag?post=2646"}],"curies":[{"name":"wp","href":"https:\/\/api.w.org\/{rel}","templated":true}]}}