{"id":2651,"date":"2024-11-06T13:37:57","date_gmt":"2024-11-06T13:37:57","guid":{"rendered":"https:\/\/terramar.tur.ar\/?post_type=product&#038;p=2651"},"modified":"2026-03-30T13:33:41","modified_gmt":"2026-03-30T16:33:41","slug":"parque-nacional-do-trem-do-fim-do-mundo","status":"publish","type":"product","link":"https:\/\/terramar.tur.ar\/pt\/produto\/parque-nacional-do-trem-do-fim-do-mundo\/","title":{"rendered":"Parque Nacional + Trem do Fim do Mundo"},"content":{"rendered":"<div class=\"wrapper_contenidos\">Come\u00e7ando nossa excurs\u00e3o com o pick up no hotel, percorreremos os primeiros 8 km e, ao lado do Golf Club Ushuaia, chegaremos \u00e0 esta\u00e7\u00e3o do Ferrocarril Austral Fueguino, o Trem do Fim do Mundo.<br \/>\nDepois de quarenta anos sem operar, em 1994 o Trem do Fim do Mundo retomou parte da antiga rota do trem dos prisioneiros, que partia do pres\u00eddio de Ushuaia, localizado no centro da cidade, em dire\u00e7\u00e3o \u00e0 encosta do Monte Susana com o objetivo de obter materiais (madeira e pedra) para a constru\u00e7\u00e3o do mesmo.<\/div>\n<div><\/div>\n<div><\/div>\n<div><img fetchpriority=\"high\" decoding=\"async\" class=\"alignnone wp-image-2652 size-full\" src=\"https:\/\/terramar.tur.ar\/wp-content\/uploads\/2024\/08\/Tren-parque-nacional-6-Terramar.jpg\" alt=\"trem + parque nacional 1\" width=\"1200\" height=\"800\" srcset=\"https:\/\/terramar.tur.ar\/wp-content\/uploads\/2024\/08\/Tren-parque-nacional-6-Terramar.jpg 1200w, https:\/\/terramar.tur.ar\/wp-content\/uploads\/2024\/08\/Tren-parque-nacional-6-Terramar-300x200.jpg 300w, https:\/\/terramar.tur.ar\/wp-content\/uploads\/2024\/08\/Tren-parque-nacional-6-Terramar-1024x683.jpg 1024w, https:\/\/terramar.tur.ar\/wp-content\/uploads\/2024\/08\/Tren-parque-nacional-6-Terramar-768x512.jpg 768w, https:\/\/terramar.tur.ar\/wp-content\/uploads\/2024\/08\/Tren-parque-nacional-6-Terramar-600x400.jpg 600w\" sizes=\"(max-width: 1200px) 100vw, 1200px\" \/><\/div>\n<div><\/div>\n<div class=\"wrapper_contenidos\">A bordo do trem, voc\u00ea poder\u00e1 ouvir a hist\u00f3ria dos prisioneiros que vinham diariamente cortar madeira nessa \u00e1rea e apreciar as magn\u00edficas paisagens, compostas pelo ziguezagueante Rio Pipo, a cachoeira La Macarena, o cemit\u00e9rio de \u00e1rvores e a majestosa floresta de lengas. Dessa forma, voc\u00ea visitar\u00e1 uma parte inacess\u00edvel do Parque Nacional Tierra del Fuego, onde poder\u00e1 desfrutar dessa experi\u00eancia a bordo de uma ferrovia antiga, com suas locomotivas a vapor e vag\u00f5es elegantes que possuem grandes janelas e um sistema de \u00e1udio individual, que oferece a possibilidade de ouvir a hist\u00f3ria em 7 idiomas diferentes, para n\u00e3o apenas apreciar a natureza ao redor, mas tamb\u00e9m conhecer uma parte muito importante da hist\u00f3ria de Ushuaia.<\/div>\n<div class=\"wrapper_contenidos\">Quando chegarmos ao final de nossa jornada (Esta\u00e7\u00e3o Parque Nacional), continuaremos no Parque Nacional Tierra del Fuego (uma \u00e1rea reservada para a prote\u00e7\u00e3o da floresta subant\u00e1rtica, flora e fauna nativas), visitaremos a Ba\u00eda Ensenada, o Lago Acigami (lago glacial de mais de 5 quil\u00f4metros quadrados), o Centro de Interpreta\u00e7\u00e3o Alakush e depois continuaremos em dire\u00e7\u00e3o \u00e0 Ba\u00eda Lapataia, no final da Rota Pan-Americana n\u00ba 3. A partir da\u00ed, depois de cruzarmos as passarelas, iniciaremos nosso retorno \u00e0 cidade de Ushuaia.<\/div>\n<h3 class=\"main-title inner grey\">CARACTER\u00cdSTICAS<\/h3>\n<ul class=\"product-crumbs full\">\n<li class=\"location\">Local e hor\u00e1rio de partida: Pick up na acomoda\u00e7\u00e3o - 8:00 am<\/li>\n<li class=\"lang\">Idiomas: espanhol \/ ingl\u00eas<\/li>\n<li class=\"duracion\">Observa\u00e7\u00f5es:<\/li>\n<\/ul>\n<p>- Coleta inclu\u00edda por acomoda\u00e7\u00e3o<br \/>\n- Bilhete do Trem do Fim do Mundo inclu\u00eddo (verificar upgrade)<br \/>\n- N\u00e3o inclui entrada para o Parque Nacional Tierra del Fuego<br \/>\n- Guia do Parque Nacional Ingl\u00eas\/Espanhol (solicite outro idioma)<br \/>\n- O trem no fim do mundo com guia de \u00e1udio em 7 idiomas<\/p>\n<p>*Tarifas v\u00e1lidas at\u00e9 31\/03\/2026. Consulte a disponibilidade e as tarifas ap\u00f3s essa data por e-mail ou Whatsapp.<\/p>\n<p>&nbsp;<\/p>\n<p><iframe title=\"Inverno no trem do fim do mundo - Terramar\" width=\"800\" height=\"450\" src=\"https:\/\/www.youtube.com\/embed\/GTsTV5bFT9g?feature=oembed&#038;enablejsapi=1&#038;origin=https:\/\/terramar.tur.ar\" frameborder=\"0\" allow=\"accelerometer; autoplay; clipboard-write; encrypted-media; gyroscope; picture-in-picture; web-share\" referrerpolicy=\"strict-origin-when-cross-origin\" allowfullscreen><\/iframe><\/p>","protected":false},"excerpt":{"rendered":"<p>Nossa excurs\u00e3o come\u00e7a com o traslado ao seu hotel, seguido de um passeio no hist\u00f3rico Trem do Fim do Mundo. A bordo dessa ferrovia antiga, voc\u00ea conhecer\u00e1 a fascinante hist\u00f3ria dos prisioneiros enquanto aprecia paisagens de tirar o f\u00f4lego, como o Rio Pipo e a floresta de lengas. Em seguida, seguiremos para o Parque Nacional Tierra del Fuego, explorando a Ba\u00eda Ensenada, o Lago Acigami e a Ba\u00eda Lapataia. Essa experi\u00eancia \u00fanica combina hist\u00f3ria, natureza e conforto, com op\u00e7\u00f5es de \u00e1udio em sete idiomas para enriquecer sua visita.<\/p>","protected":false},"featured_media":2653,"comment_status":"open","ping_status":"closed","template":"","meta":[],"product_brand":[],"product_cat":[30,18,60],"product_tag":[],"class_list":{"0":"post-2651","1":"product","2":"type-product","3":"status-publish","4":"has-post-thumbnail","6":"product_cat-promociones","7":"product_cat-ushuaia","8":"product_cat-todo-el-ano","10":"first","11":"instock","12":"virtual","13":"sold-individually","14":"taxable","15":"purchasable","16":"product-type-booking"},"booking_location":"","booking_location_type":"","booking_duration":1,"booking_duration_unit":"day","booking_buffer":0,"booking_cost":0,"booking_resources":[],"_links":{"self":[{"href":"https:\/\/terramar.tur.ar\/pt\/wp-json\/wp\/v2\/product\/2651","targetHints":{"allow":["GET"]}}],"collection":[{"href":"https:\/\/terramar.tur.ar\/pt\/wp-json\/wp\/v2\/product"}],"about":[{"href":"https:\/\/terramar.tur.ar\/pt\/wp-json\/wp\/v2\/types\/product"}],"replies":[{"embeddable":true,"href":"https:\/\/terramar.tur.ar\/pt\/wp-json\/wp\/v2\/comments?post=2651"}],"wp:featuredmedia":[{"embeddable":true,"href":"https:\/\/terramar.tur.ar\/pt\/wp-json\/wp\/v2\/media\/2653"}],"wp:attachment":[{"href":"https:\/\/terramar.tur.ar\/pt\/wp-json\/wp\/v2\/media?parent=2651"}],"wp:term":[{"taxonomy":"product_brand","embeddable":true,"href":"https:\/\/terramar.tur.ar\/pt\/wp-json\/wp\/v2\/product_brand?post=2651"},{"taxonomy":"product_cat","embeddable":true,"href":"https:\/\/terramar.tur.ar\/pt\/wp-json\/wp\/v2\/product_cat?post=2651"},{"taxonomy":"product_tag","embeddable":true,"href":"https:\/\/terramar.tur.ar\/pt\/wp-json\/wp\/v2\/product_tag?post=2651"}],"curies":[{"name":"wp","href":"https:\/\/api.w.org\/{rel}","templated":true}]}}