{"id":2659,"date":"2024-10-06T13:47:35","date_gmt":"2024-10-06T13:47:35","guid":{"rendered":"https:\/\/terramar.tur.ar\/?post_type=product&#038;p=2659"},"modified":"2026-03-30T13:44:49","modified_gmt":"2026-03-30T16:44:49","slug":"traslado-aeroporto-hotel-hotel-aeroporto-centro","status":"publish","type":"product","link":"https:\/\/terramar.tur.ar\/pt\/produto\/traslado-aeroporto-hotel-hotel-aeroporto-centro\/","title":{"rendered":"Traslado Aeroporto - Hotel \/ Hotel - Aeroporto"},"content":{"rendered":"<div class=\"wrapper_contenidos\">N\u00f3s o buscamos no aeroporto e o levamos ao seu hotel com toda a sua bagagem. Consulte-nos sobre combina\u00e7\u00f5es e promo\u00e7\u00f5es!<\/div>\n<div>\n<p lang=\"es-AR\">O hor\u00e1rio depender\u00e1 dos hor\u00e1rios de chegada e partida dos voos que voc\u00ea indicar.<\/p>\n<p lang=\"es-AR\">Ah, e quando reservar o servi\u00e7o, n\u00e3o se esque\u00e7a de nos informar a data e os n\u00fameros de seus voos de chegada e partida de Ushuaia para que possamos organizar os traslados.<\/p>\n<\/div>\n<h3 class=\"main-title inner grey\">CARACTER\u00cdSTICAS<\/h3>\n<ul class=\"product-crumbs full\">\n<li class=\"season\">Temporada: o ano todo<\/li>\n<li class=\"lang\">Idiomas: espanhol \/ ingl\u00eas<\/li>\n<li class=\"dificultad\">Dificuldade: baixa<\/li>\n<\/ul>\n<p>&nbsp;<\/p>\n<p><img fetchpriority=\"high\" decoding=\"async\" class=\"alignnone wp-image-2663 size-full\" src=\"https:\/\/terramar.tur.ar\/wp-content\/uploads\/2024\/08\/tranfer-Aeropuerto-1-Terramar.jpg\" alt=\"Traslado do aeroporto 4\" width=\"1200\" height=\"800\" srcset=\"https:\/\/terramar.tur.ar\/wp-content\/uploads\/2024\/08\/tranfer-Aeropuerto-1-Terramar.jpg 1200w, https:\/\/terramar.tur.ar\/wp-content\/uploads\/2024\/08\/tranfer-Aeropuerto-1-Terramar-300x200.jpg 300w, https:\/\/terramar.tur.ar\/wp-content\/uploads\/2024\/08\/tranfer-Aeropuerto-1-Terramar-1024x683.jpg 1024w, https:\/\/terramar.tur.ar\/wp-content\/uploads\/2024\/08\/tranfer-Aeropuerto-1-Terramar-768x512.jpg 768w, https:\/\/terramar.tur.ar\/wp-content\/uploads\/2024\/08\/tranfer-Aeropuerto-1-Terramar-600x400.jpg 600w\" sizes=\"(max-width: 1200px) 100vw, 1200px\" \/><\/p>","protected":false},"excerpt":{"rendered":"<p>Reserve seu traslado em Ushuaia e esque\u00e7a as preocupa\u00e7\u00f5es. N\u00f3s o buscamos no aeroporto e o levamos ao seu hotel com toda a sua bagagem. Solicite nossas combina\u00e7\u00f5es e promo\u00e7\u00f5es para tornar sua viagem ainda mais confort\u00e1vel!<\/p>","protected":false},"featured_media":2660,"comment_status":"open","ping_status":"closed","template":"","meta":[],"product_brand":[],"product_cat":[30,18,60],"product_tag":[],"class_list":{"0":"post-2659","1":"product","2":"type-product","3":"status-publish","4":"has-post-thumbnail","6":"product_cat-promociones","7":"product_cat-ushuaia","8":"product_cat-todo-el-ano","10":"first","11":"instock","12":"sale","13":"virtual","14":"sold-individually","15":"taxable","16":"purchasable","17":"product-type-booking"},"booking_location":"","booking_location_type":"","booking_duration":1,"booking_duration_unit":"day","booking_buffer":0,"booking_cost":0,"booking_resources":[],"_links":{"self":[{"href":"https:\/\/terramar.tur.ar\/pt\/wp-json\/wp\/v2\/product\/2659","targetHints":{"allow":["GET"]}}],"collection":[{"href":"https:\/\/terramar.tur.ar\/pt\/wp-json\/wp\/v2\/product"}],"about":[{"href":"https:\/\/terramar.tur.ar\/pt\/wp-json\/wp\/v2\/types\/product"}],"replies":[{"embeddable":true,"href":"https:\/\/terramar.tur.ar\/pt\/wp-json\/wp\/v2\/comments?post=2659"}],"wp:featuredmedia":[{"embeddable":true,"href":"https:\/\/terramar.tur.ar\/pt\/wp-json\/wp\/v2\/media\/2660"}],"wp:attachment":[{"href":"https:\/\/terramar.tur.ar\/pt\/wp-json\/wp\/v2\/media?parent=2659"}],"wp:term":[{"taxonomy":"product_brand","embeddable":true,"href":"https:\/\/terramar.tur.ar\/pt\/wp-json\/wp\/v2\/product_brand?post=2659"},{"taxonomy":"product_cat","embeddable":true,"href":"https:\/\/terramar.tur.ar\/pt\/wp-json\/wp\/v2\/product_cat?post=2659"},{"taxonomy":"product_tag","embeddable":true,"href":"https:\/\/terramar.tur.ar\/pt\/wp-json\/wp\/v2\/product_tag?post=2659"}],"curies":[{"name":"wp","href":"https:\/\/api.w.org\/{rel}","templated":true}]}}