{"id":2665,"date":"2024-08-06T13:57:09","date_gmt":"2024-08-06T13:57:09","guid":{"rendered":"https:\/\/terramar.tur.ar\/?post_type=product&#038;p=2665"},"modified":"2026-03-30T13:46:01","modified_gmt":"2026-03-30T16:46:01","slug":"sobrevoo-de-aeronaves-leves","status":"publish","type":"product","link":"https:\/\/terramar.tur.ar\/pt\/produto\/sobrevoo-de-aeronaves-leves\/","title":{"rendered":"Sobrevoo de aeronaves leves"},"content":{"rendered":"<p>Descubra as maravilhas de Ushuaia de uma perspectiva \u00fanica com um voo em uma aeronave leve. A partir do Aeroclube de Ushuaia, n\u00f3s o levaremos para explorar paisagens de tirar o f\u00f4lego e vistas panor\u00e2micas inigual\u00e1veis. Viva uma experi\u00eancia inesquec\u00edvel e reserve sua aventura a\u00e9rea hoje mesmo!<\/p>\n<p>&nbsp;<\/p>\n<h3>Recursos<\/h3>\n<ul class=\"product-crumbs full\">\n<li class=\"season\">Temporada: o ano todo<\/li>\n<li class=\"location\">Hor\u00e1rio e local de partida: Do Aeroclube de Ushuaia<\/li>\n<li class=\"dificultad\">Dificuldade: M\u00e9dia<\/li>\n<\/ul>\n<p>&nbsp;<\/p>\n<p><img fetchpriority=\"high\" decoding=\"async\" class=\"alignnone wp-image-2670 size-full\" src=\"https:\/\/terramar.tur.ar\/wp-content\/uploads\/2024\/08\/sobrevuelo-en-avioneta-2-Terramar.jpg\" alt=\"Sobrevoo de aeronaves leves 5\" width=\"1200\" height=\"800\" srcset=\"https:\/\/terramar.tur.ar\/wp-content\/uploads\/2024\/08\/sobrevuelo-en-avioneta-2-Terramar.jpg 1200w, https:\/\/terramar.tur.ar\/wp-content\/uploads\/2024\/08\/sobrevuelo-en-avioneta-2-Terramar-300x200.jpg 300w, https:\/\/terramar.tur.ar\/wp-content\/uploads\/2024\/08\/sobrevuelo-en-avioneta-2-Terramar-1024x683.jpg 1024w, https:\/\/terramar.tur.ar\/wp-content\/uploads\/2024\/08\/sobrevuelo-en-avioneta-2-Terramar-768x512.jpg 768w, https:\/\/terramar.tur.ar\/wp-content\/uploads\/2024\/08\/sobrevuelo-en-avioneta-2-Terramar-600x400.jpg 600w\" sizes=\"(max-width: 1200px) 100vw, 1200px\" \/><\/p>","protected":false},"excerpt":{"rendered":"<p>Uma experi\u00eancia \u00fanica sobrevoando as maravilhas de Ushuaia em uma aeronave leve que parte do Aeroclube de Ushuaia. Admire paisagens espetaculares do ar e desfrute de vistas panor\u00e2micas incompar\u00e1veis. Uma atividade diferente que lhe permitir\u00e1 conhecer Ushuaia de uma perspectiva diferente.<\/p>","protected":false},"featured_media":2666,"comment_status":"open","ping_status":"closed","template":"","meta":[],"product_brand":[],"product_cat":[18,60],"product_tag":[],"class_list":{"0":"post-2665","1":"product","2":"type-product","3":"status-publish","4":"has-post-thumbnail","6":"product_cat-ushuaia","7":"product_cat-todo-el-ano","9":"first","10":"instock","11":"taxable","12":"shipping-taxable","13":"product-type-external"},"booking_location":null,"booking_location_type":null,"booking_duration":null,"booking_duration_unit":null,"booking_buffer":null,"booking_cost":null,"booking_resources":null,"_links":{"self":[{"href":"https:\/\/terramar.tur.ar\/pt\/wp-json\/wp\/v2\/product\/2665","targetHints":{"allow":["GET"]}}],"collection":[{"href":"https:\/\/terramar.tur.ar\/pt\/wp-json\/wp\/v2\/product"}],"about":[{"href":"https:\/\/terramar.tur.ar\/pt\/wp-json\/wp\/v2\/types\/product"}],"replies":[{"embeddable":true,"href":"https:\/\/terramar.tur.ar\/pt\/wp-json\/wp\/v2\/comments?post=2665"}],"wp:featuredmedia":[{"embeddable":true,"href":"https:\/\/terramar.tur.ar\/pt\/wp-json\/wp\/v2\/media\/2666"}],"wp:attachment":[{"href":"https:\/\/terramar.tur.ar\/pt\/wp-json\/wp\/v2\/media?parent=2665"}],"wp:term":[{"taxonomy":"product_brand","embeddable":true,"href":"https:\/\/terramar.tur.ar\/pt\/wp-json\/wp\/v2\/product_brand?post=2665"},{"taxonomy":"product_cat","embeddable":true,"href":"https:\/\/terramar.tur.ar\/pt\/wp-json\/wp\/v2\/product_cat?post=2665"},{"taxonomy":"product_tag","embeddable":true,"href":"https:\/\/terramar.tur.ar\/pt\/wp-json\/wp\/v2\/product_tag?post=2665"}],"curies":[{"name":"wp","href":"https:\/\/api.w.org\/{rel}","templated":true}]}}