{"id":2673,"date":"2024-08-06T14:12:56","date_gmt":"2024-08-06T14:12:56","guid":{"rendered":"https:\/\/terramar.tur.ar\/?post_type=product&#038;p=2673"},"modified":"2026-03-30T13:45:42","modified_gmt":"2026-03-30T16:45:42","slug":"aterrissagem-na-cordilheira","status":"publish","type":"product","link":"https:\/\/terramar.tur.ar\/pt\/produto\/aterrissagem-na-cordilheira\/","title":{"rendered":"Aterrissagem em Cordillera"},"content":{"rendered":"<p>Voc\u00ea j\u00e1 se imaginou contemplando a Cordilheira dos Andes do alto? Junte-se a n\u00f3s em um voo \u00fanico e inesquec\u00edvel. Quando voc\u00ea menos esperar, estar\u00e1 pousando no cora\u00e7\u00e3o da Cordilheira, para brindar com champanhe em uma montanha! Uma paisagem \u00fanica no mundo, t\u00e3o pr\u00f3xima que parece estar na ponta de seus dedos!<\/p>\n<p>Essa maravilhosa experi\u00eancia come\u00e7a sobrevoando a ba\u00eda de Ushuaia e, em seguida, entrando no Vale do Rio Olivia, apreciando o majestoso Monte Olivia e o caracter\u00edstico Monte Cinco Hermanos. Quando a imensid\u00e3o come\u00e7ar a tirar seu f\u00f4lego, voc\u00ea ver\u00e1 o Vale Carbajal, com sua composi\u00e7\u00e3o particular de turfa formada ao longo de milhares de anos. Alojado em uma segunda cadeia de montanhas, como uma grande joia natural, voc\u00ea encontrar\u00e1 um espelho d'\u00e1gua chamado Laguna Esmeralda, devido \u00e0 sua cor extraordin\u00e1ria, que se destaca principalmente durante o ver\u00e3o.<\/p>\n<p>Ao longo do vale, a rota continua, com uma paisagem \u00fanica no mundo; voc\u00ea ver\u00e1 centros de atividades de inverno entre os quais se destaca o \u00abCerro Castor\u00bb, o centro de esqui mais austral do mundo. Poucos minutos depois, ap\u00f3s cruzar o vale do rio Encajonado, paramos para contemplar, em meio a essa quietude extremamente fria, um ambiente m\u00e1gico do qual emergem as imagens mais incr\u00edveis e austrais. Nesse momento emocionante, voc\u00ea far\u00e1 um brinde com champanhe antes de decolar novamente para Ushuaia. Uma experi\u00eancia emocionante que permanecer\u00e1 entre suas melhores lembran\u00e7as!<\/p>\n<p>&nbsp;<\/p>\n<h3><strong>Recursos<\/strong><\/h3>\n<ul class=\"product-crumbs full\">\n<li class=\"season\">Temporada: o ano todo<\/li>\n<li class=\"location\">Hor\u00e1rio e local de partida: de sua acomoda\u00e7\u00e3o, hor\u00e1rio a ser combinado (sujeito a disponibilidade).<\/li>\n<li>Os voos est\u00e3o sujeitos \u00e0s condi\u00e7\u00f5es clim\u00e1ticas.<\/li>\n<li>Devido a uma limita\u00e7\u00e3o do fabricante, o peso m\u00e1ximo permitido por assento \u00e9 de 125 kg.<\/li>\n<li>A disposi\u00e7\u00e3o dos assentos fica a crit\u00e9rio do piloto.<\/li>\n<li>Os helic\u00f3pteros podem transportar at\u00e9 3 passageiros; caso haja um lugar livre, \u00e9 poss\u00edvel preench\u00ea-lo com outro passageiro.<\/li>\n<\/ul>\n<p>&nbsp;<\/p>\n<p>*Tarifas v\u00e1lidas at\u00e9 31\/01\/2026. Consulte a disponibilidade e as tarifas ap\u00f3s essa data por e-mail ou Whatsapp.<\/p>\n<p><img fetchpriority=\"high\" decoding=\"async\" class=\"alignnone wp-image-2679 size-full\" src=\"https:\/\/terramar.tur.ar\/wp-content\/uploads\/2024\/08\/Aterrizaje-Terramar-en-Cordillera-2.jpg\" alt=\"Aterrissagem na Cordillera 6\" width=\"1200\" height=\"800\" srcset=\"https:\/\/terramar.tur.ar\/wp-content\/uploads\/2024\/08\/Aterrizaje-Terramar-en-Cordillera-2.jpg 1200w, https:\/\/terramar.tur.ar\/wp-content\/uploads\/2024\/08\/Aterrizaje-Terramar-en-Cordillera-2-300x200.jpg 300w, https:\/\/terramar.tur.ar\/wp-content\/uploads\/2024\/08\/Aterrizaje-Terramar-en-Cordillera-2-1024x683.jpg 1024w, https:\/\/terramar.tur.ar\/wp-content\/uploads\/2024\/08\/Aterrizaje-Terramar-en-Cordillera-2-768x512.jpg 768w, https:\/\/terramar.tur.ar\/wp-content\/uploads\/2024\/08\/Aterrizaje-Terramar-en-Cordillera-2-600x400.jpg 600w\" sizes=\"(max-width: 1200px) 100vw, 1200px\" \/><\/p>\n<p>&nbsp;<\/p>","protected":false},"excerpt":{"rendered":"<p>Voc\u00ea j\u00e1 se imaginou contemplando a Cordilheira dos Andes do alto? Desfrute de um voo inesquec\u00edvel sobre a Ba\u00eda de Ushuaia e o Vale do Rio Olivia. Voc\u00ea apreciar\u00e1 o majestoso Monte Olivia e o Monte Cinco Hermanos, e depois o impressionante Vale Carbajal e a Lagoa Esmeralda. Continuamos at\u00e9 a esta\u00e7\u00e3o de esqui mais austral do mundo, Cerro Castor, e fazemos uma parada no Vale do Rio Encajonado para brindar com champanhe em meio a um ambiente m\u00e1gico, uma experi\u00eancia \u00fanica que ficar\u00e1 gravada em suas melhores lembran\u00e7as!<\/p>","protected":false},"featured_media":2348,"comment_status":"open","ping_status":"closed","template":"","meta":[],"product_brand":[],"product_cat":[18,60],"product_tag":[],"class_list":{"0":"post-2673","1":"product","2":"type-product","3":"status-publish","4":"has-post-thumbnail","6":"product_cat-ushuaia","7":"product_cat-todo-el-ano","9":"first","10":"instock","11":"virtual","12":"sold-individually","13":"taxable","14":"purchasable","15":"product-type-booking"},"booking_location":"","booking_location_type":"","booking_duration":1,"booking_duration_unit":"day","booking_buffer":0,"booking_cost":552000,"booking_resources":[],"_links":{"self":[{"href":"https:\/\/terramar.tur.ar\/pt\/wp-json\/wp\/v2\/product\/2673","targetHints":{"allow":["GET"]}}],"collection":[{"href":"https:\/\/terramar.tur.ar\/pt\/wp-json\/wp\/v2\/product"}],"about":[{"href":"https:\/\/terramar.tur.ar\/pt\/wp-json\/wp\/v2\/types\/product"}],"replies":[{"embeddable":true,"href":"https:\/\/terramar.tur.ar\/pt\/wp-json\/wp\/v2\/comments?post=2673"}],"wp:featuredmedia":[{"embeddable":true,"href":"https:\/\/terramar.tur.ar\/pt\/wp-json\/wp\/v2\/media\/2348"}],"wp:attachment":[{"href":"https:\/\/terramar.tur.ar\/pt\/wp-json\/wp\/v2\/media?parent=2673"}],"wp:term":[{"taxonomy":"product_brand","embeddable":true,"href":"https:\/\/terramar.tur.ar\/pt\/wp-json\/wp\/v2\/product_brand?post=2673"},{"taxonomy":"product_cat","embeddable":true,"href":"https:\/\/terramar.tur.ar\/pt\/wp-json\/wp\/v2\/product_cat?post=2673"},{"taxonomy":"product_tag","embeddable":true,"href":"https:\/\/terramar.tur.ar\/pt\/wp-json\/wp\/v2\/product_tag?post=2673"}],"curies":[{"name":"wp","href":"https:\/\/api.w.org\/{rel}","templated":true}]}}