{"id":2714,"date":"2024-04-07T12:47:55","date_gmt":"2024-04-07T12:47:55","guid":{"rendered":"https:\/\/terramar.tur.ar\/?post_type=product&#038;p=2714"},"modified":"2026-04-15T10:14:01","modified_gmt":"2026-04-15T13:14:01","slug":"pacotes-de-semana-de-esqui-em-cerro-castor","status":"publish","type":"product","link":"https:\/\/terramar.tur.ar\/pt\/produto\/pacotes-de-semana-de-esqui-em-cerro-castor\/","title":{"rendered":"Pacotes Cerro Castor: Semana de esqui e minissemana"},"content":{"rendered":"<h2 data-path-to-node=\"12\">Pacotes de esqui em Ushuaia: tudo pronto para aproveitar<\/h2>\n<p data-path-to-node=\"13\">Bem-vindo ao fim do mundo, onde a temporada de esqui \u00e9 a mais longa da Am\u00e9rica do Sul e a neve em p\u00f3 \u00e9 garantida. Nossos pacotes <b data-path-to-node=\"13\" data-index-in-node=\"143\">Semana de esqui<\/b> y <b data-path-to-node=\"13\" data-index-in-node=\"154\">Mini Ski Week<\/b> s\u00e3o projetados para esquiadores e praticantes de snowboard que buscam conforto, independ\u00eancia e pre\u00e7os inteligentes. Esque\u00e7a o aluguel de um carro, a espera na fila da bilheteria ou a procura de um hotel: n\u00f3s cuidamos de toda a log\u00edstica.<\/p>\n<h3 data-path-to-node=\"14\">O que nossos pacotes incluem?<\/h3>\n<h4 data-path-to-node=\"15\">1. acomoda\u00e7\u00e3o estrat\u00e9gica em \u00abPolo Sur Apartamentos\u00bb.\u00bb<\/h4>\n<p data-path-to-node=\"16\">Voc\u00ea se hospedar\u00e1 em apartamentos modernos e aconchegantes, localizados no centro de Ushuaia.<\/p>\n<ul data-path-to-node=\"17\">\n<li>\n<p data-path-to-node=\"17,0,0\"><b data-path-to-node=\"17,0,0\" data-index-in-node=\"0\">Total Comfort:<\/b> Quarto individual ou unidades de quarto separadas (sujeito \u00e0 disponibilidade no momento da reserva).<\/p>\n<\/li>\n<li>\n<p data-path-to-node=\"17,1,0\"><b data-path-to-node=\"17,1,0\" data-index-in-node=\"0\">Cozinha completa:<\/b> Ideal para fam\u00edlias ou grupos de amigos que preferem cozinhar seus pr\u00f3prios jantares e caf\u00e9s da manh\u00e3, economizando significativamente em gastronomia.<\/p>\n<\/li>\n<li>\n<p data-path-to-node=\"17,2,0\"><b data-path-to-node=\"17,2,0\" data-index-in-node=\"0\">Servi\u00e7os:<\/b> Aquecimento ajust\u00e1vel, Wi-Fi gratuito e roupa de cama inclu\u00eddos.<\/p>\n<\/li>\n<li>\n<p data-path-to-node=\"17,3,0\"><i data-path-to-node=\"17,3,0\" data-index-in-node=\"0\">(Observa\u00e7\u00e3o: o caf\u00e9 da manh\u00e3 n\u00e3o est\u00e1 inclu\u00eddo, mas voc\u00ea ter\u00e1 tudo o que precisa para prepar\u00e1-lo a seu gosto).<\/i><\/p>\n<\/li>\n<\/ul>\n<h4 data-path-to-node=\"18\">2. Passes dos meios de eleva\u00e7\u00e3o<\/h4>\n<p data-path-to-node=\"19\">Seu pacote inclui passes para o Cerro Castor durante toda a sua estadia (3 ou 6 dias).<\/p>\n<h4 data-path-to-node=\"21\">3. Log\u00edstica de transfer\u00eancia<\/h4>\n<p data-path-to-node=\"22\">Esque\u00e7a as correntes para neve e o estresse de dirigir no gelo.<\/p>\n<ul data-path-to-node=\"23\">\n<li>\n<p data-path-to-node=\"23,0,0\"><b data-path-to-node=\"23,0,0\" data-index-in-node=\"0\">Traslado do aeroporto (entrada\/sa\u00edda):<\/b> Esperamos por voc\u00ea no aeroporto de Ushuaia com uma placa com seu nome e o levamos at\u00e9 o apartamento. No final de sua viagem, n\u00f3s o levaremos de volta ao seu voo (servi\u00e7o regular).<\/p>\n<\/li>\n<li>\n<p data-path-to-node=\"23,1,0\"><b data-path-to-node=\"23,1,0\" data-index-in-node=\"0\">Traslados di\u00e1rios para o Cerro:<\/b> Nossas vans o buscar\u00e3o <b data-path-to-node=\"23,1,0\" data-index-in-node=\"62\">pela porta de sua acomoda\u00e7\u00e3o<\/b>.<\/p>\n<ul data-path-to-node=\"23,1,1\">\n<li>\n<p data-path-to-node=\"23,1,1,0,0\"><b data-path-to-node=\"23,1,1,0,0\" data-index-in-node=\"0\">Hor\u00e1rios para a viagem de ida:<\/b> 08:30 hs (para quem acorda cedo) e 10:30 hs.<\/p>\n<\/li>\n<li>\n<p data-path-to-node=\"23,1,1,1,0\"><b data-path-to-node=\"23,1,1,1,0\" data-index-in-node=\"0\">Tempo de retorno:<\/b> 17:00 hs (no fechamento da pista).<\/p>\n<\/li>\n<li>\n<p data-path-to-node=\"23,1,1,2,0\"><b data-path-to-node=\"23,1,1,2,0\" data-index-in-node=\"0\">Equipamentos:<\/b> Todos os nossos ve\u00edculos s\u00e3o equipados com armazenamento ou racks de esqui para transportar suas pranchas com seguran\u00e7a.<\/p>\n<\/li>\n<\/ul>\n<\/li>\n<\/ul>\n<h4 data-path-to-node=\"28\">4. Perguntas frequentes<\/h4>\n<p data-path-to-node=\"29\"><b data-path-to-node=\"29\" data-index-in-node=\"0\">O aluguel de equipamentos est\u00e1 inclu\u00eddo?<\/b> N\u00e3o, o aluguel de esqui ou snowboard n\u00e3o est\u00e1 inclu\u00eddo na tarifa b\u00e1sica. No entanto, podemos providenciar o aluguel para voc\u00ea com locadoras confi\u00e1veis na cidade ou na base da colina, portanto, entre em contato conosco ap\u00f3s a sua reserva!<\/p>\n<p data-path-to-node=\"31\"><b data-path-to-node=\"31\" data-index-in-node=\"0\">O pre\u00e7o muda durante as f\u00e9rias de inverno?<\/b> Boas not\u00edcias! A tarifa atual corresponde a um <b data-path-to-node=\"31\" data-index-in-node=\"98\">Pr\u00e9-venda exclusiva 2026<\/b>. Se voc\u00ea reservar agora, voc\u00ea congela esse pre\u00e7o para viajar a qualquer momento durante a temporada de inverno (sujeito a disponibilidade).<\/p>\n<div><\/div>\n<div><em>*Consulta de tarifas e equipamentos pelo whatsapp <a href=\"https:\/\/wa.me\/+5492901508105\" target=\"_blank\" rel=\"noopener\">+54 9 2901 508105<\/a><\/em><\/div>\n<p>&nbsp;<\/p>\n<p><img fetchpriority=\"high\" decoding=\"async\" class=\"alignnone wp-image-2719 size-full\" src=\"https:\/\/terramar.tur.ar\/wp-content\/uploads\/2024\/08\/paquetes-Cerro-Castor-3-Terramar.jpg\" alt=\"Cerro Castor 5 Pacotes\" width=\"1200\" height=\"800\" srcset=\"https:\/\/terramar.tur.ar\/wp-content\/uploads\/2024\/08\/paquetes-Cerro-Castor-3-Terramar.jpg 1200w, https:\/\/terramar.tur.ar\/wp-content\/uploads\/2024\/08\/paquetes-Cerro-Castor-3-Terramar-300x200.jpg 300w, https:\/\/terramar.tur.ar\/wp-content\/uploads\/2024\/08\/paquetes-Cerro-Castor-3-Terramar-1024x683.jpg 1024w, https:\/\/terramar.tur.ar\/wp-content\/uploads\/2024\/08\/paquetes-Cerro-Castor-3-Terramar-768x512.jpg 768w, https:\/\/terramar.tur.ar\/wp-content\/uploads\/2024\/08\/paquetes-Cerro-Castor-3-Terramar-600x400.jpg 600w\" sizes=\"(max-width: 1200px) 100vw, 1200px\" \/><\/p>\n<div><\/div>\n<div><\/div>\n<div><\/div>\n<div><img decoding=\"async\" class=\"alignnone wp-image-2716 size-full\" src=\"https:\/\/terramar.tur.ar\/wp-content\/uploads\/2024\/08\/paquetes-Cerro-Castor-6-Terramar.jpg\" alt=\"Cerro Castor 2 Pacotes\" width=\"1200\" height=\"800\" srcset=\"https:\/\/terramar.tur.ar\/wp-content\/uploads\/2024\/08\/paquetes-Cerro-Castor-6-Terramar.jpg 1200w, https:\/\/terramar.tur.ar\/wp-content\/uploads\/2024\/08\/paquetes-Cerro-Castor-6-Terramar-300x200.jpg 300w, https:\/\/terramar.tur.ar\/wp-content\/uploads\/2024\/08\/paquetes-Cerro-Castor-6-Terramar-1024x683.jpg 1024w, https:\/\/terramar.tur.ar\/wp-content\/uploads\/2024\/08\/paquetes-Cerro-Castor-6-Terramar-768x512.jpg 768w, https:\/\/terramar.tur.ar\/wp-content\/uploads\/2024\/08\/paquetes-Cerro-Castor-6-Terramar-600x400.jpg 600w\" sizes=\"(max-width: 1200px) 100vw, 1200px\" \/><\/div>","protected":false},"excerpt":{"rendered":"<p data-path-to-node=\"8,0\"><b data-path-to-node=\"8,0\" data-index-in-node=\"0\">Tu viaje de esqu\u00ed a Ushuaia, resuelto.<\/b> Disfruta de la mejor nieve de Sudam\u00e9rica sin complicaciones log\u00edsticas.<\/p>\n<p data-path-to-node=\"8,1\"><b data-path-to-node=\"8,1\" data-index-in-node=\"0\">Ele inclui:<\/b><\/p>\n<ul data-path-to-node=\"8,2\">\n<li>\n<p data-path-to-node=\"8,2,0,0\">\ud83c\udfe0 <b data-path-to-node=\"8,2,0,0\" data-index-in-node=\"3\">Alojamiento C\u00e9ntrico:<\/b> Deptos con cocina completa (ahorra en comidas).<\/p>\n<\/li>\n<li>\n<p data-path-to-node=\"8,2,1,0\">\ud83c\udfbf <b data-path-to-node=\"8,2,1,0\" data-index-in-node=\"3\">Pases de Esqu\u00ed FULL:<\/b> Acceso total a todos los medios de elevaci\u00f3n del Cerro Castor.<\/p>\n<\/li>\n<li>\n<p data-path-to-node=\"8,2,2,0\">\ud83d\ude90 <b data-path-to-node=\"8,2,2,0\" data-index-in-node=\"3\">Traslados Completos:<\/b> Aeropuerto (In\/Out) + Traslados diarios al Cerro con espacio para equipos.<\/p>\n<\/li>\n<\/ul>\n<p data-path-to-node=\"8,3\"><b data-path-to-node=\"8,3\" data-index-in-node=\"0\">\u00a1Precio de Preventa 2026!<\/b> Reserva ahora y asegura tu lugar en la nieve.<\/p>","protected":false},"featured_media":2722,"comment_status":"open","ping_status":"closed","template":"","meta":[],"product_brand":[],"product_cat":[31,18,20],"product_tag":[],"class_list":{"0":"post-2714","1":"product","2":"type-product","3":"status-publish","4":"has-post-thumbnail","6":"product_cat-paquetes","7":"product_cat-ushuaia","8":"product_cat-invierno","10":"first","11":"instock","12":"virtual","13":"sold-individually","14":"taxable","15":"purchasable","16":"product-type-booking"},"booking_location":"","booking_location_type":"","booking_duration":1,"booking_duration_unit":"day","booking_buffer":0,"booking_cost":0,"booking_resources":[8957,8958],"_links":{"self":[{"href":"https:\/\/terramar.tur.ar\/pt\/wp-json\/wp\/v2\/product\/2714","targetHints":{"allow":["GET"]}}],"collection":[{"href":"https:\/\/terramar.tur.ar\/pt\/wp-json\/wp\/v2\/product"}],"about":[{"href":"https:\/\/terramar.tur.ar\/pt\/wp-json\/wp\/v2\/types\/product"}],"replies":[{"embeddable":true,"href":"https:\/\/terramar.tur.ar\/pt\/wp-json\/wp\/v2\/comments?post=2714"}],"wp:featuredmedia":[{"embeddable":true,"href":"https:\/\/terramar.tur.ar\/pt\/wp-json\/wp\/v2\/media\/2722"}],"wp:attachment":[{"href":"https:\/\/terramar.tur.ar\/pt\/wp-json\/wp\/v2\/media?parent=2714"}],"wp:term":[{"taxonomy":"product_brand","embeddable":true,"href":"https:\/\/terramar.tur.ar\/pt\/wp-json\/wp\/v2\/product_brand?post=2714"},{"taxonomy":"product_cat","embeddable":true,"href":"https:\/\/terramar.tur.ar\/pt\/wp-json\/wp\/v2\/product_cat?post=2714"},{"taxonomy":"product_tag","embeddable":true,"href":"https:\/\/terramar.tur.ar\/pt\/wp-json\/wp\/v2\/product_tag?post=2714"}],"curies":[{"name":"wp","href":"https:\/\/api.w.org\/{rel}","templated":true}]}}