{"id":2724,"date":"2024-04-07T12:52:38","date_gmt":"2024-04-07T12:52:38","guid":{"rendered":"https:\/\/terramar.tur.ar\/?post_type=product&#038;p=2724"},"modified":"2026-05-01T00:01:03","modified_gmt":"2026-05-01T03:01:03","slug":"transferencia-para-beaver-hill","status":"publish","type":"product","link":"https:\/\/terramar.tur.ar\/pt\/produto\/transferencia-para-beaver-hill\/","title":{"rendered":"Traslado para Cerro Castor"},"content":{"rendered":"<div class=\"wrapper_contenidos\">\n<h2 data-path-to-node=\"12\">A melhor op\u00e7\u00e3o de traslado para o Cerro Castor saindo de Ushuaia<\/h2>\n<p data-path-to-node=\"13\">Se voc\u00ea vier esquiar no Fim do Mundo, sua \u00fanica preocupa\u00e7\u00e3o deve ser o estado da neve. Nosso servi\u00e7o de <b data-path-to-node=\"13\" data-index-in-node=\"115\">Traslado para Cerro Castor<\/b> foi projetado para resolver toda a sua log\u00edstica de transporte com efici\u00eancia, seguran\u00e7a e pontualidade.<\/p>\n<h3 data-path-to-node=\"17\">Hor\u00e1rio de transfer\u00eancia do Cerro Castor<\/h3>\n<p data-path-to-node=\"18\">Entendemos que voc\u00ea quer aproveitar ao m\u00e1ximo o seu dia. \u00c9 por isso que nossos hor\u00e1rios s\u00e3o sincronizados com os hor\u00e1rios de abertura e fechamento dos telef\u00e9ricos de esqui na colina.<\/p>\n<ul data-path-to-node=\"19\">\n<li>\n<p data-path-to-node=\"19,0,0\"><b data-path-to-node=\"19,0,0\" data-index-in-node=\"0\">Viagem de ida (sa\u00edda de Ushuaia):<\/b> Servi\u00e7o de traslado da acomoda\u00e7\u00e3o entre os <b data-path-to-node=\"19,0,0\" data-index-in-node=\"60\">08:00 e 08:30 hs\u00a0<\/b>o <strong>10<\/strong><b data-path-to-node=\"19,0,0\" data-index-in-node=\"60\">00:00 e 10:30 da manh\u00e3.<\/b><\/p>\n<\/li>\n<li>\n<p data-path-to-node=\"19,1,0\"><b data-path-to-node=\"19,1,0\" data-index-in-node=\"0\">Retorno (Return from the Hill):<\/b> Partida do ponto de encontro na base em <b data-path-to-node=\"19,1,0\" data-index-in-node=\"80\">17:00 \/ 17:15 hs<\/b> (Fechamento de trilhas).<\/p>\n<\/li>\n<\/ul>\n<p data-path-to-node=\"20\"><i data-path-to-node=\"20\" data-index-in-node=\"0\">(Observa\u00e7\u00e3o: os hor\u00e1rios s\u00e3o estimados e podem variar um pouco, dependendo da localiza\u00e7\u00e3o de seu hotel).<\/i><\/p>\n<\/div>\n<h2 data-path-to-node=\"5\">Sobre o Cerro Castor: esqui de classe mundial<\/h2>\n<p data-path-to-node=\"6\">Localizado a apenas 26 km da cidade de Ushuaia, o <b data-path-to-node=\"6\" data-index-in-node=\"49\">Cerro Castor<\/b> \u00e9 o resort de esqui mais ao sul do mundo. Gra\u00e7as \u00e0 sua orienta\u00e7\u00e3o na encosta sul da montanha e \u00e0 sua localiza\u00e7\u00e3o geogr\u00e1fica extrema (latitude 54\u00b0 sul), ela tem a <b data-path-to-node=\"6\" data-index-in-node=\"225\">A temporada de esqui mais longa da Am\u00e9rica do Sul<\/b> e a melhor qualidade de neve em p\u00f3 garantida at\u00e9 outubro.<\/p>\n<h3 data-path-to-node=\"7\">O que voc\u00ea encontrar\u00e1 na montanha?<\/h3>\n<p data-path-to-node=\"8\">Esse resort de inverno \u00e9 ideal tanto para fam\u00edlias quanto para esportistas de elite. Possui uma infraestrutura moderna que inclui:<\/p>\n<ul data-path-to-node=\"9\">\n<li>\n<p data-path-to-node=\"9,0,0\"><b data-path-to-node=\"9,0,0\" data-index-in-node=\"0\">34 pistas de esqui<\/b> com diferentes n\u00edveis de dificuldade (de iniciantes a especialistas em FIS).<\/p>\n<\/li>\n<li>\n<p data-path-to-node=\"9,1,0\"><b data-path-to-node=\"9,1,0\" data-index-in-node=\"0\">12 equipamentos de eleva\u00e7\u00e3o<\/b> A mais recente tecnologia, que acelera o embarque e reduz o tempo de espera.<\/p>\n<\/li>\n<li>\n<p data-path-to-node=\"9,2,0\"><b data-path-to-node=\"9,2,0\" data-index-in-node=\"0\">Snowpark:<\/b> Para entusiastas do estilo livre.<\/p>\n<\/li>\n<li>\n<p data-path-to-node=\"9,3,0\"><b data-path-to-node=\"9,3,0\" data-index-in-node=\"0\">Circuito de esqui cross-country:<\/b> Ela se aprofunda em uma floresta de lengas com mil anos de idade.<\/p>\n<\/li>\n<li>\n<p data-path-to-node=\"9,4,0\"><b data-path-to-node=\"9,4,0\" data-index-in-node=\"0\">Gastronomia de altitude:<\/b> 8 pontos gastron\u00f4micos para saborear um cordeiro da Terra do Fogo ou um chocolate quente com vista para o vale.<\/p>\n<\/li>\n<\/ul>\n<p data-path-to-node=\"10\">Esquiar no Cerro Castor \u00e9 uma experi\u00eancia \u00fanica: a baixa altitude (a base fica a apenas 195 metros acima do n\u00edvel do mar) permite esquiar com oxig\u00eanio total e cercado por vegeta\u00e7\u00e3o, algo que n\u00e3o acontece em resorts de alta montanha.<\/p>\n<div class=\"wrapper_contenidos\">\n<p data-path-to-node=\"23\"><b data-path-to-node=\"23\" data-index-in-node=\"0\">Informa\u00e7\u00f5es importantes:<\/b><\/p>\n<ul data-path-to-node=\"24\">\n<li>\n<p data-path-to-node=\"24,0,0\"><b data-path-to-node=\"24,0,0\" data-index-in-node=\"0\">Equipamentos:<\/b> Se voc\u00ea alugar equipamentos na cidade, informe-nos para que possamos coordenar a carga.<\/p>\n<\/li>\n<li>Depois de fazer a reserva, entraremos em contato para combinar a acomoda\u00e7\u00e3o e o hor\u00e1rio de retirada.<\/li>\n<\/ul>\n<\/div>\n<div><\/div>\n<div><img fetchpriority=\"high\" decoding=\"async\" class=\"alignnone wp-image-2718 size-full\" src=\"https:\/\/terramar.tur.ar\/wp-content\/uploads\/2024\/08\/paquetes-Cerro-Castor-4-Terramar.jpg\" alt=\"Pacotes Cerro Castor 4\" width=\"1200\" height=\"800\" srcset=\"https:\/\/terramar.tur.ar\/wp-content\/uploads\/2024\/08\/paquetes-Cerro-Castor-4-Terramar.jpg 1200w, https:\/\/terramar.tur.ar\/wp-content\/uploads\/2024\/08\/paquetes-Cerro-Castor-4-Terramar-300x200.jpg 300w, https:\/\/terramar.tur.ar\/wp-content\/uploads\/2024\/08\/paquetes-Cerro-Castor-4-Terramar-1024x683.jpg 1024w, https:\/\/terramar.tur.ar\/wp-content\/uploads\/2024\/08\/paquetes-Cerro-Castor-4-Terramar-768x512.jpg 768w, https:\/\/terramar.tur.ar\/wp-content\/uploads\/2024\/08\/paquetes-Cerro-Castor-4-Terramar-600x400.jpg 600w\" sizes=\"(max-width: 1200px) 100vw, 1200px\" \/><\/div>","protected":false},"excerpt":{"rendered":"<p><b data-path-to-node=\"8,0\" data-index-in-node=\"0\">Disfruta de la nieve sin preocupaciones.<\/b> Olv\u00eddate de manejar con hielo o poner cadenas. Te buscamos por tu alojamiento y te llevamos directo a la base del Cerro Castor en nuestras unidades modernas y calefaccionadas. <b data-path-to-node=\"8,0\" data-index-in-node=\"276\">\u00a1Reserva tu lugar y asegura tu traslado al Cerro Castor!<\/b><\/p>","protected":false},"featured_media":2719,"comment_status":"open","ping_status":"closed","template":"","meta":[],"product_brand":[],"product_cat":[30,18,20],"product_tag":[92,93,90,94,91],"class_list":{"0":"post-2724","1":"product","2":"type-product","3":"status-publish","4":"has-post-thumbnail","6":"product_cat-promociones","7":"product_cat-ushuaia","8":"product_cat-invierno","9":"product_tag-bus-a-la-nieve","10":"product_tag-invierno-2025","11":"product_tag-ski-ushuaia","12":"product_tag-snowboard","13":"product_tag-transporte-cerro-castor","15":"first","16":"instock","17":"sale","18":"virtual","19":"sold-individually","20":"purchasable","21":"product-type-booking"},"booking_location":"","booking_location_type":"","booking_duration":1,"booking_duration_unit":"day","booking_buffer":0,"booking_cost":0,"booking_resources":[],"_links":{"self":[{"href":"https:\/\/terramar.tur.ar\/pt\/wp-json\/wp\/v2\/product\/2724","targetHints":{"allow":["GET"]}}],"collection":[{"href":"https:\/\/terramar.tur.ar\/pt\/wp-json\/wp\/v2\/product"}],"about":[{"href":"https:\/\/terramar.tur.ar\/pt\/wp-json\/wp\/v2\/types\/product"}],"replies":[{"embeddable":true,"href":"https:\/\/terramar.tur.ar\/pt\/wp-json\/wp\/v2\/comments?post=2724"}],"wp:featuredmedia":[{"embeddable":true,"href":"https:\/\/terramar.tur.ar\/pt\/wp-json\/wp\/v2\/media\/2719"}],"wp:attachment":[{"href":"https:\/\/terramar.tur.ar\/pt\/wp-json\/wp\/v2\/media?parent=2724"}],"wp:term":[{"taxonomy":"product_brand","embeddable":true,"href":"https:\/\/terramar.tur.ar\/pt\/wp-json\/wp\/v2\/product_brand?post=2724"},{"taxonomy":"product_cat","embeddable":true,"href":"https:\/\/terramar.tur.ar\/pt\/wp-json\/wp\/v2\/product_cat?post=2724"},{"taxonomy":"product_tag","embeddable":true,"href":"https:\/\/terramar.tur.ar\/pt\/wp-json\/wp\/v2\/product_tag?post=2724"}],"curies":[{"name":"wp","href":"https:\/\/api.w.org\/{rel}","templated":true}]}}