{"id":2727,"date":"2024-04-07T13:12:49","date_gmt":"2024-04-07T13:12:49","guid":{"rendered":"https:\/\/terramar.tur.ar\/?post_type=product&#038;p=2727"},"modified":"2026-03-30T13:56:17","modified_gmt":"2026-03-30T16:56:17","slug":"caiaque-ao-por-do-sol","status":"publish","type":"product","link":"https:\/\/terramar.tur.ar\/pt\/produto\/caiaque-ao-por-do-sol\/","title":{"rendered":"Caiaque ao p\u00f4r do sol"},"content":{"rendered":"<div class=\"wrapper_contenidos\">Percorreremos a Rota N\u00ba 3 rumo ao norte, em dire\u00e7\u00e3o ao mirante do Passo Garibaldi, a quase 500 m acima do n\u00edvel do mar, onde voc\u00ea poder\u00e1 contemplar a bela vista panor\u00e2mica dos lagos Escondido e Fagnano. Continuaremos at\u00e9 as margens do Escondido onde, ap\u00f3s uma palestra t\u00e9cnica com profissionais, desfrutaremos de 1 hora de caiaque em um ambiente incr\u00edvel at\u00e9 chegarmos \u00e0 margem*.<\/div>\n<div><\/div>\n<div class=\"wrapper_contenidos\">Na chegada, desfrutaremos de uma deliciosa picada argentina, seguida de um jantar no meio da floresta (bife de chorizo com legumes, \u00e1gua, vinho e refrigerantes). Finalmente, retornaremos aos ve\u00edculos e depois voltaremos \u00e0 cidade para sua acomoda\u00e7\u00e3o.<\/div>\n<p><strong>Local e hor\u00e1rio de partida:\u00a0<\/strong>De sua acomoda\u00e7\u00e3o por volta das 17:00 hs (pode variar dependendo da \u00e9poca do ano)<br \/>\n<strong>Dura\u00e7\u00e3o:\u00a0<\/strong>5:00 a.m.<br \/>\n<strong>Ele inclui:<\/strong> traslados, guia, jantar com bebidas e equipamento de caiaque.<br \/>\n<strong>Roupas apropriadas:<\/strong> Roupas t\u00e9rmicas, jaqueta imperme\u00e1vel + fleece, t\u00eanis de caminhada, luvas, chap\u00e9u quente e \u00f3culos de sol. Um par extra de meias.<\/p>\n<p>*A rota ou o dia da atividade pode ser modificado de acordo com as condi\u00e7\u00f5es clim\u00e1ticas.<\/p>\n<p>&nbsp;<\/p>\n<p><img fetchpriority=\"high\" decoding=\"async\" class=\"alignnone wp-image-2732 size-full\" src=\"https:\/\/terramar.tur.ar\/wp-content\/uploads\/2024\/08\/sunset-kayaking-4-Terramar.jpg\" alt=\"caiaque ao p\u00f4r do sol 5\" width=\"1200\" height=\"800\" srcset=\"https:\/\/terramar.tur.ar\/wp-content\/uploads\/2024\/08\/sunset-kayaking-4-Terramar.jpg 1200w, https:\/\/terramar.tur.ar\/wp-content\/uploads\/2024\/08\/sunset-kayaking-4-Terramar-300x200.jpg 300w, https:\/\/terramar.tur.ar\/wp-content\/uploads\/2024\/08\/sunset-kayaking-4-Terramar-1024x683.jpg 1024w, https:\/\/terramar.tur.ar\/wp-content\/uploads\/2024\/08\/sunset-kayaking-4-Terramar-768x512.jpg 768w, https:\/\/terramar.tur.ar\/wp-content\/uploads\/2024\/08\/sunset-kayaking-4-Terramar-600x400.jpg 600w\" sizes=\"(max-width: 1200px) 100vw, 1200px\" \/><\/p>","protected":false},"excerpt":{"rendered":"<p>Uma experi\u00eancia inesquec\u00edvel com nossa excurs\u00e3o pela Rota N\u00ba 3. N\u00f3s o levaremos ao Mirador del Paso Garibaldi, onde voc\u00ea poder\u00e1 desfrutar de uma espetacular vista panor\u00e2mica dos lagos Escondido e Fagnano. Depois, voc\u00ea ter\u00e1 a oportunidade de remar em um caiaque no Lago Escondido em um ambiente natural de tirar o f\u00f4lego, seguido de uma deliciosa picada argentina e um jantar no meio da floresta. Termine o dia remando de volta antes de retornar ao conforto de sua acomoda\u00e7\u00e3o em Ushuaia - n\u00e3o perca essa aventura \u00fanica!<\/p>","protected":false},"featured_media":2728,"comment_status":"open","ping_status":"closed","template":"","meta":[],"product_brand":[],"product_cat":[18,21],"product_tag":[],"class_list":{"0":"post-2727","1":"product","2":"type-product","3":"status-publish","4":"has-post-thumbnail","6":"product_cat-ushuaia","7":"product_cat-verano","9":"first","10":"instock","11":"virtual","12":"sold-individually","13":"taxable","14":"purchasable","15":"product-type-booking"},"booking_location":"","booking_location_type":"","booking_duration":1,"booking_duration_unit":"day","booking_buffer":0,"booking_cost":0,"booking_resources":[],"_links":{"self":[{"href":"https:\/\/terramar.tur.ar\/pt\/wp-json\/wp\/v2\/product\/2727","targetHints":{"allow":["GET"]}}],"collection":[{"href":"https:\/\/terramar.tur.ar\/pt\/wp-json\/wp\/v2\/product"}],"about":[{"href":"https:\/\/terramar.tur.ar\/pt\/wp-json\/wp\/v2\/types\/product"}],"replies":[{"embeddable":true,"href":"https:\/\/terramar.tur.ar\/pt\/wp-json\/wp\/v2\/comments?post=2727"}],"wp:featuredmedia":[{"embeddable":true,"href":"https:\/\/terramar.tur.ar\/pt\/wp-json\/wp\/v2\/media\/2728"}],"wp:attachment":[{"href":"https:\/\/terramar.tur.ar\/pt\/wp-json\/wp\/v2\/media?parent=2727"}],"wp:term":[{"taxonomy":"product_brand","embeddable":true,"href":"https:\/\/terramar.tur.ar\/pt\/wp-json\/wp\/v2\/product_brand?post=2727"},{"taxonomy":"product_cat","embeddable":true,"href":"https:\/\/terramar.tur.ar\/pt\/wp-json\/wp\/v2\/product_cat?post=2727"},{"taxonomy":"product_tag","embeddable":true,"href":"https:\/\/terramar.tur.ar\/pt\/wp-json\/wp\/v2\/product_tag?post=2727"}],"curies":[{"name":"wp","href":"https:\/\/api.w.org\/{rel}","templated":true}]}}