{"id":5665,"date":"2024-07-02T18:36:37","date_gmt":"2024-07-02T18:36:37","guid":{"rendered":"https:\/\/terramar.tur.ar\/?post_type=product&#038;p=5665"},"modified":"2026-04-15T10:16:49","modified_gmt":"2026-04-15T13:16:49","slug":"experiencia-compartilhada","status":"publish","type":"product","link":"https:\/\/terramar.tur.ar\/pt\/produto\/experiencia-compartilhada\/","title":{"rendered":"Experi\u00eancia compartilhada de inverno"},"content":{"rendered":"<h3><u><strong>Experi\u00eancia Compartilhada (2 adultos)<\/strong><\/u><\/h3>\n<h4>Incluindo:<\/h4>\n<ul>\n<li>Acomoda\u00e7\u00e3o 3 noites no Polo Sur Apartments<\/li>\n<li>Traslado aeroporto-hotel-aeroporto (sem custo)<\/li>\n<li>Excurs\u00e3o ao Parque Nacional Tierra del Fuego<\/li>\n<li>Bilhete de trem do fim do mundo<\/li>\n<li>Uma excurs\u00e3o de inverno de sua escolha<\/li>\n<li>Navega\u00e7\u00e3o Canal de Beagle Lobos<\/li>\n<\/ul>\n<p>&nbsp;<\/p>\n<p><strong>Valor total:<\/strong> <span data-sheets-root=\"1\">$1,680,000.00<\/span><\/p>\n<p>&nbsp;<\/p>\n<h3><u><strong>Experi\u00eancia familiar (2 adultos + 2 crian\u00e7as)<\/strong><\/u><\/h3>\n<h4>Incluindo:<\/h4>\n<ul>\n<li>Acomoda\u00e7\u00e3o 3 noites no Polo Sur Apartments<\/li>\n<li>Traslado aeroporto-hotel-aeroporto (sem custo)<\/li>\n<li>Excurs\u00e3o ao Parque Nacional Tierra del Fuego<\/li>\n<li>Bilhete de trem do fim do mundo<\/li>\n<li>Uma excurs\u00e3o de inverno de sua escolha<\/li>\n<li>Navega\u00e7\u00e3o Canal de Beagle Lobos<\/li>\n<\/ul>\n<p>&nbsp;<\/p>\n<p><strong>Valor total:<\/strong> <span data-sheets-root=\"1\">$2,572,000.00<\/span><\/p>\n<div><\/div>\n<h3>Excurs\u00f5es de inverno de sua escolha:<\/h3>\n<div><\/div>\n<div>*Panorama branco<\/div>\n<div>*Sil\u00eancio andino<\/div>\n<div>*Aventura branca<\/div>\n<div>*Snow and Fire (Neve e fogo)<\/div>\n<div>*Experi\u00eancia Ant\u00e1rtica<\/div>\n<div><\/div>\n<div><\/div>\n<div><strong>N\u00c3O INCLUI DIA INTEIRO DE NEVE<\/strong><\/div>\n<div><\/div>","protected":false},"excerpt":{"rendered":"<p>Duas op\u00e7\u00f5es com tudo inclu\u00eddo para voc\u00ea vivenciar Ushuaia como nunca antes.<\/p>","protected":false},"featured_media":2131,"comment_status":"open","ping_status":"closed","template":"","meta":[],"product_brand":[],"product_cat":[31,18,20],"product_tag":[],"class_list":{"0":"post-5665","1":"product","2":"type-product","3":"status-publish","4":"has-post-thumbnail","6":"product_cat-paquetes","7":"product_cat-ushuaia","8":"product_cat-invierno","10":"first","11":"instock","12":"virtual","13":"sold-individually","14":"taxable","15":"purchasable","16":"product-type-booking"},"booking_location":"","booking_location_type":"","booking_duration":1,"booking_duration_unit":"day","booking_buffer":0,"booking_cost":0,"booking_resources":[],"_links":{"self":[{"href":"https:\/\/terramar.tur.ar\/pt\/wp-json\/wp\/v2\/product\/5665","targetHints":{"allow":["GET"]}}],"collection":[{"href":"https:\/\/terramar.tur.ar\/pt\/wp-json\/wp\/v2\/product"}],"about":[{"href":"https:\/\/terramar.tur.ar\/pt\/wp-json\/wp\/v2\/types\/product"}],"replies":[{"embeddable":true,"href":"https:\/\/terramar.tur.ar\/pt\/wp-json\/wp\/v2\/comments?post=5665"}],"wp:featuredmedia":[{"embeddable":true,"href":"https:\/\/terramar.tur.ar\/pt\/wp-json\/wp\/v2\/media\/2131"}],"wp:attachment":[{"href":"https:\/\/terramar.tur.ar\/pt\/wp-json\/wp\/v2\/media?parent=5665"}],"wp:term":[{"taxonomy":"product_brand","embeddable":true,"href":"https:\/\/terramar.tur.ar\/pt\/wp-json\/wp\/v2\/product_brand?post=5665"},{"taxonomy":"product_cat","embeddable":true,"href":"https:\/\/terramar.tur.ar\/pt\/wp-json\/wp\/v2\/product_cat?post=5665"},{"taxonomy":"product_tag","embeddable":true,"href":"https:\/\/terramar.tur.ar\/pt\/wp-json\/wp\/v2\/product_tag?post=5665"}],"curies":[{"name":"wp","href":"https:\/\/api.w.org\/{rel}","templated":true}]}}