{"id":578,"date":"2024-12-06T20:42:51","date_gmt":"2024-12-06T20:42:51","guid":{"rendered":"https:\/\/terramar.tur.ar\/?post_type=product&#038;p=578"},"modified":"2026-03-30T13:30:17","modified_gmt":"2026-03-30T16:30:17","slug":"lagos-off-road-4x4","status":"publish","type":"product","link":"https:\/\/terramar.tur.ar\/pt\/produto\/lagos-off-road-4x4\/","title":{"rendered":"Lakes Off Road 4\u00d74"},"content":{"rendered":"<div class=\"wrapper_contenidos\">\n<div class=\"wrapper_contenidos\">Desfrute conosco de uma caminhada \u00fanica das acomoda\u00e7\u00f5es at\u00e9 o centro da ilha, visitando os diferentes pontos panor\u00e2micos que encontramos ao longo da Rota Nacional n\u00ba 3 em dire\u00e7\u00e3o ao mirante da passagem de Garibadi, o ponto mais alto da rota (450 metros).<\/div>\n<div class=\"wrapper_contenidos\">Em seguida, desceremos em nossos ve\u00edculos 4\u00d74 por uma estrada antiga at\u00e9 as margens do Lago Escondido, aos p\u00e9s da Cordilheira dos Andes, e continuaremos nossa aventura 4\u00d74 por buracos de \u00e1gua, fazendas de castores, tudo dentro da floresta fueguina at\u00e9 chegarmos ao majestoso Lago Fagnano. Teremos tempo para almo\u00e7ar e depois retornaremos a Ushuaia.<\/div>\n<\/div>\n<h3>A ser levado em conta<\/h3>\n<ul>\n<li><strong>Hor\u00e1rio de partida:<\/strong> 9 horas da acomoda\u00e7\u00e3o.<\/li>\n<li><strong>Ele inclui:<\/strong> Traslados, guia, almo\u00e7o e bebidas.<\/li>\n<\/ul>\n<div>\n<p><img fetchpriority=\"high\" decoding=\"async\" class=\"alignnone wp-image-1914 size-full\" src=\"https:\/\/terramar.tur.ar\/wp-content\/uploads\/2024\/07\/\u00bfque-hacer-en-junio-6-terramar.jpg\" alt=\"\" width=\"1200\" height=\"800\" srcset=\"https:\/\/terramar.tur.ar\/wp-content\/uploads\/2024\/07\/\u00bfque-hacer-en-junio-6-terramar.jpg 1200w, https:\/\/terramar.tur.ar\/wp-content\/uploads\/2024\/07\/\u00bfque-hacer-en-junio-6-terramar-300x200.jpg 300w, https:\/\/terramar.tur.ar\/wp-content\/uploads\/2024\/07\/\u00bfque-hacer-en-junio-6-terramar-1024x683.jpg 1024w, https:\/\/terramar.tur.ar\/wp-content\/uploads\/2024\/07\/\u00bfque-hacer-en-junio-6-terramar-768x512.jpg 768w, https:\/\/terramar.tur.ar\/wp-content\/uploads\/2024\/07\/\u00bfque-hacer-en-junio-6-terramar-600x400.jpg 600w\" sizes=\"(max-width: 1200px) 100vw, 1200px\" \/><\/p>\n<\/div>","protected":false},"excerpt":{"rendered":"<p>Una aventura inolvidable desde el inicio del recorrido desde tu alojamiento hacia el centro de la isla, con paradas en puntos panor\u00e1micos impresionantes y el mirador del paso Garibaldi. Luego se descender\u00e1 en veh\u00edculos 4&#215;4 hasta la costa del Lago Escondido, explorando castoreras y el bosque fueguino hasta llegar al majestuoso Lago Fagnano. M\u00e1s tarde un almuerzo fant\u00e1stico en un entorno espectacular antes de regresar a Ushuaia.<\/p>","protected":false},"featured_media":579,"comment_status":"open","ping_status":"closed","template":"","meta":[],"product_brand":[],"product_cat":[18,60],"product_tag":[],"class_list":{"0":"post-578","1":"product","2":"type-product","3":"status-publish","4":"has-post-thumbnail","6":"product_cat-ushuaia","7":"product_cat-todo-el-ano","9":"first","10":"instock","11":"virtual","12":"sold-individually","13":"taxable","14":"purchasable","15":"product-type-booking"},"booking_location":"","booking_location_type":"","booking_duration":1,"booking_duration_unit":"day","booking_buffer":0,"booking_cost":0,"booking_resources":[],"_links":{"self":[{"href":"https:\/\/terramar.tur.ar\/pt\/wp-json\/wp\/v2\/product\/578","targetHints":{"allow":["GET"]}}],"collection":[{"href":"https:\/\/terramar.tur.ar\/pt\/wp-json\/wp\/v2\/product"}],"about":[{"href":"https:\/\/terramar.tur.ar\/pt\/wp-json\/wp\/v2\/types\/product"}],"replies":[{"embeddable":true,"href":"https:\/\/terramar.tur.ar\/pt\/wp-json\/wp\/v2\/comments?post=578"}],"wp:featuredmedia":[{"embeddable":true,"href":"https:\/\/terramar.tur.ar\/pt\/wp-json\/wp\/v2\/media\/579"}],"wp:attachment":[{"href":"https:\/\/terramar.tur.ar\/pt\/wp-json\/wp\/v2\/media?parent=578"}],"wp:term":[{"taxonomy":"product_brand","embeddable":true,"href":"https:\/\/terramar.tur.ar\/pt\/wp-json\/wp\/v2\/product_brand?post=578"},{"taxonomy":"product_cat","embeddable":true,"href":"https:\/\/terramar.tur.ar\/pt\/wp-json\/wp\/v2\/product_cat?post=578"},{"taxonomy":"product_tag","embeddable":true,"href":"https:\/\/terramar.tur.ar\/pt\/wp-json\/wp\/v2\/product_tag?post=578"}],"curies":[{"name":"wp","href":"https:\/\/api.w.org\/{rel}","templated":true}]}}