{"id":595,"date":"2024-12-02T20:56:29","date_gmt":"2024-12-02T20:56:29","guid":{"rendered":"https:\/\/terramar.tur.ar\/?post_type=product&#038;p=595"},"modified":"2026-04-16T10:29:12","modified_gmt":"2026-04-16T13:29:12","slug":"navegacao-no-canal-de-beagle","status":"publish","type":"product","link":"https:\/\/terramar.tur.ar\/pt\/produto\/navegacao-no-canal-de-beagle\/","title":{"rendered":"Navega\u00e7\u00e3o no Canal de Beagle"},"content":{"rendered":"<p><span style=\"font-weight: 400;\">Embarque em uma viagem inesquec\u00edvel nas \u00e1guas do lend\u00e1rio <\/span><b>Canal Beagle<\/b><span style=\"font-weight: 400;\">a passagem interoce\u00e2nica que liga o Atl\u00e2ntico ao Pac\u00edfico. Essa navega\u00e7\u00e3o \u00e9 a oportunidade perfeita para descobrir a biodiversidade do extremo sul e contemplar a cidade de Ushuaia de uma perspectiva \u00fanica: o mar. A bordo de nosso barco, visitaremos os pontos mais emblem\u00e1ticos da costa fueguina, combinando hist\u00f3ria, vida selvagem e paisagens que parecem ter parado no tempo.<\/span><\/p>\n<h3><b>Em dire\u00e7\u00e3o ao s\u00edmbolo do fim do mundo: o farol Les Eclaireurs<\/b><\/h3>\n<p><span style=\"font-weight: 400;\">A partir do <\/span><b>Porto tur\u00edstico local<\/b><span style=\"font-weight: 400;\">Iniciaremos nossa navega\u00e7\u00e3o cruzando a pitoresca Ba\u00eda de Ushuaia. \u00c0 medida que nos afastamos do cais, a silhueta da cidade e os imponentes picos dos Andes, como o Monte Olivia e o Cinco Hermanos, nos d\u00e3o um cart\u00e3o postal de boas-vindas que ser\u00e1 dif\u00edcil de esquecer.<\/span><\/p>\n<p><span style=\"font-weight: 400;\">Nosso primeiro grande alvo \u00e9 o famoso <\/span><b>Farol Les Eclaireurs<\/b><span style=\"font-weight: 400;\">. Embora seja popularmente conhecido como o \"Farol do Fim do Mundo\", seu nome verdadeiro vem do franc\u00eas e significa \"Os Iluminadores\". Esse aut\u00eantico s\u00edmbolo da Terra do Fogo, com suas listras vermelhas e brancas, fica em um pequeno grupo de ilhotas rochosas. \u00c9 um dos locais preferidos dos fot\u00f3grafos, pois representa o ponto mais ic\u00f4nico da navega\u00e7\u00e3o austral.<\/span><\/p>\n<h3><b>Encontro com a fauna do sul: Isla de los Lobos e Isla de los Pajaros<\/b><\/h3>\n<p><span style=\"font-weight: 400;\">A aventura continua quando nos dirigimos para o <\/span><b>Arquip\u00e9lago das Pontes<\/b><span style=\"font-weight: 400;\">. \u00c0 medida que nos aproximamos do <\/span><b>Ilha dos Lobos<\/b><span style=\"font-weight: 400;\">Diminuiremos a velocidade para ver de perto as imponentes focas de um e dois pelos. Voc\u00ea as ver\u00e1 descansando nas rochas ou nadando curiosamente ao redor do casco, o que lhe dar\u00e1 uma vis\u00e3o da riqueza do ecossistema marinho local.<\/span><\/p>\n<p><span style=\"font-weight: 400;\">Seguindo nossa rota, navegaremos pela <\/span><b>Ilha dos P\u00e1ssaros<\/b><span style=\"font-weight: 400;\">. Esse santu\u00e1rio natural \u00e9 o lar de uma incr\u00edvel vida de p\u00e1ssaros. Com a ajuda de nosso guia especializado, voc\u00ea poder\u00e1 identificar esp\u00e9cies como:<\/span><\/p>\n<ul>\n<li style=\"font-weight: 400;\"><b>Cormor\u00f5es imperiais e reais<\/b><span style=\"font-weight: 400;\"> (facilmente confundidos com pinguins por causa de sua plumagem preta e branca).<\/span><\/li>\n<li style=\"font-weight: 400;\"><b>Albatroz-de-sobrancelha-preta<\/b><span style=\"font-weight: 400;\">professores do voo planejado.<\/span><\/li>\n<li style=\"font-weight: 400;\"><b>Sk\u00faas<\/b><span style=\"font-weight: 400;\">aves marinhas de rapina ousadas.<\/span><\/li>\n<li style=\"font-weight: 400;\"><b>Patos, gansos e gaivotas cozinheiras.<\/b><\/li>\n<\/ul>\n<h3><b>Caminhada hist\u00f3rica na Ilha Karelo<\/b><\/h3>\n<p><span style=\"font-weight: 400;\">Um dos destaques de nossa excurs\u00e3o \u00e9 a parada no <\/span><b>Ilha Karelo<\/b><span style=\"font-weight: 400;\">. Se o tempo permitir, os passageiros poder\u00e3o descer para uma curta caminhada guiada. Durante essa caminhada de baixa dificuldade, exploraremos os \"concheros\" ou s\u00edtios arqueol\u00f3gicos que contam a hist\u00f3ria dos antigos nativos. <\/span><b>Y\u00e1manas<\/b><span style=\"font-weight: 400;\">Chegaremos a um ponto panor\u00e2mico privilegiado, de onde teremos uma vista de 360 graus da cadeia de montanhas e do canal. Chegaremos a um ponto panor\u00e2mico privilegiado de onde desfrutaremos de uma vista de 360 graus da cadeia de montanhas e do canal.<\/span><\/p>\n<h3><b>O retorno: uma vista panor\u00e2mica insuper\u00e1vel<\/b><\/h3>\n<p><span style=\"font-weight: 400;\">No final da viagem, retornamos \u00e0 ba\u00eda. Esse \u00e9 o momento ideal para relaxar na lanchonete e apreciar a vista panor\u00e2mica da cidade de Ushuaia, protegida pela Geleira Martial. A combina\u00e7\u00e3o da arquitetura urbana com a natureza indom\u00e1vel que a cerca cria um final perfeito para um dia de explora\u00e7\u00e3o.<\/span><\/p>\n<h4><b>Detalhes t\u00e9cnicos e informa\u00e7\u00f5es de sa\u00edda<\/b><\/h4>\n<ul>\n<li style=\"font-weight: 400;\"><b>Dura\u00e7\u00e3o:<\/b><span style=\"font-weight: 400;\"> Aproximadamente 3 horas.<\/span><\/li>\n<li style=\"font-weight: 400;\"><b>Frequ\u00eancia:<\/b><span style=\"font-weight: 400;\"> Duas sa\u00eddas di\u00e1rias.<\/span><\/li>\n<li style=\"font-weight: 400;\"><b>Ponto de encontro:<\/b><span style=\"font-weight: 400;\"> Porto Tur\u00edstico de Ushuaia. \u00c9 obrigat\u00f3rio estar presente <\/span><b>40 minutos antes<\/b><span style=\"font-weight: 400;\"> de partida para o check-in.<\/span><\/li>\n<li style=\"font-weight: 400;\"><b>Ele inclui:<\/b><span style=\"font-weight: 400;\"> Taxa portu\u00e1ria e guia bil\u00edngue (espanhol - ingl\u00eas).<\/span><\/li>\n<\/ul>\n<h4><b>Servi\u00e7os a bordo<\/b><\/h4>\n<p><span style=\"font-weight: 400;\">Para tornar sua viagem totalmente confort\u00e1vel, nosso barco est\u00e1 equipado com:<\/span><\/p>\n<ul>\n<li style=\"font-weight: 400;\"><b>Lanchonete:<\/b><span style=\"font-weight: 400;\"> Um espa\u00e7o aquecido para desfrutar da navega\u00e7\u00e3o.<\/span><\/li>\n<li style=\"font-weight: 400;\"><b>Cafeteria:<\/b><span style=\"font-weight: 400;\"> Variedade de bebidas quentes e lanches (a um custo extra).<\/span><\/li>\n<li style=\"font-weight: 400;\"><b>Servi\u00e7o de fotografia:<\/b><span style=\"font-weight: 400;\"> Profissionais a bordo capturam os melhores momentos da viagem (opcional).<\/span><\/li>\n<\/ul>\n<p><b>Tarifas e reservas:<\/b><span style=\"font-weight: 400;\"> Os valores publicados s\u00e3o v\u00e1lidos at\u00e9 <\/span><b>31\/03\/2026<\/b><span style=\"font-weight: 400;\">. Para datas posteriores, entre em contato conosco por e-mail ou telefone. <b data-path-to-node=\"22,0\" data-index-in-node=\"193\">WhatsApp<\/b>.<\/span><\/p>","protected":false},"excerpt":{"rendered":"<p>Una emocionante excursi\u00f3n por el Canal Beagle! Partiendo del puerto tur\u00edstico local, se navegar\u00e1 por la bah\u00eda de Ushuaia hacia el emblem\u00e1tico Faro Les \u00c9claireurs. M\u00e1s tarde, hacia el archipi\u00e9lago Bridges, donde se podr\u00e1\u00a0 observar la Isla de los Lobos y\u00a0 la Isla de los P\u00e1jaros junto a la biodiversidad de la regi\u00f3n. Llegando a la Isla Karelo se podr\u00e1 hacer un peque\u00f1o trekking para conocer mejor el lugar. Una aventura emocionante en el fin del mundo.<\/p>\n<p>&nbsp;<\/p>","protected":false},"featured_media":2460,"comment_status":"closed","ping_status":"closed","template":"","meta":[],"product_brand":[],"product_cat":[18,60],"product_tag":[78,79,80,77,81,82],"class_list":{"0":"post-595","1":"product","2":"type-product","3":"status-publish","4":"has-post-thumbnail","6":"product_cat-ushuaia","7":"product_cat-todo-el-ano","8":"product_tag-excursiones-en-ushuaia","9":"product_tag-faro-les-eclaireurs","10":"product_tag-isla-de-los-lobos","11":"product_tag-navegacion-canal-beagle","12":"product_tag-que-hacer-en-ushuaia","13":"product_tag-turismo-tierra-del-fuego","15":"first","16":"instock","17":"sale","18":"virtual","19":"sold-individually","20":"taxable","21":"purchasable","22":"product-type-booking"},"booking_location":"","booking_location_type":"","booking_duration":30,"booking_duration_unit":"minute","booking_buffer":0,"booking_cost":0,"booking_resources":[],"_links":{"self":[{"href":"https:\/\/terramar.tur.ar\/pt\/wp-json\/wp\/v2\/product\/595","targetHints":{"allow":["GET"]}}],"collection":[{"href":"https:\/\/terramar.tur.ar\/pt\/wp-json\/wp\/v2\/product"}],"about":[{"href":"https:\/\/terramar.tur.ar\/pt\/wp-json\/wp\/v2\/types\/product"}],"replies":[{"embeddable":true,"href":"https:\/\/terramar.tur.ar\/pt\/wp-json\/wp\/v2\/comments?post=595"}],"wp:featuredmedia":[{"embeddable":true,"href":"https:\/\/terramar.tur.ar\/pt\/wp-json\/wp\/v2\/media\/2460"}],"wp:attachment":[{"href":"https:\/\/terramar.tur.ar\/pt\/wp-json\/wp\/v2\/media?parent=595"}],"wp:term":[{"taxonomy":"product_brand","embeddable":true,"href":"https:\/\/terramar.tur.ar\/pt\/wp-json\/wp\/v2\/product_brand?post=595"},{"taxonomy":"product_cat","embeddable":true,"href":"https:\/\/terramar.tur.ar\/pt\/wp-json\/wp\/v2\/product_cat?post=595"},{"taxonomy":"product_tag","embeddable":true,"href":"https:\/\/terramar.tur.ar\/pt\/wp-json\/wp\/v2\/product_tag?post=595"}],"curies":[{"name":"wp","href":"https:\/\/api.w.org\/{rel}","templated":true}]}}