{"id":7973,"date":"2025-10-09T14:45:17","date_gmt":"2025-10-09T14:45:17","guid":{"rendered":"https:\/\/terramar.tur.ar\/?post_type=product&#038;p=7973"},"modified":"2026-04-20T14:51:35","modified_gmt":"2026-04-20T17:51:35","slug":"parque-nacional-tren-del-fin-del-mundo-parque-nacional-navegacao-do-pinguim","status":"publish","type":"product","link":"https:\/\/terramar.tur.ar\/pt\/produto\/parque-nacional-tren-del-fin-del-mundo-parque-nacional-navegacao-do-pinguim\/","title":{"rendered":"Parque Nacional + Trem para o Fim do Mundo + Navega\u00e7\u00e3o com Pinguins"},"content":{"rendered":"<div class=\"wrapper_contenidos\">\n<div>\n<h3>Trem do Fim do Mundo<\/h3>\n<div><\/div>\n<div>A atividade come\u00e7a em sua acomoda\u00e7\u00e3o entre 7 e 8 horas da manh\u00e3. Percorreremos os primeiros 8 km e chegaremos \u00e0 esta\u00e7\u00e3o do Ferrocarril Austral Fueguino, o Trem do Fim do Mundo.<\/div>\n<\/div>\n<\/div>\n<div class=\"wrapper_contenidos\">\n<div>\n<div>Ap\u00f3s quarenta anos sem operar, em 1994 o Trem do Fim do Mundo retomou parte da antiga rota do trem dos prisioneiros, que partia do pres\u00eddio de Ushuaia, localizado no centro da cidade, em dire\u00e7\u00e3o \u00e0s encostas do Monte Susana com o objetivo de obter materiais (madeira e pedra) para a constru\u00e7\u00e3o do mesmo. A bordo do trem, voc\u00ea poder\u00e1 ouvir a hist\u00f3ria dos prisioneiros que vinham diariamente cortar madeira at\u00e9 essa \u00e1rea e apreciar as magn\u00edficas paisagens, compostas pelo ziguezagueante Rio Pipo, a cachoeira La Macarena, o cemit\u00e9rio de \u00e1rvores e a majestosa floresta de lengas.<\/div>\n<div>Dessa forma, voc\u00ea visitar\u00e1 uma parte inacess\u00edvel do Parque Nacional Tierra del Fuego, onde poder\u00e1 desfrutar dessa experi\u00eancia a bordo de uma ferrovia antiga, com suas locomotivas a vapor e vag\u00f5es elegantes com janelas grandes e um sistema de \u00e1udio individual, que oferece a possibilidade de ouvir a hist\u00f3ria em 7 idiomas diferentes, para n\u00e3o apenas apreciar a natureza ao redor, mas tamb\u00e9m conhecer uma parte muito importante da hist\u00f3ria de Ushuaia.<\/div>\n<\/div>\n<\/div>\n<h3><img fetchpriority=\"high\" decoding=\"async\" class=\"alignnone wp-image-2167 size-full\" src=\"https:\/\/terramar.tur.ar\/wp-content\/uploads\/2024\/07\/Tren-del-fin-del-mundo-10-Terramar.jpg\" alt=\"Trem para o fim do mundo 10\" width=\"1200\" height=\"800\" srcset=\"https:\/\/terramar.tur.ar\/wp-content\/uploads\/2024\/07\/Tren-del-fin-del-mundo-10-Terramar.jpg 1200w, https:\/\/terramar.tur.ar\/wp-content\/uploads\/2024\/07\/Tren-del-fin-del-mundo-10-Terramar-300x200.jpg 300w, https:\/\/terramar.tur.ar\/wp-content\/uploads\/2024\/07\/Tren-del-fin-del-mundo-10-Terramar-1024x683.jpg 1024w, https:\/\/terramar.tur.ar\/wp-content\/uploads\/2024\/07\/Tren-del-fin-del-mundo-10-Terramar-768x512.jpg 768w, https:\/\/terramar.tur.ar\/wp-content\/uploads\/2024\/07\/Tren-del-fin-del-mundo-10-Terramar-600x400.jpg 600w\" sizes=\"(max-width: 1200px) 100vw, 1200px\" \/><\/h3>\n<div class=\"wrapper_contenidos\">\n<div>\n<h3>Parque Nacional Tierra del Fuego<\/h3>\n<div>Quando chegarmos ao final de nossa jornada (Esta\u00e7\u00e3o Parque Nacional), continuaremos no Parque Nacional Tierra del Fuego (uma \u00e1rea reservada para a prote\u00e7\u00e3o da floresta subant\u00e1rtica, flora e fauna nativas). Visitaremos a Ba\u00eda Ensenada, o Lago Acigami (lago glacial de mais de 5 quil\u00f4metros quadrados), o Centro de Interpreta\u00e7\u00e3o Alakush e depois continuaremos em dire\u00e7\u00e3o \u00e0 Ba\u00eda Lapataia, no final da Rota Pan-Americana N\u00b0 3.<\/div>\n<div>De l\u00e1, depois de atravessar as passarelas, iniciaremos nosso retorno \u00e0 cidade de Ushuaia.<\/div>\n<\/div>\n<div>De volta \u00e0 cidade de Ushuaia, voc\u00ea ter\u00e1 aproximadamente 1 hora para almo\u00e7ar por conta pr\u00f3pria, antes de iniciar a segunda parte do passeio.<\/div>\n<h3><img decoding=\"async\" class=\"alignnone wp-image-2494 size-full\" src=\"https:\/\/terramar.tur.ar\/wp-content\/uploads\/2024\/08\/parque-trennavegacion-7-Terramar.jpg\" alt=\"parque + trem + navega\u00e7\u00e3o 1\" width=\"1200\" height=\"800\" srcset=\"https:\/\/terramar.tur.ar\/wp-content\/uploads\/2024\/08\/parque-trennavegacion-7-Terramar.jpg 1200w, https:\/\/terramar.tur.ar\/wp-content\/uploads\/2024\/08\/parque-trennavegacion-7-Terramar-300x200.jpg 300w, https:\/\/terramar.tur.ar\/wp-content\/uploads\/2024\/08\/parque-trennavegacion-7-Terramar-1024x683.jpg 1024w, https:\/\/terramar.tur.ar\/wp-content\/uploads\/2024\/08\/parque-trennavegacion-7-Terramar-768x512.jpg 768w, https:\/\/terramar.tur.ar\/wp-content\/uploads\/2024\/08\/parque-trennavegacion-7-Terramar-600x400.jpg 600w\" sizes=\"(max-width: 1200px) 100vw, 1200px\" \/><\/h3>\n<h3>Navega\u00e7\u00e3o com ping\u00fcins<\/h3>\n<p>A excurs\u00e3o come\u00e7a zarpando do p\u00eder tur\u00edstico pela manh\u00e3 ou \u00e0 tarde a bordo de um catamar\u00e3 de \u00faltima gera\u00e7\u00e3o. Visitaremos a Isla de los P\u00e1jaros, a Isla de los Lobos e o farol Les \u00c9claireurs e, em seguida, continuaremos nossa viagem at\u00e9 a Isla Martillo, onde o catamar\u00e3 colocar\u00e1 sua proa na praia para observar a col\u00f4nia de pinguins que vive na ilha.<\/p>\n<p>&nbsp;<\/p>\n<p><img decoding=\"async\" class=\"alignnone wp-image-3612 size-full\" src=\"https:\/\/terramar.tur.ar\/wp-content\/uploads\/2024\/07\/Curiosidades-de-los-pinguinos-que-seguro-no-sabias-05.jpg\" alt=\"\" width=\"1200\" height=\"800\" srcset=\"https:\/\/terramar.tur.ar\/wp-content\/uploads\/2024\/07\/Curiosidades-de-los-pinguinos-que-seguro-no-sabias-05.jpg 1200w, https:\/\/terramar.tur.ar\/wp-content\/uploads\/2024\/07\/Curiosidades-de-los-pinguinos-que-seguro-no-sabias-05-300x200.jpg 300w, https:\/\/terramar.tur.ar\/wp-content\/uploads\/2024\/07\/Curiosidades-de-los-pinguinos-que-seguro-no-sabias-05-1024x683.jpg 1024w, https:\/\/terramar.tur.ar\/wp-content\/uploads\/2024\/07\/Curiosidades-de-los-pinguinos-que-seguro-no-sabias-05-768x512.jpg 768w, https:\/\/terramar.tur.ar\/wp-content\/uploads\/2024\/07\/Curiosidades-de-los-pinguinos-que-seguro-no-sabias-05-600x400.jpg 600w\" sizes=\"(max-width: 1200px) 100vw, 1200px\" \/><\/p>\n<div>\n<div>\n<div><\/div>\n<\/div>\n<div><\/div>\n<div><\/div>\n<p><iframe title=\"Parque Nacional Tierra del Fuego\" width=\"800\" height=\"450\" src=\"https:\/\/www.youtube.com\/embed\/nf6lB2jVEwU?feature=oembed&#038;enablejsapi=1&#038;origin=https:\/\/terramar.tur.ar\" frameborder=\"0\" allow=\"accelerometer; autoplay; clipboard-write; encrypted-media; gyroscope; picture-in-picture; web-share\" referrerpolicy=\"strict-origin-when-cross-origin\" allowfullscreen><\/iframe><\/p>\n<p><strong>*AS ATIVIDADES PODEM SER REALIZADAS EM DIAS SEPARADOS.<\/strong><\/p>\n<\/div>\n<\/div>\n<h3 class=\"main-title inner grey\">Recursos<\/h3>\n<ul class=\"product-crumbs full\">\n<li class=\"season\">Esta\u00e7\u00e3o: ver\u00e3o<\/li>\n<li class=\"lang\">Idiomas: ingl\u00eas\/espanhol (outros idiomas mediante solicita\u00e7\u00e3o)<\/li>\n<li class=\"duracion\">Dura\u00e7\u00e3o: Dia inteiro<\/li>\n<li class=\"dificultad\">Dificuldade: M\u00e9dia<\/li>\n<li class=\"observations\">Observa\u00e7\u00f5es: - A passagem de trem \u00e9 da classe econ\u00f4mica (solicite upgrade).<br \/>\n- Taxa portu\u00e1ria inclu\u00edda.<br \/>\n- N\u00e3o inclui a entrada no Parque Nacional.<br \/>\n- Almo\u00e7o n\u00e3o inclu\u00eddo<br \/>\n- Traslado Hotel - Porto n\u00e3o inclu\u00eddo (favor consultar)<\/li>\n<\/ul>\n<p>&nbsp;<\/p>\n<p>*Tarifas v\u00e1lidas at\u00e9 31\/03\/2026. Consulte a disponibilidade e as tarifas ap\u00f3s essa data por e-mail ou Whatsapp.<\/p>","protected":false},"excerpt":{"rendered":"<p>Tren del Fin del Mundo La actividad comienza desde su alojamiento entre las 7\/8 am. Recorreremos los primeros 8km y\u00a0 llegaremos a la estaci\u00f3n del Ferrocarril Austral Fueguino, el Tren del Fin del Mundo. Luego de cuarenta a\u00f1os sin funcionar, en 1994 el Tren del Fin del Mundo retom\u00f3 parte del antiguo recorrido que realizaba [&hellip;]<\/p>\n","protected":false},"featured_media":4412,"comment_status":"open","ping_status":"closed","template":"","meta":[],"product_brand":[],"product_cat":[30,18,21],"product_tag":[],"class_list":{"0":"post-7973","1":"product","2":"type-product","3":"status-publish","4":"has-post-thumbnail","6":"product_cat-promociones","7":"product_cat-ushuaia","8":"product_cat-verano","10":"first","11":"instock","12":"virtual","13":"sold-individually","14":"purchasable","15":"product-type-booking"},"booking_location":"","booking_location_type":"","booking_duration":1,"booking_duration_unit":"day","booking_buffer":0,"booking_cost":0,"booking_resources":[],"_links":{"self":[{"href":"https:\/\/terramar.tur.ar\/pt\/wp-json\/wp\/v2\/product\/7973","targetHints":{"allow":["GET"]}}],"collection":[{"href":"https:\/\/terramar.tur.ar\/pt\/wp-json\/wp\/v2\/product"}],"about":[{"href":"https:\/\/terramar.tur.ar\/pt\/wp-json\/wp\/v2\/types\/product"}],"replies":[{"embeddable":true,"href":"https:\/\/terramar.tur.ar\/pt\/wp-json\/wp\/v2\/comments?post=7973"}],"wp:featuredmedia":[{"embeddable":true,"href":"https:\/\/terramar.tur.ar\/pt\/wp-json\/wp\/v2\/media\/4412"}],"wp:attachment":[{"href":"https:\/\/terramar.tur.ar\/pt\/wp-json\/wp\/v2\/media?parent=7973"}],"wp:term":[{"taxonomy":"product_brand","embeddable":true,"href":"https:\/\/terramar.tur.ar\/pt\/wp-json\/wp\/v2\/product_brand?post=7973"},{"taxonomy":"product_cat","embeddable":true,"href":"https:\/\/terramar.tur.ar\/pt\/wp-json\/wp\/v2\/product_cat?post=7973"},{"taxonomy":"product_tag","embeddable":true,"href":"https:\/\/terramar.tur.ar\/pt\/wp-json\/wp\/v2\/product_tag?post=7973"}],"curies":[{"name":"wp","href":"https:\/\/api.w.org\/{rel}","templated":true}]}}